{"id":15879,"date":"2025-03-27T22:41:56","date_gmt":"2025-03-27T22:41:56","guid":{"rendered":"https:\/\/twentyninestore.com\/?post_type=product&#038;p=15879"},"modified":"2025-04-16T10:19:40","modified_gmt":"2025-04-16T10:19:40","slug":"cadre-decoratif","status":"publish","type":"product","link":"https:\/\/twentyninestore.com\/en\/product\/cadre-decoratif\/","title":{"rendered":"Cadre d\u00e9coratif"},"content":{"rendered":"<p>Plongez dans l\u2019\u00e9l\u00e9gance intemporelle avec notre cadre d\u00e9coratif en MDF effet bois. Avec son design raffin\u00e9 et sa finition authentique, ce cadre ajoute une touche de sophistication \u00e0 n\u2019importe quel espace. Parfait pour mettre en valeur vos photos pr\u00e9f\u00e9r\u00e9es ou \u0153uvres d\u2019art, ce cadre ajoute une dimension de chaleur et de style \u00e0 votre d\u00e9coration int\u00e9rieure. Offrez \u00e0 vos souvenirs un \u00e9crin d\u2019exception avec notre cadre d\u00e9coratif en MDF effet bois.<\/p>","protected":false},"excerpt":{"rendered":"<p>Plongez dans l\u2019\u00e9l\u00e9gance intemporelle avec notre cadre d\u00e9coratif en MDF effet bois. Avec son design raffin\u00e9 et sa finition authentique, ce cadre ajoute une touche de sophistication \u00e0 n\u2019importe quel espace. Parfait pour mettre en valeur vos photos pr\u00e9f\u00e9r\u00e9es ou \u0153uvres d\u2019art, ce cadre ajoute une dimension de chaleur et de style \u00e0 votre d\u00e9coration [&hellip;]<\/p>","protected":false},"featured_media":17589,"comment_status":"open","ping_status":"closed","template":"","meta":[],"product_brand":[],"product_cat":[998],"product_tag":[],"class_list":{"0":"post-15879","1":"product","2":"type-product","3":"status-publish","4":"has-post-thumbnail","6":"product_cat-decoration","8":"first","9":"instock","10":"shipping-taxable","11":"purchasable","12":"product-type-variable","13":"add-to-wishlist-after_add_to_cart"},"_links":{"self":[{"href":"https:\/\/twentyninestore.com\/en\/wp-json\/wp\/v2\/product\/15879","targetHints":{"allow":["GET"]}}],"collection":[{"href":"https:\/\/twentyninestore.com\/en\/wp-json\/wp\/v2\/product"}],"about":[{"href":"https:\/\/twentyninestore.com\/en\/wp-json\/wp\/v2\/types\/product"}],"replies":[{"embeddable":true,"href":"https:\/\/twentyninestore.com\/en\/wp-json\/wp\/v2\/comments?post=15879"}],"version-history":[{"count":4,"href":"https:\/\/twentyninestore.com\/en\/wp-json\/wp\/v2\/product\/15879\/revisions"}],"predecessor-version":[{"id":16570,"href":"https:\/\/twentyninestore.com\/en\/wp-json\/wp\/v2\/product\/15879\/revisions\/16570"}],"wp:featuredmedia":[{"embeddable":true,"href":"https:\/\/twentyninestore.com\/en\/wp-json\/wp\/v2\/media\/17589"}],"wp:attachment":[{"href":"https:\/\/twentyninestore.com\/en\/wp-json\/wp\/v2\/media?parent=15879"}],"wp:term":[{"taxonomy":"product_brand","embeddable":true,"href":"https:\/\/twentyninestore.com\/en\/wp-json\/wp\/v2\/product_brand?post=15879"},{"taxonomy":"product_cat","embeddable":true,"href":"https:\/\/twentyninestore.com\/en\/wp-json\/wp\/v2\/product_cat?post=15879"},{"taxonomy":"product_tag","embeddable":true,"href":"https:\/\/twentyninestore.com\/en\/wp-json\/wp\/v2\/product_tag?post=15879"}],"curies":[{"name":"wp","href":"https:\/\/api.w.org\/{rel}","templated":true}]}}