{"id":15903,"date":"2025-03-27T23:50:21","date_gmt":"2025-03-27T23:50:21","guid":{"rendered":"https:\/\/twentyninestore.com\/?post_type=product&#038;p=15903"},"modified":"2025-04-16T11:01:32","modified_gmt":"2025-04-16T11:01:32","slug":"dio-etagere-decoration-mini-l-milange-blanc-et-noir","status":"publish","type":"product","link":"https:\/\/twentyninestore.com\/en\/product\/dio-etagere-decoration-mini-l-milange-blanc-et-noir\/","title":{"rendered":"Dio \u00c9tag\u00e8re d\u00e9coration mini l milange blanc et noir"},"content":{"rendered":"<p>Apportez une touche contemporaine et \u00e9l\u00e9gante \u00e0 votre int\u00e9rieur avec l&rsquo;<strong>\u00e9tag\u00e8re d\u00e9corative Dio Mini L<\/strong>. Son design minimaliste en <strong>MDF stratifi\u00e9<\/strong> m\u00e9langeant le <strong>blanc et le noir<\/strong> en fait un \u00e9l\u00e9ment \u00e0 la fois pratique et esth\u00e9tique.<\/p>\n<p>Avec ses dimensions de <strong>80 x 10 x 10 cm<\/strong>, cette \u00e9tag\u00e8re murale est id\u00e9ale pour exposer vos objets d\u00e9coratifs, parfums, bougies ou petits accessoires tout en optimisant votre espace. Son format compact et son style \u00e9pur\u00e9 s\u2019adaptent parfaitement \u00e0 diff\u00e9rentes pi\u00e8ces : salon, chambre, entr\u00e9e ou salle de bain.<\/p>\n<p>Facile \u00e0 installer, l\u2019\u00e9tag\u00e8re Dio Mini L allie robustesse et raffinement pour un int\u00e9rieur moderne et bien organis\u00e9.<\/p>","protected":false},"excerpt":{"rendered":"<p>Apportez une touche contemporaine et \u00e9l\u00e9gante \u00e0 votre int\u00e9rieur avec l&rsquo;\u00e9tag\u00e8re d\u00e9corative Dio Mini L. Son design minimaliste en MDF stratifi\u00e9 m\u00e9langeant le blanc et le noir en fait un \u00e9l\u00e9ment \u00e0 la fois pratique et esth\u00e9tique. Avec ses dimensions de 80 x 10 x 10 cm, cette \u00e9tag\u00e8re murale est id\u00e9ale pour exposer vos [&hellip;]<\/p>","protected":false},"featured_media":17607,"comment_status":"open","ping_status":"closed","template":"","meta":[],"product_brand":[],"product_cat":[998],"product_tag":[],"class_list":{"0":"post-15903","1":"product","2":"type-product","3":"status-publish","4":"has-post-thumbnail","6":"product_cat-decoration","8":"first","9":"instock","10":"shipping-taxable","11":"purchasable","12":"product-type-simple","13":"add-to-wishlist-after_add_to_cart"},"_links":{"self":[{"href":"https:\/\/twentyninestore.com\/en\/wp-json\/wp\/v2\/product\/15903","targetHints":{"allow":["GET"]}}],"collection":[{"href":"https:\/\/twentyninestore.com\/en\/wp-json\/wp\/v2\/product"}],"about":[{"href":"https:\/\/twentyninestore.com\/en\/wp-json\/wp\/v2\/types\/product"}],"replies":[{"embeddable":true,"href":"https:\/\/twentyninestore.com\/en\/wp-json\/wp\/v2\/comments?post=15903"}],"version-history":[{"count":2,"href":"https:\/\/twentyninestore.com\/en\/wp-json\/wp\/v2\/product\/15903\/revisions"}],"predecessor-version":[{"id":16587,"href":"https:\/\/twentyninestore.com\/en\/wp-json\/wp\/v2\/product\/15903\/revisions\/16587"}],"wp:featuredmedia":[{"embeddable":true,"href":"https:\/\/twentyninestore.com\/en\/wp-json\/wp\/v2\/media\/17607"}],"wp:attachment":[{"href":"https:\/\/twentyninestore.com\/en\/wp-json\/wp\/v2\/media?parent=15903"}],"wp:term":[{"taxonomy":"product_brand","embeddable":true,"href":"https:\/\/twentyninestore.com\/en\/wp-json\/wp\/v2\/product_brand?post=15903"},{"taxonomy":"product_cat","embeddable":true,"href":"https:\/\/twentyninestore.com\/en\/wp-json\/wp\/v2\/product_cat?post=15903"},{"taxonomy":"product_tag","embeddable":true,"href":"https:\/\/twentyninestore.com\/en\/wp-json\/wp\/v2\/product_tag?post=15903"}],"curies":[{"name":"wp","href":"https:\/\/api.w.org\/{rel}","templated":true}]}}