{"id":16011,"date":"2025-03-28T01:41:30","date_gmt":"2025-03-28T01:41:30","guid":{"rendered":"https:\/\/twentyninestore.com\/?post_type=product&#038;p=16011"},"modified":"2025-04-13T18:25:02","modified_gmt":"2025-04-13T18:25:02","slug":"raviolis-a-pression","status":"publish","type":"product","link":"https:\/\/twentyninestore.com\/en\/product\/raviolis-a-pression\/","title":{"rendered":"raviolis \u00e0 pression"},"content":{"rendered":"<ul>\n<li>Pratique et facile \u00e0 faire des boulettes avec les enfants, pour un voyage culinaire<\/li>\n<li>Le design textur\u00e9 en relief est encore plus esth\u00e9tique que celui fabriqu\u00e9 \u00e0 la main, ce qui facilite l&rsquo;enroulement des raviolis avec une apparence \u00e9lev\u00e9e<\/li>\n<li>Forme exquise et facile \u00e0 emballer dans de belles boulettes<\/li>\n<li>Polypropyl\u00e8ne de qualit\u00e9 alimentaire, refusant le recyclage secondaire des mati\u00e8res premi\u00e8res<\/li>\n<\/ul>","protected":false},"excerpt":{"rendered":"<p>FE-DMCAT006<\/p>","protected":false},"featured_media":16012,"comment_status":"open","ping_status":"closed","template":"","meta":[],"product_brand":[],"product_cat":[1056],"product_tag":[],"class_list":{"0":"post-16011","1":"product","2":"type-product","3":"status-publish","4":"has-post-thumbnail","6":"product_cat-petits-equipements-et-ustensiles","8":"first","9":"instock","10":"shipping-taxable","11":"purchasable","12":"product-type-simple","13":"add-to-wishlist-after_add_to_cart"},"_links":{"self":[{"href":"https:\/\/twentyninestore.com\/en\/wp-json\/wp\/v2\/product\/16011","targetHints":{"allow":["GET"]}}],"collection":[{"href":"https:\/\/twentyninestore.com\/en\/wp-json\/wp\/v2\/product"}],"about":[{"href":"https:\/\/twentyninestore.com\/en\/wp-json\/wp\/v2\/types\/product"}],"replies":[{"embeddable":true,"href":"https:\/\/twentyninestore.com\/en\/wp-json\/wp\/v2\/comments?post=16011"}],"version-history":[{"count":1,"href":"https:\/\/twentyninestore.com\/en\/wp-json\/wp\/v2\/product\/16011\/revisions"}],"predecessor-version":[{"id":16016,"href":"https:\/\/twentyninestore.com\/en\/wp-json\/wp\/v2\/product\/16011\/revisions\/16016"}],"wp:featuredmedia":[{"embeddable":true,"href":"https:\/\/twentyninestore.com\/en\/wp-json\/wp\/v2\/media\/16012"}],"wp:attachment":[{"href":"https:\/\/twentyninestore.com\/en\/wp-json\/wp\/v2\/media?parent=16011"}],"wp:term":[{"taxonomy":"product_brand","embeddable":true,"href":"https:\/\/twentyninestore.com\/en\/wp-json\/wp\/v2\/product_brand?post=16011"},{"taxonomy":"product_cat","embeddable":true,"href":"https:\/\/twentyninestore.com\/en\/wp-json\/wp\/v2\/product_cat?post=16011"},{"taxonomy":"product_tag","embeddable":true,"href":"https:\/\/twentyninestore.com\/en\/wp-json\/wp\/v2\/product_tag?post=16011"}],"curies":[{"name":"wp","href":"https:\/\/api.w.org\/{rel}","templated":true}]}}