{"id":16053,"date":"2025-03-28T02:18:06","date_gmt":"2025-03-28T02:18:06","guid":{"rendered":"https:\/\/twentyninestore.com\/?post_type=product&#038;p=16053"},"modified":"2025-04-08T10:18:41","modified_gmt":"2025-04-08T10:18:41","slug":"tronconneuse-electrique-sans-fil-de-6-pouces-mini","status":"publish","type":"product","link":"https:\/\/twentyninestore.com\/en\/product\/tronconneuse-electrique-sans-fil-de-6-pouces-mini\/","title":{"rendered":"Tronconneuse Electrique Sans Fil de 6 Pouces Mini"},"content":{"rendered":"<ul>\n<li>\u3010Tron\u00e7onneuse puissante et coupe efficace\u3011Cette tron\u00e7onneuse \u00e9lectrique est \u00e9quip\u00e9e d&rsquo;un moteur en cuivre pur de haute puissance. La vitesse du moteur puissant jusqu&rsquo;\u00e0 40 pieds\/s, 600W de puissance de sortie peut \u00eatre coup\u00e9 en 10 secondes un diam\u00e8tre de 6 pouces de bois dur. Le couple puissant vous permet de couper facilement les branches, les arbres. Largement utilis\u00e9e dans les jardins, fermes, parcs, for\u00eats, p\u00e2turages, vergers, serres.<\/li>\n<li>\u3010Exclusivit\u00e9 de la mini-scie \u00e0 cha\u00eene am\u00e9lior\u00e9e\u3011Cette scie \u00e0 cha\u00eene est con\u00e7ue conjointement par les ing\u00e9nieurs de DE et JP. De nombreux utilisateurs se plaignent que leurs scies \u00e0 main ont tendance \u00e0 chauffer, \u00e0 manquer de puissance, \u00e0 provoquer des incendies de moteur, \u00e0 avoir une courte dur\u00e9e de vie de la batterie, \u00e0 se coincer facilement, etc. Nos ing\u00e9nieurs ont donc compl\u00e8tement le syst\u00e8me de moteur et la carte de circuit de contr\u00f4le int\u00e9gr\u00e9e, rendant la coupe plus efficace, plus rapide.<\/li>\n<li>\u3010Scie sans fil \u00e0 protection multiple\u3011Pour prot\u00e9ger votre mari, notre scie \u00e9lectrique est prot\u00e9g\u00e9e par les mesures de s\u00e9curit\u00e9 les plus strictes \u00e0 4 couches. Verrouillage de s\u00e9curit\u00e9 pour emp\u00eacher le d\u00e9marrage accidentel. Protection de la lame pour \u00e9viter les blessures en cas de pression avec l&rsquo;autre main. La protection de la poign\u00e9e s\u00e9pare la main. Lorsque vous utilisez une scie portable, veuillez porter des v\u00eatements et retirer la batterie lorsque vous avez fini de travailler.<\/li>\n<li>\u3010Longue dur\u00e9e de vie de la batterie\u3011La tron\u00e7onneuse manuelle est \u00e9quip\u00e9e de 2*21V et de 2000mAh de haute capacit\u00e9, qui peuvent fournir une puissance plus durable avec environ 60 minutes d&rsquo;utilisation continue. Emballage : 1*mini-scie 6&Prime;, 2*batteries, 2*cha\u00eenes, 1*chargeur, 1 *tournevis, etc., avec instructions illustr\u00e9es de la tron\u00e7onneuse, fonctionnement pas \u00e0 pas. Pour des raisons de s\u00e9curit\u00e9, veuillez retirer la batterie de la tron\u00e7onneuse lorsque vous ne l&rsquo;utilisez pas.<\/li>\n<li>\u3010Mini tron\u00e7onneuse portable \u00e0 batterie de 6 pouces\u3011Cette tron\u00e7onneuse manuelle de 6 pouces cordles a un corps de 2,7Lbs, puissante et poign\u00e9e ergonomique, tron\u00e7onneuse \u00e0 une main peut entrer dans l&rsquo;espace \u00e9troit o\u00f9 la grande tron\u00e7onneuse \u00e9lectrique traditionnelle ne peut pas entrer.Les femmes et les personnes \u00e2g\u00e9es sont faciles \u00e0 utiliser la tron\u00e7onneuse \u00e0 batterie 21v, et ne se sentiront pas fatigu\u00e9s apr\u00e8s une longue p\u00e9riode d&rsquo;utilisation de la tron\u00e7onneuse manuelle.<\/li>\n<li>\u3010Garantie apr\u00e8s-vente\u3011Nous accordons plus d&rsquo;attention \u00e0 la qualit\u00e9 de la tron\u00e7onneuse portative que nos clients, notre tron\u00e7onneuse a une certification CE professionnelle et des rapports d&rsquo;inspection.Si vous rencontrez un probl\u00e8me lors de l&rsquo;utilisation de cette mini-scie, veuillez nous contacter, nous le r\u00e9soudrons pour vous sous 24 heures. Note : Nos scies \u00e0 cha\u00eene portatives sont d\u00e9j\u00e0 install\u00e9es \u00e0 l&rsquo;usine. Apr\u00e8s avoir ouvert l&#8217;emballage, il vous suffit d&rsquo;ins\u00e9rer la batterie pour l&rsquo;utiliser.<\/li>\n<li>\u3010Conseils d&rsquo;utilisation\u3011 La mini tron\u00e7onneuse sans fil utilise un moteur \u00e0 balais, qui est con\u00e7u pour maintenir la puissance de la tron\u00e7onneuse et vous faciliter le processus. En m\u00eame temps, les \u00e9tincelles statiques dans les trous de refroidissement du moteur de la tron\u00e7onneuse lorsque vous utilisez cette mini tron\u00e7onneuse n&rsquo;affecteront pas votre utilisation normale et s\u00fbre de la tron\u00e7onneuse.<\/li>\n<\/ul>","protected":false},"excerpt":{"rendered":"<p>FE-DMEAJ004<\/p>","protected":false},"featured_media":16054,"comment_status":"open","ping_status":"closed","template":"","meta":[],"product_brand":[],"product_cat":[1004],"product_tag":[],"class_list":{"0":"post-16053","1":"product","2":"type-product","3":"status-publish","4":"has-post-thumbnail","6":"product_cat-exterieur-jardin","8":"first","9":"instock","10":"shipping-taxable","11":"purchasable","12":"product-type-simple","13":"add-to-wishlist-after_add_to_cart"},"_links":{"self":[{"href":"https:\/\/twentyninestore.com\/en\/wp-json\/wp\/v2\/product\/16053","targetHints":{"allow":["GET"]}}],"collection":[{"href":"https:\/\/twentyninestore.com\/en\/wp-json\/wp\/v2\/product"}],"about":[{"href":"https:\/\/twentyninestore.com\/en\/wp-json\/wp\/v2\/types\/product"}],"replies":[{"embeddable":true,"href":"https:\/\/twentyninestore.com\/en\/wp-json\/wp\/v2\/comments?post=16053"}],"version-history":[{"count":1,"href":"https:\/\/twentyninestore.com\/en\/wp-json\/wp\/v2\/product\/16053\/revisions"}],"predecessor-version":[{"id":16060,"href":"https:\/\/twentyninestore.com\/en\/wp-json\/wp\/v2\/product\/16053\/revisions\/16060"}],"wp:featuredmedia":[{"embeddable":true,"href":"https:\/\/twentyninestore.com\/en\/wp-json\/wp\/v2\/media\/16054"}],"wp:attachment":[{"href":"https:\/\/twentyninestore.com\/en\/wp-json\/wp\/v2\/media?parent=16053"}],"wp:term":[{"taxonomy":"product_brand","embeddable":true,"href":"https:\/\/twentyninestore.com\/en\/wp-json\/wp\/v2\/product_brand?post=16053"},{"taxonomy":"product_cat","embeddable":true,"href":"https:\/\/twentyninestore.com\/en\/wp-json\/wp\/v2\/product_cat?post=16053"},{"taxonomy":"product_tag","embeddable":true,"href":"https:\/\/twentyninestore.com\/en\/wp-json\/wp\/v2\/product_tag?post=16053"}],"curies":[{"name":"wp","href":"https:\/\/api.w.org\/{rel}","templated":true}]}}