{"id":16070,"date":"2025-03-28T02:26:10","date_gmt":"2025-03-28T02:26:10","guid":{"rendered":"https:\/\/twentyninestore.com\/?post_type=product&#038;p=16070"},"modified":"2025-04-08T10:21:17","modified_gmt":"2025-04-08T10:21:17","slug":"adaptateur-tronconneuse","status":"publish","type":"product","link":"https:\/\/twentyninestore.com\/en\/product\/adaptateur-tronconneuse\/","title":{"rendered":"Adaptateur tronconneuse"},"content":{"rendered":"<p>clear<\/p>\n<p>minshar jinziriun kahrabayiyun saghir liasilkiun saghir mahmul mae waqi &lsquo;aman min alradhadh wazar miftah &lsquo;aman, minshar jinziriun saghir liqate furue al&rsquo;ashjar fi alfana&rsquo; almazaya: &#8211; sureat eadam tahmil minshar silsilat altaaqat tasil &lsquo;iilaa 2800 dawrat fi aldaqiqati, wayastaghriq hawalay 10 thwan liqate alkhashab biqatar 5.9 ansh tqryban. &#8211; &lsquo;iida&rsquo;at lid &#8211; &lsquo;adafat maqasaat alhadiqat alkahrabayiyat almutawarat &lsquo;iida&rsquo;atan LED, mimaa yasmah lak bialeamal bidun qalaq fi alzalami. &#8211; bataariat lithyum qawiat 1500 milli &lsquo;ambir fi alsaaea &#8211; yahtawi alminshar aljinziriu lilbataariat ealaa bataariat lithyum bisieat kabirat 1500 mili ambir fi alsaaeat mae eumar bataariatan qui, mimaa yutih lak tasjil aldukhul bisuhulatin. mashhunat bialkamil yumkinuha ruyat 100 &lsquo;iilaa 150 qiteat min alkhashab 8 sam. &#8211; majmueat wasieat min alaistikhdamat &#8211; qitaeat alfurue alkahrabayiyat rayieatan lilaistikhdam fi alhawa&rsquo; altaliq walhadiqat walaistikhdam alyawmiu waqate alkhashab wataqlim &lsquo;ashjar alfakihat wataqlim alfurue waqite al&rsquo;ashjari. &#8211; tama tarkib minshar alsilsilat bialkamili, ma ealayk siwaa aistikhdam miftah alrabt almawjud fi alsunduq litahwil almismar lidabt al&rsquo;iihkami, wakhyraan shada albarghi.<\/p>\n<p>Afficher plus<\/p>\n<p>918\u00a0\/\u00a05\u202f000<\/p>\n<h2>R\u00e9sultats de traduction<\/h2>\n<h3>R\u00e9sultat de traduction<\/h3>\n<p>Mini tron\u00e7onneuse \u00e9lectrique sans fil portable avec protection anti-\u00e9claboussures et bouton de s\u00e9curit\u00e9, mini tron\u00e7onneuse pour couper les branches d&rsquo;arbres dans la cour<\/p>","protected":false},"excerpt":{"rendered":"<p>FE-DMEAJ006<\/p>","protected":false},"featured_media":16078,"comment_status":"open","ping_status":"closed","template":"","meta":[],"product_brand":[],"product_cat":[1004],"product_tag":[],"class_list":{"0":"post-16070","1":"product","2":"type-product","3":"status-publish","4":"has-post-thumbnail","6":"product_cat-exterieur-jardin","8":"first","9":"instock","10":"shipping-taxable","11":"purchasable","12":"product-type-simple","13":"add-to-wishlist-after_add_to_cart"},"_links":{"self":[{"href":"https:\/\/twentyninestore.com\/en\/wp-json\/wp\/v2\/product\/16070","targetHints":{"allow":["GET"]}}],"collection":[{"href":"https:\/\/twentyninestore.com\/en\/wp-json\/wp\/v2\/product"}],"about":[{"href":"https:\/\/twentyninestore.com\/en\/wp-json\/wp\/v2\/types\/product"}],"replies":[{"embeddable":true,"href":"https:\/\/twentyninestore.com\/en\/wp-json\/wp\/v2\/comments?post=16070"}],"version-history":[{"count":1,"href":"https:\/\/twentyninestore.com\/en\/wp-json\/wp\/v2\/product\/16070\/revisions"}],"predecessor-version":[{"id":16082,"href":"https:\/\/twentyninestore.com\/en\/wp-json\/wp\/v2\/product\/16070\/revisions\/16082"}],"wp:featuredmedia":[{"embeddable":true,"href":"https:\/\/twentyninestore.com\/en\/wp-json\/wp\/v2\/media\/16078"}],"wp:attachment":[{"href":"https:\/\/twentyninestore.com\/en\/wp-json\/wp\/v2\/media?parent=16070"}],"wp:term":[{"taxonomy":"product_brand","embeddable":true,"href":"https:\/\/twentyninestore.com\/en\/wp-json\/wp\/v2\/product_brand?post=16070"},{"taxonomy":"product_cat","embeddable":true,"href":"https:\/\/twentyninestore.com\/en\/wp-json\/wp\/v2\/product_cat?post=16070"},{"taxonomy":"product_tag","embeddable":true,"href":"https:\/\/twentyninestore.com\/en\/wp-json\/wp\/v2\/product_tag?post=16070"}],"curies":[{"name":"wp","href":"https:\/\/api.w.org\/{rel}","templated":true}]}}