{"id":16109,"date":"2025-03-28T04:24:30","date_gmt":"2025-03-28T04:24:30","guid":{"rendered":"https:\/\/twentyninestore.com\/?post_type=product&#038;p=16109"},"modified":"2025-04-14T07:45:25","modified_gmt":"2025-04-14T07:45:25","slug":"boite-a-lunch-en-acier-inoxydable","status":"publish","type":"product","link":"https:\/\/twentyninestore.com\/en\/product\/boite-a-lunch-en-acier-inoxydable\/","title":{"rendered":"bo\u00eete \u00e0 lunch en acier inoxydable"},"content":{"rendered":"<ul>\n<li><strong>Capacit\u00e9: 1-3L<\/strong><\/li>\n<li><strong>Dispositif de r\u00e9cipient de nourriture: Pr\u00e9servation de la fra\u00eecheur, Portable, Preuve de fuite, Multi-layer<\/strong><\/li>\n<li><strong>Mat\u00e9riel: Acier inoxydable<\/strong><\/li>\n<li><strong>Nombre de Tiers: &gt; 3 niveaux<\/strong><\/li>\n<\/ul>","protected":false},"excerpt":{"rendered":"<p>FE-DMCAT044<\/p>","protected":false},"featured_media":16680,"comment_status":"open","ping_status":"closed","template":"","meta":[],"product_brand":[],"product_cat":[1056],"product_tag":[],"class_list":{"0":"post-16109","1":"product","2":"type-product","3":"status-publish","4":"has-post-thumbnail","6":"product_cat-petits-equipements-et-ustensiles","8":"first","9":"instock","10":"shipping-taxable","11":"purchasable","12":"product-type-variable","13":"add-to-wishlist-after_add_to_cart"},"_links":{"self":[{"href":"https:\/\/twentyninestore.com\/en\/wp-json\/wp\/v2\/product\/16109","targetHints":{"allow":["GET"]}}],"collection":[{"href":"https:\/\/twentyninestore.com\/en\/wp-json\/wp\/v2\/product"}],"about":[{"href":"https:\/\/twentyninestore.com\/en\/wp-json\/wp\/v2\/types\/product"}],"replies":[{"embeddable":true,"href":"https:\/\/twentyninestore.com\/en\/wp-json\/wp\/v2\/comments?post=16109"}],"version-history":[{"count":1,"href":"https:\/\/twentyninestore.com\/en\/wp-json\/wp\/v2\/product\/16109\/revisions"}],"predecessor-version":[{"id":16110,"href":"https:\/\/twentyninestore.com\/en\/wp-json\/wp\/v2\/product\/16109\/revisions\/16110"}],"wp:featuredmedia":[{"embeddable":true,"href":"https:\/\/twentyninestore.com\/en\/wp-json\/wp\/v2\/media\/16680"}],"wp:attachment":[{"href":"https:\/\/twentyninestore.com\/en\/wp-json\/wp\/v2\/media?parent=16109"}],"wp:term":[{"taxonomy":"product_brand","embeddable":true,"href":"https:\/\/twentyninestore.com\/en\/wp-json\/wp\/v2\/product_brand?post=16109"},{"taxonomy":"product_cat","embeddable":true,"href":"https:\/\/twentyninestore.com\/en\/wp-json\/wp\/v2\/product_cat?post=16109"},{"taxonomy":"product_tag","embeddable":true,"href":"https:\/\/twentyninestore.com\/en\/wp-json\/wp\/v2\/product_tag?post=16109"}],"curies":[{"name":"wp","href":"https:\/\/api.w.org\/{rel}","templated":true}]}}