{"id":16265,"date":"2025-03-30T02:41:58","date_gmt":"2025-03-30T02:41:58","guid":{"rendered":"https:\/\/twentyninestore.com\/?post_type=product&#038;p=16265"},"modified":"2025-04-14T09:30:35","modified_gmt":"2025-04-14T09:30:35","slug":"sac-de-caddie-pliable","status":"publish","type":"product","link":"https:\/\/twentyninestore.com\/en\/product\/sac-de-caddie-pliable\/","title":{"rendered":"Sac de caddie pliable"},"content":{"rendered":"<ul>\n<li>Pliable : ce chariot de courses peut \u00eatre pli\u00e9 sur une surface plane lorsqu&rsquo;il n&rsquo;est pas utilis\u00e9, peut \u00eatre pli\u00e9 de mani\u00e8re compacte et est tr\u00e8s appropri\u00e9 for \u00eatre plac\u00e9 dans votre coffre, votre armoire alimentaire ou votre garage.<\/li>\n<li>Grande capacit\u00e9 : un panier pratique et robuste, qui offre beaucoup d&rsquo;espace et a une grande capacit\u00e9, suffisante for contenir les n\u00e9cessit\u00e9s de la vie.<\/li>\n<li>Forte capacit\u00e9 portante : sa capacit\u00e9 de charge est \u00e9galement grande et les roues offrent un excellent soutien, ce qui le rend tr\u00e8s confortable m\u00eame lorsqu&rsquo;il est compl\u00e8tement charg\u00e9.<\/li>\n<li>R\u00e9sistance aux intemp\u00e9ries : ce mat\u00e9riau r\u00e9sistant aux intemp\u00e9ries peut garder vos v\u00eatements au sec et \u00e0 l&rsquo;abri de la pluie, de la neige et d&rsquo;autres forces.<\/li>\n<li>Portable : il s&rsquo;agit d&rsquo;un panier portable, pratique et pratique, afin que vous puissiez ranger le panier apr\u00e8s vos achats.<\/li>\n<\/ul>","protected":false},"excerpt":{"rendered":"<p>FE-DMCAT021<\/p>","protected":false},"featured_media":16266,"comment_status":"open","ping_status":"closed","template":"","meta":[],"product_brand":[],"product_cat":[1056],"product_tag":[],"class_list":{"0":"post-16265","1":"product","2":"type-product","3":"status-publish","4":"has-post-thumbnail","6":"product_cat-petits-equipements-et-ustensiles","8":"first","9":"instock","10":"shipping-taxable","11":"purchasable","12":"product-type-simple","13":"add-to-wishlist-after_add_to_cart"},"_links":{"self":[{"href":"https:\/\/twentyninestore.com\/en\/wp-json\/wp\/v2\/product\/16265","targetHints":{"allow":["GET"]}}],"collection":[{"href":"https:\/\/twentyninestore.com\/en\/wp-json\/wp\/v2\/product"}],"about":[{"href":"https:\/\/twentyninestore.com\/en\/wp-json\/wp\/v2\/types\/product"}],"replies":[{"embeddable":true,"href":"https:\/\/twentyninestore.com\/en\/wp-json\/wp\/v2\/comments?post=16265"}],"version-history":[{"count":1,"href":"https:\/\/twentyninestore.com\/en\/wp-json\/wp\/v2\/product\/16265\/revisions"}],"predecessor-version":[{"id":16267,"href":"https:\/\/twentyninestore.com\/en\/wp-json\/wp\/v2\/product\/16265\/revisions\/16267"}],"wp:featuredmedia":[{"embeddable":true,"href":"https:\/\/twentyninestore.com\/en\/wp-json\/wp\/v2\/media\/16266"}],"wp:attachment":[{"href":"https:\/\/twentyninestore.com\/en\/wp-json\/wp\/v2\/media?parent=16265"}],"wp:term":[{"taxonomy":"product_brand","embeddable":true,"href":"https:\/\/twentyninestore.com\/en\/wp-json\/wp\/v2\/product_brand?post=16265"},{"taxonomy":"product_cat","embeddable":true,"href":"https:\/\/twentyninestore.com\/en\/wp-json\/wp\/v2\/product_cat?post=16265"},{"taxonomy":"product_tag","embeddable":true,"href":"https:\/\/twentyninestore.com\/en\/wp-json\/wp\/v2\/product_tag?post=16265"}],"curies":[{"name":"wp","href":"https:\/\/api.w.org\/{rel}","templated":true}]}}