{"id":16281,"date":"2025-03-30T02:59:53","date_gmt":"2025-03-30T02:59:53","guid":{"rendered":"https:\/\/twentyninestore.com\/?post_type=product&#038;p=16281"},"modified":"2025-04-08T10:26:00","modified_gmt":"2025-04-08T10:26:00","slug":"set-de-trois-valises-titou","status":"publish","type":"product","link":"https:\/\/twentyninestore.com\/en\/product\/set-de-trois-valises-titou\/","title":{"rendered":"set de trois valises-titou"},"content":{"rendered":"<p>Ces valises sont parfaites pour tous vos voyages ! Styl\u00e9e et \u00e0 la pointe de la mode \u00c9quip\u00e9 de roues pivotantes \u00e0 360\u00b0, d&rsquo;une poign\u00e9e r\u00e9tractable \u00e0 bouton-poussoir.<\/p>","protected":false},"excerpt":{"rendered":"<p>Ces valises sont parfaites pour tous vos voyages ! Styl\u00e9e et \u00e0 la pointe de la mode \u00c9quip\u00e9 de roues pivotantes \u00e0 360\u00b0, d&rsquo;une poign\u00e9e r\u00e9tractable \u00e0 bouton-poussoir.<\/p>","protected":false},"featured_media":16282,"comment_status":"open","ping_status":"closed","template":"","meta":[],"product_brand":[],"product_cat":[1013],"product_tag":[],"class_list":{"0":"post-16281","1":"product","2":"type-product","3":"status-publish","4":"has-post-thumbnail","6":"product_cat-sacs-et-bagages","8":"first","9":"instock","10":"shipping-taxable","11":"purchasable","12":"product-type-variable","13":"add-to-wishlist-after_add_to_cart"},"_links":{"self":[{"href":"https:\/\/twentyninestore.com\/en\/wp-json\/wp\/v2\/product\/16281","targetHints":{"allow":["GET"]}}],"collection":[{"href":"https:\/\/twentyninestore.com\/en\/wp-json\/wp\/v2\/product"}],"about":[{"href":"https:\/\/twentyninestore.com\/en\/wp-json\/wp\/v2\/types\/product"}],"replies":[{"embeddable":true,"href":"https:\/\/twentyninestore.com\/en\/wp-json\/wp\/v2\/comments?post=16281"}],"version-history":[{"count":2,"href":"https:\/\/twentyninestore.com\/en\/wp-json\/wp\/v2\/product\/16281\/revisions"}],"predecessor-version":[{"id":16827,"href":"https:\/\/twentyninestore.com\/en\/wp-json\/wp\/v2\/product\/16281\/revisions\/16827"}],"wp:featuredmedia":[{"embeddable":true,"href":"https:\/\/twentyninestore.com\/en\/wp-json\/wp\/v2\/media\/16282"}],"wp:attachment":[{"href":"https:\/\/twentyninestore.com\/en\/wp-json\/wp\/v2\/media?parent=16281"}],"wp:term":[{"taxonomy":"product_brand","embeddable":true,"href":"https:\/\/twentyninestore.com\/en\/wp-json\/wp\/v2\/product_brand?post=16281"},{"taxonomy":"product_cat","embeddable":true,"href":"https:\/\/twentyninestore.com\/en\/wp-json\/wp\/v2\/product_cat?post=16281"},{"taxonomy":"product_tag","embeddable":true,"href":"https:\/\/twentyninestore.com\/en\/wp-json\/wp\/v2\/product_tag?post=16281"}],"curies":[{"name":"wp","href":"https:\/\/api.w.org\/{rel}","templated":true}]}}