{"id":16326,"date":"2025-03-30T03:45:44","date_gmt":"2025-03-30T03:45:44","guid":{"rendered":"https:\/\/twentyninestore.com\/?post_type=product&#038;p=16326"},"modified":"2025-04-08T10:33:09","modified_gmt":"2025-04-08T10:33:09","slug":"meilleur-trousse-de-voyage-de-grande-capacite","status":"publish","type":"product","link":"https:\/\/twentyninestore.com\/en\/product\/meilleur-trousse-de-voyage-de-grande-capacite\/","title":{"rendered":"Meilleur Trousse De Voyage De Grande Capacit\u00e9"},"content":{"rendered":"<p>Tissu Oxford durable pour plus de style et de durabilit\u00e9.<\/p>\n<p>&nbsp;<\/p>\n<p>\ud83d\udc48 Le design spacieux de 24*18,5*9,5 cm vous permet de ranger toutes vos fournitures de beaut\u00e9 et plus d&rsquo;accessoires<\/p>\n<p>&nbsp;<\/p>\n<p>\ud83d\udc48 Equip\u00e9 d&rsquo;une fermeture en m\u00e9tal pour donner une touche finale sophistiqu\u00e9e<\/p>\n<p>&nbsp;<\/p>\n<p>\ud83d\udc48 Con\u00e7u avec une doublure \u00e0 s\u00e9chage rapide pour garder vos essentiels propres et secs<\/p>","protected":false},"excerpt":{"rendered":"<p>Tissu Oxford durable pour plus de style et de durabilit\u00e9. &nbsp; \ud83d\udc48 Le design spacieux de 24*18,5*9,5 cm vous permet de ranger toutes vos fournitures de beaut\u00e9 et plus d&rsquo;accessoires &nbsp; \ud83d\udc48 Equip\u00e9 d&rsquo;une fermeture en m\u00e9tal pour donner une touche finale sophistiqu\u00e9e &nbsp; \ud83d\udc48 Con\u00e7u avec une doublure \u00e0 s\u00e9chage rapide pour garder vos [&hellip;]<\/p>","protected":false},"featured_media":16327,"comment_status":"open","ping_status":"closed","template":"","meta":[],"product_brand":[],"product_cat":[1013],"product_tag":[],"class_list":{"0":"post-16326","1":"product","2":"type-product","3":"status-publish","4":"has-post-thumbnail","6":"product_cat-sacs-et-bagages","8":"first","9":"instock","10":"shipping-taxable","11":"purchasable","12":"product-type-simple","13":"add-to-wishlist-after_add_to_cart"},"_links":{"self":[{"href":"https:\/\/twentyninestore.com\/en\/wp-json\/wp\/v2\/product\/16326","targetHints":{"allow":["GET"]}}],"collection":[{"href":"https:\/\/twentyninestore.com\/en\/wp-json\/wp\/v2\/product"}],"about":[{"href":"https:\/\/twentyninestore.com\/en\/wp-json\/wp\/v2\/types\/product"}],"replies":[{"embeddable":true,"href":"https:\/\/twentyninestore.com\/en\/wp-json\/wp\/v2\/comments?post=16326"}],"version-history":[{"count":2,"href":"https:\/\/twentyninestore.com\/en\/wp-json\/wp\/v2\/product\/16326\/revisions"}],"predecessor-version":[{"id":16829,"href":"https:\/\/twentyninestore.com\/en\/wp-json\/wp\/v2\/product\/16326\/revisions\/16829"}],"wp:featuredmedia":[{"embeddable":true,"href":"https:\/\/twentyninestore.com\/en\/wp-json\/wp\/v2\/media\/16327"}],"wp:attachment":[{"href":"https:\/\/twentyninestore.com\/en\/wp-json\/wp\/v2\/media?parent=16326"}],"wp:term":[{"taxonomy":"product_brand","embeddable":true,"href":"https:\/\/twentyninestore.com\/en\/wp-json\/wp\/v2\/product_brand?post=16326"},{"taxonomy":"product_cat","embeddable":true,"href":"https:\/\/twentyninestore.com\/en\/wp-json\/wp\/v2\/product_cat?post=16326"},{"taxonomy":"product_tag","embeddable":true,"href":"https:\/\/twentyninestore.com\/en\/wp-json\/wp\/v2\/product_tag?post=16326"}],"curies":[{"name":"wp","href":"https:\/\/api.w.org\/{rel}","templated":true}]}}