{"id":16392,"date":"2025-03-30T04:34:04","date_gmt":"2025-03-30T04:34:04","guid":{"rendered":"https:\/\/twentyninestore.com\/?post_type=product&#038;p=16392"},"modified":"2025-04-08T10:53:16","modified_gmt":"2025-04-08T10:53:16","slug":"housse-de-rangement-soiree-1-60x60","status":"publish","type":"product","link":"https:\/\/twentyninestore.com\/en\/product\/housse-de-rangement-soiree-1-60x60\/","title":{"rendered":"Housse de Rangement (soir\u00e9e) 1.60&#215;60"},"content":{"rendered":"<p>Housse de Robe soir\u00e9e et Costume<\/p>\n<p>Dimensions :<\/p>\n<p>Robe soir\u00e9e :1.60&#215;60<\/p>\n<p>l&rsquo;housse de Rangements \u00e0 suspendre vous offre une flexibilit\u00e9 optimale et des possibilit\u00e9s de transport fiables pour le rangement de costumes, vestes, manteaux, cuir, chemises, robes et de nombreux autres v\u00eatements. Vous aide \u00e0 organiser et \u00e0 ranger parfaitement vos v\u00eatements. Vous prot\u00e8ge contre les agressions de vos v\u00eatements.<\/p>","protected":false},"excerpt":{"rendered":"<p>FE-CASB022<\/p>","protected":false},"featured_media":16384,"comment_status":"open","ping_status":"closed","template":"","meta":[],"product_brand":[],"product_cat":[1013],"product_tag":[],"class_list":{"0":"post-16392","1":"product","2":"type-product","3":"status-publish","4":"has-post-thumbnail","6":"product_cat-sacs-et-bagages","8":"first","9":"instock","10":"shipping-taxable","11":"purchasable","12":"product-type-simple","13":"add-to-wishlist-after_add_to_cart"},"_links":{"self":[{"href":"https:\/\/twentyninestore.com\/en\/wp-json\/wp\/v2\/product\/16392","targetHints":{"allow":["GET"]}}],"collection":[{"href":"https:\/\/twentyninestore.com\/en\/wp-json\/wp\/v2\/product"}],"about":[{"href":"https:\/\/twentyninestore.com\/en\/wp-json\/wp\/v2\/types\/product"}],"replies":[{"embeddable":true,"href":"https:\/\/twentyninestore.com\/en\/wp-json\/wp\/v2\/comments?post=16392"}],"version-history":[{"count":1,"href":"https:\/\/twentyninestore.com\/en\/wp-json\/wp\/v2\/product\/16392\/revisions"}],"predecessor-version":[{"id":16393,"href":"https:\/\/twentyninestore.com\/en\/wp-json\/wp\/v2\/product\/16392\/revisions\/16393"}],"wp:featuredmedia":[{"embeddable":true,"href":"https:\/\/twentyninestore.com\/en\/wp-json\/wp\/v2\/media\/16384"}],"wp:attachment":[{"href":"https:\/\/twentyninestore.com\/en\/wp-json\/wp\/v2\/media?parent=16392"}],"wp:term":[{"taxonomy":"product_brand","embeddable":true,"href":"https:\/\/twentyninestore.com\/en\/wp-json\/wp\/v2\/product_brand?post=16392"},{"taxonomy":"product_cat","embeddable":true,"href":"https:\/\/twentyninestore.com\/en\/wp-json\/wp\/v2\/product_cat?post=16392"},{"taxonomy":"product_tag","embeddable":true,"href":"https:\/\/twentyninestore.com\/en\/wp-json\/wp\/v2\/product_tag?post=16392"}],"curies":[{"name":"wp","href":"https:\/\/api.w.org\/{rel}","templated":true}]}}