{"id":16492,"date":"2025-03-30T05:58:24","date_gmt":"2025-03-30T05:58:24","guid":{"rendered":"https:\/\/twentyninestore.com\/?post_type=product&#038;p=16492"},"modified":"2025-04-08T12:04:34","modified_gmt":"2025-04-08T12:04:34","slug":"ecouteurs-bluetooth-m10","status":"publish","type":"product","link":"https:\/\/twentyninestore.com\/en\/product\/ecouteurs-bluetooth-m10\/","title":{"rendered":"\u00c9couteurs Bluetooth M10"},"content":{"rendered":"<ul>\n<li><strong>Technologie de connectivit\u00e9: Bluetooth<\/strong><\/li>\n<li><strong>Caract\u00e9ristiques sp\u00e9ciales: R\u00e9sistance \u00e0 la transpiration, l\u00e9g\u00e8ret\u00e9, r\u00e9duction du bruit, batterie rechargeable<\/strong><\/li>\n<li><strong>Composants inclus: \u00e9couteurs, \u00e9tui de chargement<\/strong><\/li>\n<li><strong>Type de commande: Commande tactile<\/strong><\/li>\n<li><strong>R\u00e9sistance \u00e0 l\u2019eau<\/strong><\/li>\n<li><strong>Gamme de fr\u00e9quences 20Hz-20kHz<\/strong><\/li>\n<\/ul>","protected":false},"excerpt":{"rendered":"<p>Technologie de connectivit\u00e9: Bluetooth Caract\u00e9ristiques sp\u00e9ciales: R\u00e9sistance \u00e0 la transpiration, l\u00e9g\u00e8ret\u00e9, r\u00e9duction du bruit, batterie rechargeable Composants inclus: \u00e9couteurs, \u00e9tui de chargement Type de commande: Commande tactile R\u00e9sistance \u00e0 l\u2019eau Gamme de fr\u00e9quences 20Hz-20kHz<\/p>","protected":false},"featured_media":16493,"comment_status":"open","ping_status":"closed","template":"","meta":[],"product_brand":[],"product_cat":[1039],"product_tag":[],"class_list":{"0":"post-16492","1":"product","2":"type-product","3":"status-publish","4":"has-post-thumbnail","6":"product_cat-audio-et-video","8":"first","9":"instock","10":"shipping-taxable","11":"purchasable","12":"product-type-simple","13":"add-to-wishlist-after_add_to_cart"},"_links":{"self":[{"href":"https:\/\/twentyninestore.com\/en\/wp-json\/wp\/v2\/product\/16492","targetHints":{"allow":["GET"]}}],"collection":[{"href":"https:\/\/twentyninestore.com\/en\/wp-json\/wp\/v2\/product"}],"about":[{"href":"https:\/\/twentyninestore.com\/en\/wp-json\/wp\/v2\/types\/product"}],"replies":[{"embeddable":true,"href":"https:\/\/twentyninestore.com\/en\/wp-json\/wp\/v2\/comments?post=16492"}],"version-history":[{"count":2,"href":"https:\/\/twentyninestore.com\/en\/wp-json\/wp\/v2\/product\/16492\/revisions"}],"predecessor-version":[{"id":16984,"href":"https:\/\/twentyninestore.com\/en\/wp-json\/wp\/v2\/product\/16492\/revisions\/16984"}],"wp:featuredmedia":[{"embeddable":true,"href":"https:\/\/twentyninestore.com\/en\/wp-json\/wp\/v2\/media\/16493"}],"wp:attachment":[{"href":"https:\/\/twentyninestore.com\/en\/wp-json\/wp\/v2\/media?parent=16492"}],"wp:term":[{"taxonomy":"product_brand","embeddable":true,"href":"https:\/\/twentyninestore.com\/en\/wp-json\/wp\/v2\/product_brand?post=16492"},{"taxonomy":"product_cat","embeddable":true,"href":"https:\/\/twentyninestore.com\/en\/wp-json\/wp\/v2\/product_cat?post=16492"},{"taxonomy":"product_tag","embeddable":true,"href":"https:\/\/twentyninestore.com\/en\/wp-json\/wp\/v2\/product_tag?post=16492"}],"curies":[{"name":"wp","href":"https:\/\/api.w.org\/{rel}","templated":true}]}}