{"id":16503,"date":"2025-03-30T06:46:24","date_gmt":"2025-03-30T06:46:24","guid":{"rendered":"https:\/\/twentyninestore.com\/?post_type=product&#038;p=16503"},"modified":"2025-04-08T12:00:34","modified_gmt":"2025-04-08T12:00:34","slug":"haut-parleur-portable-sans-fil-mini","status":"publish","type":"product","link":"https:\/\/twentyninestore.com\/en\/product\/haut-parleur-portable-sans-fil-mini\/","title":{"rendered":"Haut Parleur Portable Sans Fil Mini"},"content":{"rendered":"<p>haut-parleur sans fil super bass\u00a0<strong>ZQS 1206<\/strong>\u00a0est en\u00a0forme de tube\u00a0avec la poign\u00e9e pour transf\u00e9rer confortablement on peut mettre en deux positions verticale et horizontale. Il peut \u00eatre utilis\u00e9 manuellement par commande. Il est caract\u00e9ris\u00e9 par une\u00a0technologie de Connectivit\u00e9 sans Fil (Bluetooth), une puissance de sortie 5W,\u00a0un mat\u00e9riel Plastique, un effet LED clignotant avec lecture de musique, une batterie au lithium rechargeable\u00a0<strong>1200 mAh\u00a0<\/strong>ayant une autonomie de 5 heures,\u00a0une tension d\u2019entr\u00e9e DC\u00a0<strong>5 V,<\/strong>\u00a0une r\u00e9ponse en fr\u00e9quence \u00e9gale \u00e0 150 Hz-18 kHz, une plage de travail allant jusqu\u2019\u00e0\u00a0<strong>10 m\u00e8tres. Cet<\/strong> haut parleur supporte la lecture de musique avec une carte TF \/ Micro SD et USB.Il est disponible en noir, et il est accompagn\u00e9 d\u2019un c\u00e2ble\u00a0chargeur,<\/p>","protected":false},"excerpt":{"rendered":"<p>haut-parleur sans fil super bass\u00a0ZQS 1206\u00a0est en\u00a0forme de tube\u00a0avec la poign\u00e9e pour transf\u00e9rer confortablement on peut mettre en deux positions verticale et horizontale. Il peut \u00eatre utilis\u00e9 manuellement par commande. Il est caract\u00e9ris\u00e9 par une\u00a0technologie de Connectivit\u00e9 sans Fil (Bluetooth), une puissance de sortie 5W,\u00a0un mat\u00e9riel Plastique, un effet LED clignotant avec lecture de musique, [&hellip;]<\/p>","protected":false},"featured_media":16504,"comment_status":"open","ping_status":"closed","template":"","meta":[],"product_brand":[],"product_cat":[1039],"product_tag":[],"class_list":{"0":"post-16503","1":"product","2":"type-product","3":"status-publish","4":"has-post-thumbnail","6":"product_cat-audio-et-video","8":"first","9":"instock","10":"shipping-taxable","11":"purchasable","12":"product-type-simple","13":"add-to-wishlist-after_add_to_cart"},"_links":{"self":[{"href":"https:\/\/twentyninestore.com\/en\/wp-json\/wp\/v2\/product\/16503","targetHints":{"allow":["GET"]}}],"collection":[{"href":"https:\/\/twentyninestore.com\/en\/wp-json\/wp\/v2\/product"}],"about":[{"href":"https:\/\/twentyninestore.com\/en\/wp-json\/wp\/v2\/types\/product"}],"replies":[{"embeddable":true,"href":"https:\/\/twentyninestore.com\/en\/wp-json\/wp\/v2\/comments?post=16503"}],"version-history":[{"count":2,"href":"https:\/\/twentyninestore.com\/en\/wp-json\/wp\/v2\/product\/16503\/revisions"}],"predecessor-version":[{"id":16981,"href":"https:\/\/twentyninestore.com\/en\/wp-json\/wp\/v2\/product\/16503\/revisions\/16981"}],"wp:featuredmedia":[{"embeddable":true,"href":"https:\/\/twentyninestore.com\/en\/wp-json\/wp\/v2\/media\/16504"}],"wp:attachment":[{"href":"https:\/\/twentyninestore.com\/en\/wp-json\/wp\/v2\/media?parent=16503"}],"wp:term":[{"taxonomy":"product_brand","embeddable":true,"href":"https:\/\/twentyninestore.com\/en\/wp-json\/wp\/v2\/product_brand?post=16503"},{"taxonomy":"product_cat","embeddable":true,"href":"https:\/\/twentyninestore.com\/en\/wp-json\/wp\/v2\/product_cat?post=16503"},{"taxonomy":"product_tag","embeddable":true,"href":"https:\/\/twentyninestore.com\/en\/wp-json\/wp\/v2\/product_tag?post=16503"}],"curies":[{"name":"wp","href":"https:\/\/api.w.org\/{rel}","templated":true}]}}