{"id":16519,"date":"2025-03-31T15:17:50","date_gmt":"2025-03-31T15:17:50","guid":{"rendered":"https:\/\/twentyninestore.com\/?post_type=product&#038;p=16519"},"modified":"2025-04-08T11:55:29","modified_gmt":"2025-04-08T11:55:29","slug":"h20-smart-watch-avec-ecouteurs-sans-fil-10-en-1","status":"publish","type":"product","link":"https:\/\/twentyninestore.com\/en\/product\/h20-smart-watch-avec-ecouteurs-sans-fil-10-en-1\/","title":{"rendered":"H20 Smart Watch avec \u00e9couteurs sans fil (10 en 1)"},"content":{"rendered":"<ul>\n<li><strong>H20 Montre intelligente avec \u00e9couteurs sans fil (10 en 1)<\/strong><\/li>\n<li><strong>H20 Ultra Bluetooth calling, Phone Book, Music Control, Voice assis<\/strong><\/li>\n<li><strong>Silicone<\/strong><\/li>\n<li><strong>\u00c9cran HD de 2,19 pouces<\/strong><\/li>\n<li><strong>Sant\u00e9 et m\u00e9decine, Fitness et plein air, Notificateur, S\u00e9curit\u00e9 et protection<\/strong><\/li>\n<li><strong>Cadran lisse TFT Super Amoled<\/strong><\/li>\n<li><strong>Hommes et femmes<\/strong><\/li>\n<li><strong>Android et iOS<\/strong><\/li>\n<li><strong>pack contient:\u00a01 Smartwatch, 7 types de bracelets, 1 chargeur, 1 \u00e9tui de montre, et 1 Earpods<\/strong><\/li>\n<\/ul>","protected":false},"excerpt":{"rendered":"<p>H20 Montre intelligente avec \u00e9couteurs sans fil (10 en 1) H20 Ultra Bluetooth calling, Phone Book, Music Control, Voice assis Silicone \u00c9cran HD de 2,19 pouces Sant\u00e9 et m\u00e9decine, Fitness et plein air, Notificateur, S\u00e9curit\u00e9 et protection Cadran lisse TFT Super Amoled Hommes et femmes Android et iOS pack contient:\u00a01 Smartwatch, 7 types de bracelets, [&hellip;]<\/p>","protected":false},"featured_media":16520,"comment_status":"open","ping_status":"closed","template":"","meta":[],"product_brand":[],"product_cat":[1038],"product_tag":[],"class_list":{"0":"post-16519","1":"product","2":"type-product","3":"status-publish","4":"has-post-thumbnail","6":"product_cat-gadgets-et-objets-connectes","8":"first","9":"instock","10":"shipping-taxable","11":"purchasable","12":"product-type-simple","13":"add-to-wishlist-after_add_to_cart"},"_links":{"self":[{"href":"https:\/\/twentyninestore.com\/en\/wp-json\/wp\/v2\/product\/16519","targetHints":{"allow":["GET"]}}],"collection":[{"href":"https:\/\/twentyninestore.com\/en\/wp-json\/wp\/v2\/product"}],"about":[{"href":"https:\/\/twentyninestore.com\/en\/wp-json\/wp\/v2\/types\/product"}],"replies":[{"embeddable":true,"href":"https:\/\/twentyninestore.com\/en\/wp-json\/wp\/v2\/comments?post=16519"}],"version-history":[{"count":2,"href":"https:\/\/twentyninestore.com\/en\/wp-json\/wp\/v2\/product\/16519\/revisions"}],"predecessor-version":[{"id":16976,"href":"https:\/\/twentyninestore.com\/en\/wp-json\/wp\/v2\/product\/16519\/revisions\/16976"}],"wp:featuredmedia":[{"embeddable":true,"href":"https:\/\/twentyninestore.com\/en\/wp-json\/wp\/v2\/media\/16520"}],"wp:attachment":[{"href":"https:\/\/twentyninestore.com\/en\/wp-json\/wp\/v2\/media?parent=16519"}],"wp:term":[{"taxonomy":"product_brand","embeddable":true,"href":"https:\/\/twentyninestore.com\/en\/wp-json\/wp\/v2\/product_brand?post=16519"},{"taxonomy":"product_cat","embeddable":true,"href":"https:\/\/twentyninestore.com\/en\/wp-json\/wp\/v2\/product_cat?post=16519"},{"taxonomy":"product_tag","embeddable":true,"href":"https:\/\/twentyninestore.com\/en\/wp-json\/wp\/v2\/product_tag?post=16519"}],"curies":[{"name":"wp","href":"https:\/\/api.w.org\/{rel}","templated":true}]}}