{"id":16589,"date":"2025-04-04T09:00:14","date_gmt":"2025-04-04T09:00:14","guid":{"rendered":"https:\/\/twentyninestore.com\/?post_type=product&#038;p=16589"},"modified":"2025-04-12T14:50:42","modified_gmt":"2025-04-12T14:50:42","slug":"organisateur-de-maquillage-rotatif-a-360-degres","status":"publish","type":"product","link":"https:\/\/twentyninestore.com\/en\/product\/organisateur-de-maquillage-rotatif-a-360-degres\/","title":{"rendered":"Organisateur De Maquillage Rotatif \u00c0 360 Degr\u00e9s"},"content":{"rendered":"<ul>\n<li>Fabriqu\u00e9 pour durer : il est fabriqu\u00e9 en mat\u00e9riau respectueux de l&rsquo;environnement. Cet organisateur cosm\u00e9tique est suffisamment durable pour une utilisation durable, et il prend moins de place et garde votre place bien rang\u00e9e. Vous pouvez le nettoyer facilement avec de l&rsquo;eau.<\/li>\n<li>L&rsquo;organisateur de maquillage rotatif \u00e0 360\u00b0 peut \u00eatre tourn\u00e9 en douceur et silencieusement, permettant de voir facilement tous vos produits de soins de la peau et votre maquillage. Organisateur de maquillage rotatif multifonction pour votre vanit\u00e9, salle de bain, chambre \u00e0 coucher, toilettes, table, divers comptoirs<\/li>\n<li>Ajustez la hauteur du plateau en fonction de la hauteur des cosm\u00e9tiques pour s&rsquo;adapter \u00e0 tous les diff\u00e9rents types de cosm\u00e9tiques avec des hauteurs diff\u00e9rentes. Non seulement le fond antid\u00e9rapant peut rendre la bo\u00eete \u00e0 cosm\u00e9tiques plus stable. De plus, la conception de la plaque sup\u00e9rieure est pratique pour placer le pinceau cosm\u00e9tique, facile \u00e0 manipuler.<\/li>\n<li>Taille du produit : 12,6\u00a0\u00bbL x 9,06\u00a0\u00bbW (32 x 23 cm), prend juste un peu de place. Gain de place sur les \u00e9tag\u00e8res et les comptoirs. Le design exquis et la praticit\u00e9 en font un cadeau pour No\u00ebl, le Nouvel An, la Saint-Valentin, la famille et la petite amie.<\/li>\n<li>L&rsquo;organiseur de maquillage de grande capacit\u00e9 peut vous aider \u00e0 organiser tous vos produits cosm\u00e9tiques et \u00e0 \u00e9conomiser de l&rsquo;espace sur votre coiffeuse. Rendre la table en d\u00e9sordre ordonn\u00e9e et disposer de suffisamment d&rsquo;espace pour y mettre du rouge \u00e0 l\u00e8vres, du fond de teint, de la lotion, des pinceaux de maquillage, du parfum et d&rsquo;autres produits cosm\u00e9tiques et de soins de la peau quotidiens.<\/li>\n<\/ul>","protected":false},"excerpt":{"rendered":"<p>Fabriqu\u00e9 pour durer : il est fabriqu\u00e9 en mat\u00e9riau respectueux de l&rsquo;environnement. Cet organisateur cosm\u00e9tique est suffisamment durable pour une utilisation durable, et il prend moins de place et garde votre place bien rang\u00e9e. Vous pouvez le nettoyer facilement avec de l&rsquo;eau. L&rsquo;organisateur de maquillage rotatif \u00e0 360\u00b0 peut \u00eatre tourn\u00e9 en douceur et silencieusement, [&hellip;]<\/p>","protected":false},"featured_media":16591,"comment_status":"open","ping_status":"closed","template":"","meta":[],"product_brand":[],"product_cat":[1022],"product_tag":[],"class_list":{"0":"post-16589","1":"product","2":"type-product","3":"status-publish","4":"has-post-thumbnail","6":"product_cat-accessoires-beaute","8":"first","9":"instock","10":"shipping-taxable","11":"purchasable","12":"product-type-simple","13":"add-to-wishlist-after_add_to_cart"},"_links":{"self":[{"href":"https:\/\/twentyninestore.com\/en\/wp-json\/wp\/v2\/product\/16589","targetHints":{"allow":["GET"]}}],"collection":[{"href":"https:\/\/twentyninestore.com\/en\/wp-json\/wp\/v2\/product"}],"about":[{"href":"https:\/\/twentyninestore.com\/en\/wp-json\/wp\/v2\/types\/product"}],"replies":[{"embeddable":true,"href":"https:\/\/twentyninestore.com\/en\/wp-json\/wp\/v2\/comments?post=16589"}],"version-history":[{"count":1,"href":"https:\/\/twentyninestore.com\/en\/wp-json\/wp\/v2\/product\/16589\/revisions"}],"predecessor-version":[{"id":16595,"href":"https:\/\/twentyninestore.com\/en\/wp-json\/wp\/v2\/product\/16589\/revisions\/16595"}],"wp:featuredmedia":[{"embeddable":true,"href":"https:\/\/twentyninestore.com\/en\/wp-json\/wp\/v2\/media\/16591"}],"wp:attachment":[{"href":"https:\/\/twentyninestore.com\/en\/wp-json\/wp\/v2\/media?parent=16589"}],"wp:term":[{"taxonomy":"product_brand","embeddable":true,"href":"https:\/\/twentyninestore.com\/en\/wp-json\/wp\/v2\/product_brand?post=16589"},{"taxonomy":"product_cat","embeddable":true,"href":"https:\/\/twentyninestore.com\/en\/wp-json\/wp\/v2\/product_cat?post=16589"},{"taxonomy":"product_tag","embeddable":true,"href":"https:\/\/twentyninestore.com\/en\/wp-json\/wp\/v2\/product_tag?post=16589"}],"curies":[{"name":"wp","href":"https:\/\/api.w.org\/{rel}","templated":true}]}}