{"id":16596,"date":"2025-04-04T09:08:18","date_gmt":"2025-04-04T09:08:18","guid":{"rendered":"https:\/\/twentyninestore.com\/?post_type=product&#038;p=16596"},"modified":"2025-04-14T08:07:08","modified_gmt":"2025-04-14T08:07:08","slug":"miroir-de-maquillage","status":"publish","type":"product","link":"https:\/\/twentyninestore.com\/en\/product\/miroir-de-maquillage\/","title":{"rendered":"Miroir de maquillage"},"content":{"rendered":"<ul>\n<li>36 LED super lumineuses dispose du meilleur \u00e9clairage LED le plus lumineux, ce miroir de courtoisie \u00e9clair\u00e9 vous permet de perfectionner et de polir votre maquillage sous la lueur la plus naturelle qu&rsquo;une lumi\u00e8re LED peut fournir. Pour r\u00e9gler la luminosit\u00e9, il suffit de toucher et de maintenir le capteur pendant 3 secondes.<\/li>\n<\/ul>","protected":false},"excerpt":{"rendered":"<p>36 LED super lumineuses dispose du meilleur \u00e9clairage LED le plus lumineux, ce miroir de courtoisie \u00e9clair\u00e9 vous permet de perfectionner et de polir votre maquillage sous la lueur la plus naturelle qu&rsquo;une lumi\u00e8re LED peut fournir. Pour r\u00e9gler la luminosit\u00e9, il suffit de toucher et de maintenir le capteur pendant 3 secondes.<\/p>","protected":false},"featured_media":16597,"comment_status":"open","ping_status":"closed","template":"","meta":[],"product_brand":[],"product_cat":[1022],"product_tag":[],"class_list":{"0":"post-16596","1":"product","2":"type-product","3":"status-publish","4":"has-post-thumbnail","6":"product_cat-accessoires-beaute","8":"first","9":"instock","10":"shipping-taxable","11":"purchasable","12":"product-type-simple","13":"add-to-wishlist-after_add_to_cart"},"_links":{"self":[{"href":"https:\/\/twentyninestore.com\/en\/wp-json\/wp\/v2\/product\/16596","targetHints":{"allow":["GET"]}}],"collection":[{"href":"https:\/\/twentyninestore.com\/en\/wp-json\/wp\/v2\/product"}],"about":[{"href":"https:\/\/twentyninestore.com\/en\/wp-json\/wp\/v2\/types\/product"}],"replies":[{"embeddable":true,"href":"https:\/\/twentyninestore.com\/en\/wp-json\/wp\/v2\/comments?post=16596"}],"version-history":[{"count":1,"href":"https:\/\/twentyninestore.com\/en\/wp-json\/wp\/v2\/product\/16596\/revisions"}],"predecessor-version":[{"id":16601,"href":"https:\/\/twentyninestore.com\/en\/wp-json\/wp\/v2\/product\/16596\/revisions\/16601"}],"wp:featuredmedia":[{"embeddable":true,"href":"https:\/\/twentyninestore.com\/en\/wp-json\/wp\/v2\/media\/16597"}],"wp:attachment":[{"href":"https:\/\/twentyninestore.com\/en\/wp-json\/wp\/v2\/media?parent=16596"}],"wp:term":[{"taxonomy":"product_brand","embeddable":true,"href":"https:\/\/twentyninestore.com\/en\/wp-json\/wp\/v2\/product_brand?post=16596"},{"taxonomy":"product_cat","embeddable":true,"href":"https:\/\/twentyninestore.com\/en\/wp-json\/wp\/v2\/product_cat?post=16596"},{"taxonomy":"product_tag","embeddable":true,"href":"https:\/\/twentyninestore.com\/en\/wp-json\/wp\/v2\/product_tag?post=16596"}],"curies":[{"name":"wp","href":"https:\/\/api.w.org\/{rel}","templated":true}]}}