{"id":16602,"date":"2025-04-04T09:12:56","date_gmt":"2025-04-04T09:12:56","guid":{"rendered":"https:\/\/twentyninestore.com\/?post_type=product&#038;p=16602"},"modified":"2026-01-10T19:40:39","modified_gmt":"2026-01-10T19:40:39","slug":"boite-a-bijoux-pliable","status":"publish","type":"product","link":"https:\/\/twentyninestore.com\/en\/product\/boite-a-bijoux-pliable\/","title":{"rendered":"Bo\u00eete \u00e0 bijoux pliable"},"content":{"rendered":"<h3 class=\"ql-align-center\"><strong>Rendez vos bijoux encore plus pr\u00e9cieux avec notre bo\u00eete \u00e0 bijoux pliable, alliant \u00e9l\u00e9gance, praticit\u00e9 et protection en un seul accessoire !<\/strong><\/h3>","protected":false},"excerpt":{"rendered":"<p>Rendez vos bijoux encore plus pr\u00e9cieux avec notre bo\u00eete \u00e0 bijoux pliable, alliant \u00e9l\u00e9gance, praticit\u00e9 et protection en un seul accessoire !<\/p>","protected":false},"featured_media":16603,"comment_status":"open","ping_status":"closed","template":"","meta":[],"product_brand":[],"product_cat":[1022],"product_tag":[],"class_list":{"0":"post-16602","1":"product","2":"type-product","3":"status-publish","4":"has-post-thumbnail","6":"product_cat-accessoires-beaute","8":"first","9":"instock","10":"shipping-taxable","11":"purchasable","12":"product-type-simple","13":"add-to-wishlist-after_add_to_cart"},"_links":{"self":[{"href":"https:\/\/twentyninestore.com\/en\/wp-json\/wp\/v2\/product\/16602","targetHints":{"allow":["GET"]}}],"collection":[{"href":"https:\/\/twentyninestore.com\/en\/wp-json\/wp\/v2\/product"}],"about":[{"href":"https:\/\/twentyninestore.com\/en\/wp-json\/wp\/v2\/types\/product"}],"replies":[{"embeddable":true,"href":"https:\/\/twentyninestore.com\/en\/wp-json\/wp\/v2\/comments?post=16602"}],"version-history":[{"count":1,"href":"https:\/\/twentyninestore.com\/en\/wp-json\/wp\/v2\/product\/16602\/revisions"}],"predecessor-version":[{"id":16606,"href":"https:\/\/twentyninestore.com\/en\/wp-json\/wp\/v2\/product\/16602\/revisions\/16606"}],"wp:featuredmedia":[{"embeddable":true,"href":"https:\/\/twentyninestore.com\/en\/wp-json\/wp\/v2\/media\/16603"}],"wp:attachment":[{"href":"https:\/\/twentyninestore.com\/en\/wp-json\/wp\/v2\/media?parent=16602"}],"wp:term":[{"taxonomy":"product_brand","embeddable":true,"href":"https:\/\/twentyninestore.com\/en\/wp-json\/wp\/v2\/product_brand?post=16602"},{"taxonomy":"product_cat","embeddable":true,"href":"https:\/\/twentyninestore.com\/en\/wp-json\/wp\/v2\/product_cat?post=16602"},{"taxonomy":"product_tag","embeddable":true,"href":"https:\/\/twentyninestore.com\/en\/wp-json\/wp\/v2\/product_tag?post=16602"}],"curies":[{"name":"wp","href":"https:\/\/api.w.org\/{rel}","templated":true}]}}