{"id":16618,"date":"2025-04-04T09:32:50","date_gmt":"2025-04-04T09:32:50","guid":{"rendered":"https:\/\/twentyninestore.com\/?post_type=product&#038;p=16618"},"modified":"2025-04-04T09:32:50","modified_gmt":"2025-04-04T09:32:50","slug":"machine-de-sechage-de-pinceaux","status":"publish","type":"product","link":"https:\/\/twentyninestore.com\/en\/product\/machine-de-sechage-de-pinceaux\/","title":{"rendered":"Machine de S\u00e9chage de Pinceaux"},"content":{"rendered":"<p>Sp\u00e9cifications :<\/p>\n<p>Type d&rsquo;article : S\u00e8che-pinceaux de maquillage<\/p>\n<p>Alimentation : Prise USB<\/p>\n<p>Puissance nominale : 10 W<\/p>\n<p>Mat\u00e9riau : ABS, silicone, aluminium Alliage, composants \u00e9lectroniques<\/p>\n<p>Liste des paquets :<\/p>\n<p>1 x s\u00e8che-pinceaux de maquillage<\/p>\n<p>1 x c\u00e2ble de chargement USB<\/p>\n<p>1 x manuel d&rsquo;utilisation<\/p>\n<p>&gt;<\/p>\n<p>Comment utiliser :<\/p>\n<p>Appuyez sur le bouton d&rsquo;alimentation pour allumer\/\u00e9teindre apr\u00e8s la mise sous tension. Appuyez sur le bouton de synchronisation apr\u00e8s la mise sous tension pour parcourir les options 4h, 6h, 8h, 10h.<\/p>","protected":false},"excerpt":{"rendered":"<p>Sp\u00e9cifications : Type d&rsquo;article : S\u00e8che-pinceaux de maquillage Alimentation : Prise USB Puissance nominale : 10 W Mat\u00e9riau : ABS, silicone, aluminium Alliage, composants \u00e9lectroniques Liste des paquets : 1 x s\u00e8che-pinceaux de maquillage 1 x c\u00e2ble de chargement USB 1 x manuel d&rsquo;utilisation &gt; Comment utiliser : Appuyez sur le bouton d&rsquo;alimentation pour allumer\/\u00e9teindre [&hellip;]<\/p>","protected":false},"featured_media":16620,"comment_status":"open","ping_status":"closed","template":"","meta":[],"product_brand":[],"product_cat":[1022],"product_tag":[],"class_list":{"0":"post-16618","1":"product","2":"type-product","3":"status-publish","4":"has-post-thumbnail","6":"product_cat-accessoires-beaute","8":"first","9":"instock","10":"shipping-taxable","11":"purchasable","12":"product-type-simple","13":"add-to-wishlist-after_add_to_cart"},"_links":{"self":[{"href":"https:\/\/twentyninestore.com\/en\/wp-json\/wp\/v2\/product\/16618","targetHints":{"allow":["GET"]}}],"collection":[{"href":"https:\/\/twentyninestore.com\/en\/wp-json\/wp\/v2\/product"}],"about":[{"href":"https:\/\/twentyninestore.com\/en\/wp-json\/wp\/v2\/types\/product"}],"replies":[{"embeddable":true,"href":"https:\/\/twentyninestore.com\/en\/wp-json\/wp\/v2\/comments?post=16618"}],"version-history":[{"count":1,"href":"https:\/\/twentyninestore.com\/en\/wp-json\/wp\/v2\/product\/16618\/revisions"}],"predecessor-version":[{"id":16625,"href":"https:\/\/twentyninestore.com\/en\/wp-json\/wp\/v2\/product\/16618\/revisions\/16625"}],"wp:featuredmedia":[{"embeddable":true,"href":"https:\/\/twentyninestore.com\/en\/wp-json\/wp\/v2\/media\/16620"}],"wp:attachment":[{"href":"https:\/\/twentyninestore.com\/en\/wp-json\/wp\/v2\/media?parent=16618"}],"wp:term":[{"taxonomy":"product_brand","embeddable":true,"href":"https:\/\/twentyninestore.com\/en\/wp-json\/wp\/v2\/product_brand?post=16618"},{"taxonomy":"product_cat","embeddable":true,"href":"https:\/\/twentyninestore.com\/en\/wp-json\/wp\/v2\/product_cat?post=16618"},{"taxonomy":"product_tag","embeddable":true,"href":"https:\/\/twentyninestore.com\/en\/wp-json\/wp\/v2\/product_tag?post=16618"}],"curies":[{"name":"wp","href":"https:\/\/api.w.org\/{rel}","templated":true}]}}