{"id":16626,"date":"2025-04-04T09:39:58","date_gmt":"2025-04-04T09:39:58","guid":{"rendered":"https:\/\/twentyninestore.com\/?post_type=product&#038;p=16626"},"modified":"2025-04-16T10:13:51","modified_gmt":"2025-04-16T10:13:51","slug":"ohlove-makeup-brush-holder","status":"publish","type":"product","link":"https:\/\/twentyninestore.com\/en\/product\/ohlove-makeup-brush-holder\/","title":{"rendered":"Ohlove Makeup Brush Holder"},"content":{"rendered":"<pre class=\"ql-syntax\" spellcheck=\"false\">Porte-pinceau de maquillage rotatif \u00e0 360 degr\u00e9s avec couvercle \u2013 aspect moderne et efficace. Couvercle transparent en acrylique, aucune poussi\u00e8re ne tombe sur le pinceau et aucune poudre de maquillage ne s'\u00e9coule. Conception de grille pour rendre vos pinceaux propres et bien organis\u00e9s. Base rotative, passez \u00e0 votre angle pr\u00e9f\u00e9r\u00e9 pour utiliser et visualiser.\r\n<\/pre>","protected":false},"excerpt":{"rendered":"<p>Porte-pinceau de maquillage rotatif \u00e0 360 degr\u00e9s avec couvercle \u2013 aspect moderne et efficace. Couvercle transparent en acrylique, aucune poussi\u00e8re ne tombe sur le pinceau et aucune poudre de maquillage ne s&rsquo;\u00e9coule. Conception de grille pour rendre vos pinceaux propres et bien organis\u00e9s. Base rotative, passez \u00e0 votre angle pr\u00e9f\u00e9r\u00e9 pour utiliser et visualiser.<\/p>","protected":false},"featured_media":17587,"comment_status":"open","ping_status":"closed","template":"","meta":[],"product_brand":[],"product_cat":[1022],"product_tag":[],"class_list":{"0":"post-16626","1":"product","2":"type-product","3":"status-publish","4":"has-post-thumbnail","6":"product_cat-accessoires-beaute","8":"first","9":"instock","10":"shipping-taxable","11":"purchasable","12":"product-type-simple","13":"add-to-wishlist-after_add_to_cart"},"_links":{"self":[{"href":"https:\/\/twentyninestore.com\/en\/wp-json\/wp\/v2\/product\/16626","targetHints":{"allow":["GET"]}}],"collection":[{"href":"https:\/\/twentyninestore.com\/en\/wp-json\/wp\/v2\/product"}],"about":[{"href":"https:\/\/twentyninestore.com\/en\/wp-json\/wp\/v2\/types\/product"}],"replies":[{"embeddable":true,"href":"https:\/\/twentyninestore.com\/en\/wp-json\/wp\/v2\/comments?post=16626"}],"version-history":[{"count":1,"href":"https:\/\/twentyninestore.com\/en\/wp-json\/wp\/v2\/product\/16626\/revisions"}],"predecessor-version":[{"id":16632,"href":"https:\/\/twentyninestore.com\/en\/wp-json\/wp\/v2\/product\/16626\/revisions\/16632"}],"wp:featuredmedia":[{"embeddable":true,"href":"https:\/\/twentyninestore.com\/en\/wp-json\/wp\/v2\/media\/17587"}],"wp:attachment":[{"href":"https:\/\/twentyninestore.com\/en\/wp-json\/wp\/v2\/media?parent=16626"}],"wp:term":[{"taxonomy":"product_brand","embeddable":true,"href":"https:\/\/twentyninestore.com\/en\/wp-json\/wp\/v2\/product_brand?post=16626"},{"taxonomy":"product_cat","embeddable":true,"href":"https:\/\/twentyninestore.com\/en\/wp-json\/wp\/v2\/product_cat?post=16626"},{"taxonomy":"product_tag","embeddable":true,"href":"https:\/\/twentyninestore.com\/en\/wp-json\/wp\/v2\/product_tag?post=16626"}],"curies":[{"name":"wp","href":"https:\/\/api.w.org\/{rel}","templated":true}]}}