{"id":16633,"date":"2025-04-04T09:43:21","date_gmt":"2025-04-04T09:43:21","guid":{"rendered":"https:\/\/twentyninestore.com\/?post_type=product&#038;p=16633"},"modified":"2025-04-16T10:05:36","modified_gmt":"2025-04-16T10:05:36","slug":"epilateur-de-visage-rechargeable","status":"publish","type":"product","link":"https:\/\/twentyninestore.com\/en\/product\/epilateur-de-visage-rechargeable\/","title":{"rendered":"Epilateur de Visage Rechargeable"},"content":{"rendered":"<ul>\n<li class=\"ql-align-center\">C&rsquo;est le nouveau jalon dans l\u2019\u00e9pilation<\/li>\n<li class=\"ql-align-center\">Il est parfait entre, au-dessus ou en dessous du sourcil et m\u00eame pour les poils t\u00eatus au-dessus des l\u00e8vres.<\/li>\n<li class=\"ql-align-center\">Des\u00a0lumi\u00e8res LED int\u00e9gr\u00e9es, ce qui rend plus facile de ne jamais rater un poil.<\/li>\n<\/ul>\n<p>Epilateur de Visage Rechargeable doit \u00eatre achet\u00e9 par multiple de 1<\/p>","protected":false},"excerpt":{"rendered":"<p>C&rsquo;est le nouveau jalon dans l\u2019\u00e9pilation Il est parfait entre, au-dessus ou en dessous du sourcil et m\u00eame pour les poils t\u00eatus au-dessus des l\u00e8vres. Des\u00a0lumi\u00e8res LED int\u00e9gr\u00e9es, ce qui rend plus facile de ne jamais rater un poil. Epilateur de Visage Rechargeable doit \u00eatre achet\u00e9 par multiple de 1<\/p>","protected":false},"featured_media":17586,"comment_status":"open","ping_status":"closed","template":"","meta":[],"product_brand":[],"product_cat":[1022],"product_tag":[],"class_list":{"0":"post-16633","1":"product","2":"type-product","3":"status-publish","4":"has-post-thumbnail","6":"product_cat-accessoires-beaute","8":"first","9":"instock","10":"shipping-taxable","11":"purchasable","12":"product-type-simple","13":"add-to-wishlist-after_add_to_cart"},"_links":{"self":[{"href":"https:\/\/twentyninestore.com\/en\/wp-json\/wp\/v2\/product\/16633","targetHints":{"allow":["GET"]}}],"collection":[{"href":"https:\/\/twentyninestore.com\/en\/wp-json\/wp\/v2\/product"}],"about":[{"href":"https:\/\/twentyninestore.com\/en\/wp-json\/wp\/v2\/types\/product"}],"replies":[{"embeddable":true,"href":"https:\/\/twentyninestore.com\/en\/wp-json\/wp\/v2\/comments?post=16633"}],"version-history":[{"count":1,"href":"https:\/\/twentyninestore.com\/en\/wp-json\/wp\/v2\/product\/16633\/revisions"}],"predecessor-version":[{"id":16636,"href":"https:\/\/twentyninestore.com\/en\/wp-json\/wp\/v2\/product\/16633\/revisions\/16636"}],"wp:featuredmedia":[{"embeddable":true,"href":"https:\/\/twentyninestore.com\/en\/wp-json\/wp\/v2\/media\/17586"}],"wp:attachment":[{"href":"https:\/\/twentyninestore.com\/en\/wp-json\/wp\/v2\/media?parent=16633"}],"wp:term":[{"taxonomy":"product_brand","embeddable":true,"href":"https:\/\/twentyninestore.com\/en\/wp-json\/wp\/v2\/product_brand?post=16633"},{"taxonomy":"product_cat","embeddable":true,"href":"https:\/\/twentyninestore.com\/en\/wp-json\/wp\/v2\/product_cat?post=16633"},{"taxonomy":"product_tag","embeddable":true,"href":"https:\/\/twentyninestore.com\/en\/wp-json\/wp\/v2\/product_tag?post=16633"}],"curies":[{"name":"wp","href":"https:\/\/api.w.org\/{rel}","templated":true}]}}