{"id":16638,"date":"2025-04-04T09:47:31","date_gmt":"2025-04-04T09:47:31","guid":{"rendered":"https:\/\/twentyninestore.com\/?post_type=product&#038;p=16638"},"modified":"2025-04-14T08:12:29","modified_gmt":"2025-04-14T08:12:29","slug":"epilateur-et-tondeuse-multifonction-4-en-1","status":"publish","type":"product","link":"https:\/\/twentyninestore.com\/en\/product\/epilateur-et-tondeuse-multifonction-4-en-1\/","title":{"rendered":"\u00c9pilateur et tondeuse multifonction 4 en 1"},"content":{"rendered":"<p>Alimentation: chargement USB<\/p>\n<p>Mat\u00e9riau : corps ABS + t\u00eate de coupe en alliage.<\/p>\n<p>M\u00e9thode de nettoyage : la t\u00eate de coupe peut \u00eatre retir\u00e9e et lav\u00e9e s\u00e9par\u00e9ment, ou nettoy\u00e9e avec une brosse de nettoyage<\/p>","protected":false},"excerpt":{"rendered":"<p>Alimentation: chargement USB Mat\u00e9riau : corps ABS + t\u00eate de coupe en alliage. M\u00e9thode de nettoyage : la t\u00eate de coupe peut \u00eatre retir\u00e9e et lav\u00e9e s\u00e9par\u00e9ment, ou nettoy\u00e9e avec une brosse de nettoyage<\/p>","protected":false},"featured_media":16641,"comment_status":"open","ping_status":"closed","template":"","meta":[],"product_brand":[],"product_cat":[1022],"product_tag":[],"class_list":{"0":"post-16638","1":"product","2":"type-product","3":"status-publish","4":"has-post-thumbnail","6":"product_cat-accessoires-beaute","8":"first","9":"instock","10":"shipping-taxable","11":"purchasable","12":"product-type-simple","13":"add-to-wishlist-after_add_to_cart"},"_links":{"self":[{"href":"https:\/\/twentyninestore.com\/en\/wp-json\/wp\/v2\/product\/16638","targetHints":{"allow":["GET"]}}],"collection":[{"href":"https:\/\/twentyninestore.com\/en\/wp-json\/wp\/v2\/product"}],"about":[{"href":"https:\/\/twentyninestore.com\/en\/wp-json\/wp\/v2\/types\/product"}],"replies":[{"embeddable":true,"href":"https:\/\/twentyninestore.com\/en\/wp-json\/wp\/v2\/comments?post=16638"}],"version-history":[{"count":1,"href":"https:\/\/twentyninestore.com\/en\/wp-json\/wp\/v2\/product\/16638\/revisions"}],"predecessor-version":[{"id":16642,"href":"https:\/\/twentyninestore.com\/en\/wp-json\/wp\/v2\/product\/16638\/revisions\/16642"}],"wp:featuredmedia":[{"embeddable":true,"href":"https:\/\/twentyninestore.com\/en\/wp-json\/wp\/v2\/media\/16641"}],"wp:attachment":[{"href":"https:\/\/twentyninestore.com\/en\/wp-json\/wp\/v2\/media?parent=16638"}],"wp:term":[{"taxonomy":"product_brand","embeddable":true,"href":"https:\/\/twentyninestore.com\/en\/wp-json\/wp\/v2\/product_brand?post=16638"},{"taxonomy":"product_cat","embeddable":true,"href":"https:\/\/twentyninestore.com\/en\/wp-json\/wp\/v2\/product_cat?post=16638"},{"taxonomy":"product_tag","embeddable":true,"href":"https:\/\/twentyninestore.com\/en\/wp-json\/wp\/v2\/product_tag?post=16638"}],"curies":[{"name":"wp","href":"https:\/\/api.w.org\/{rel}","templated":true}]}}