{"id":16702,"date":"2025-04-08T08:52:27","date_gmt":"2025-04-08T08:52:27","guid":{"rendered":"https:\/\/twentyninestore.com\/?post_type=product&#038;p=16702"},"modified":"2025-04-08T08:52:34","modified_gmt":"2025-04-08T08:52:34","slug":"lampe-de-table-basse","status":"publish","type":"product","link":"https:\/\/twentyninestore.com\/en\/product\/lampe-de-table-basse\/","title":{"rendered":"Lampe de table basse"},"content":{"rendered":"<p>Design \u00c9l\u00e9gant et Moderne : Son design sophistiqu\u00e9 ajoute une touche d\u2019\u00e9l\u00e9gance \u00e0 n\u2019importe quel espace, qu\u2019il s\u2019agisse d\u2019un bureau, d\u2019un restaurant, d\u2019un h\u00f4tel, d\u2019un bar, d\u2019une chambre \u00e0 coucher ou d\u2019une table d\u2019appoint.Fonctionnalit\u00e9 Tactile : La lampe est \u00e9quip\u00e9e d\u2019une fonction tactile intuitive, permettant d\u2019allumer, d\u2019\u00e9teindre et de r\u00e9gler l\u2019intensit\u00e9 lumineuse en touchant simplement la base ou le corps de la lampe.Polyvalence d\u2019Utilisation : Adapt\u00e9e \u00e0 une vari\u00e9t\u00e9 d\u2019environnements, cette lampe convient parfaitement pour cr\u00e9er une ambiance chaleureuse dans une chambre \u00e0 coucher, \u00e9clairer un espace de travail dans un bureau, ou ajouter une touche d\u2019ambiance dans un restaurant, un bar ou une salle \u00e0 manger.\u00c9clairage LED : Dot\u00e9e de lampes LED, cette lampe offre un \u00e9clairage efficace et \u00e9co\u00e9nerg\u00e9tique, garantissant une luminosit\u00e9 suffisante tout en r\u00e9duisant la consommation d\u2019\u00e9nergie.Portabilit\u00e9 : Sa taille compacte et sa portabilit\u00e9 en font un accessoire pratique pour les d\u00e9placements ou les changements d\u2019am\u00e9nagement de l\u2019espace<\/p>","protected":false},"excerpt":{"rendered":"<p>Design \u00c9l\u00e9gant et Moderne : Son design sophistiqu\u00e9 ajoute une touche d\u2019\u00e9l\u00e9gance \u00e0 n\u2019importe quel espace, qu\u2019il s\u2019agisse d\u2019un bureau, d\u2019un restaurant, d\u2019un h\u00f4tel, d\u2019un bar, d\u2019une chambre \u00e0 coucher ou d\u2019une table d\u2019appoint.Fonctionnalit\u00e9 Tactile : La lampe est \u00e9quip\u00e9e d\u2019une fonction tactile intuitive, permettant d\u2019allumer, d\u2019\u00e9teindre et de r\u00e9gler l\u2019intensit\u00e9 lumineuse en touchant simplement [&hellip;]<\/p>","protected":false},"featured_media":16707,"comment_status":"open","ping_status":"closed","template":"","meta":[],"product_brand":[],"product_cat":[1002],"product_tag":[],"class_list":{"0":"post-16702","1":"product","2":"type-product","3":"status-publish","4":"has-post-thumbnail","6":"product_cat-eclairage","8":"first","9":"instock","10":"shipping-taxable","11":"purchasable","12":"product-type-simple","13":"add-to-wishlist-after_add_to_cart"},"_links":{"self":[{"href":"https:\/\/twentyninestore.com\/en\/wp-json\/wp\/v2\/product\/16702","targetHints":{"allow":["GET"]}}],"collection":[{"href":"https:\/\/twentyninestore.com\/en\/wp-json\/wp\/v2\/product"}],"about":[{"href":"https:\/\/twentyninestore.com\/en\/wp-json\/wp\/v2\/types\/product"}],"replies":[{"embeddable":true,"href":"https:\/\/twentyninestore.com\/en\/wp-json\/wp\/v2\/comments?post=16702"}],"version-history":[{"count":1,"href":"https:\/\/twentyninestore.com\/en\/wp-json\/wp\/v2\/product\/16702\/revisions"}],"predecessor-version":[{"id":16708,"href":"https:\/\/twentyninestore.com\/en\/wp-json\/wp\/v2\/product\/16702\/revisions\/16708"}],"wp:featuredmedia":[{"embeddable":true,"href":"https:\/\/twentyninestore.com\/en\/wp-json\/wp\/v2\/media\/16707"}],"wp:attachment":[{"href":"https:\/\/twentyninestore.com\/en\/wp-json\/wp\/v2\/media?parent=16702"}],"wp:term":[{"taxonomy":"product_brand","embeddable":true,"href":"https:\/\/twentyninestore.com\/en\/wp-json\/wp\/v2\/product_brand?post=16702"},{"taxonomy":"product_cat","embeddable":true,"href":"https:\/\/twentyninestore.com\/en\/wp-json\/wp\/v2\/product_cat?post=16702"},{"taxonomy":"product_tag","embeddable":true,"href":"https:\/\/twentyninestore.com\/en\/wp-json\/wp\/v2\/product_tag?post=16702"}],"curies":[{"name":"wp","href":"https:\/\/api.w.org\/{rel}","templated":true}]}}