{"id":16716,"date":"2025-04-08T09:00:25","date_gmt":"2025-04-08T09:00:25","guid":{"rendered":"https:\/\/twentyninestore.com\/?post_type=product&#038;p=16716"},"modified":"2025-04-13T18:38:04","modified_gmt":"2025-04-13T18:38:04","slug":"lampe-cube-cristal-aurora-effet-lumiere-nordique","status":"publish","type":"product","link":"https:\/\/twentyninestore.com\/en\/product\/lampe-cube-cristal-aurora-effet-lumiere-nordique\/","title":{"rendered":"Lampe Cube Cristal Aurora Effet Lumi\u00e8re Nordique"},"content":{"rendered":"<p>\ud83c\udf0c Exp\u00e9rience d&rsquo;\u00e9clairage magique !<\/p>\n<p>\ud83c\udf81 Votre cadeau parfait pour vos proches !<\/p>\n<p>Plus de 80% du stock a \u00e9t\u00e9 vendu, d\u00e9p\u00eachez-vous maintenant ! \ud83c\udfc3\u200d\u2642\ufe0f<\/p>","protected":false},"excerpt":{"rendered":"<p>\ud83c\udf0c Exp\u00e9rience d&rsquo;\u00e9clairage magique ! \ud83c\udf81 Votre cadeau parfait pour vos proches ! Plus de 80% du stock a \u00e9t\u00e9 vendu, d\u00e9p\u00eachez-vous maintenant ! \ud83c\udfc3\u200d\u2642\ufe0f<\/p>","protected":false},"featured_media":16721,"comment_status":"open","ping_status":"closed","template":"","meta":[],"product_brand":[],"product_cat":[1002],"product_tag":[],"class_list":{"0":"post-16716","1":"product","2":"type-product","3":"status-publish","4":"has-post-thumbnail","6":"product_cat-eclairage","8":"first","9":"instock","10":"shipping-taxable","11":"purchasable","12":"product-type-simple","13":"add-to-wishlist-after_add_to_cart"},"_links":{"self":[{"href":"https:\/\/twentyninestore.com\/en\/wp-json\/wp\/v2\/product\/16716","targetHints":{"allow":["GET"]}}],"collection":[{"href":"https:\/\/twentyninestore.com\/en\/wp-json\/wp\/v2\/product"}],"about":[{"href":"https:\/\/twentyninestore.com\/en\/wp-json\/wp\/v2\/types\/product"}],"replies":[{"embeddable":true,"href":"https:\/\/twentyninestore.com\/en\/wp-json\/wp\/v2\/comments?post=16716"}],"version-history":[{"count":1,"href":"https:\/\/twentyninestore.com\/en\/wp-json\/wp\/v2\/product\/16716\/revisions"}],"predecessor-version":[{"id":16722,"href":"https:\/\/twentyninestore.com\/en\/wp-json\/wp\/v2\/product\/16716\/revisions\/16722"}],"wp:featuredmedia":[{"embeddable":true,"href":"https:\/\/twentyninestore.com\/en\/wp-json\/wp\/v2\/media\/16721"}],"wp:attachment":[{"href":"https:\/\/twentyninestore.com\/en\/wp-json\/wp\/v2\/media?parent=16716"}],"wp:term":[{"taxonomy":"product_brand","embeddable":true,"href":"https:\/\/twentyninestore.com\/en\/wp-json\/wp\/v2\/product_brand?post=16716"},{"taxonomy":"product_cat","embeddable":true,"href":"https:\/\/twentyninestore.com\/en\/wp-json\/wp\/v2\/product_cat?post=16716"},{"taxonomy":"product_tag","embeddable":true,"href":"https:\/\/twentyninestore.com\/en\/wp-json\/wp\/v2\/product_tag?post=16716"}],"curies":[{"name":"wp","href":"https:\/\/api.w.org\/{rel}","templated":true}]}}