{"id":16723,"date":"2025-04-08T09:02:59","date_gmt":"2025-04-08T09:02:59","guid":{"rendered":"https:\/\/twentyninestore.com\/?post_type=product&#038;p=16723"},"modified":"2025-04-13T18:38:44","modified_gmt":"2025-04-13T18:38:44","slug":"bande-eclairage-led-rgb-5m-avec-commande-sans-fil","status":"publish","type":"product","link":"https:\/\/twentyninestore.com\/en\/product\/bande-eclairage-led-rgb-5m-avec-commande-sans-fil\/","title":{"rendered":"Bande Eclairage LED RGB 5M Avec Commande Sans Fil"},"content":{"rendered":"<p>bande \u00e9clairage LED\u00a0<strong>RGB<\/strong>\u00a0&#8211; Dirig\u00e9 avec<strong>\u00a05M<\/strong>\u00a0continu\u00a0en rouleau &#8211; \u00c9quip\u00e9 de LED 54, \u00e9dit\u00e9 par\u00a0<strong>12V\u00a0<\/strong>&#8211; Source\u00a0<strong>220v<\/strong>\u00a0&#8211; Cette bande LED avec distance au-dessus de la charge &#8211; Protection de court-circuit et la fonction de m\u00e9moire &#8211; S\u00fbr et touchable pour vos enfants &#8211;\u00a0<strong>20<\/strong>\u00a0types de couleurs changeantes &#8211;\u00a0Bonne Flexibilit\u00e9 &#8211;<strong>\u00a0Commande sans fil\u00a0<\/strong><\/p>","protected":false},"excerpt":{"rendered":"<p>bande \u00e9clairage LED\u00a0RGB\u00a0&#8211; Dirig\u00e9 avec\u00a05M\u00a0continu\u00a0en rouleau &#8211; \u00c9quip\u00e9 de LED 54, \u00e9dit\u00e9 par\u00a012V\u00a0&#8211; Source\u00a0220v\u00a0&#8211; Cette bande LED avec distance au-dessus de la charge &#8211; Protection de court-circuit et la fonction de m\u00e9moire &#8211; S\u00fbr et touchable pour vos enfants &#8211;\u00a020\u00a0types de couleurs changeantes &#8211;\u00a0Bonne Flexibilit\u00e9 &#8211;\u00a0Commande sans fil\u00a0<\/p>","protected":false},"featured_media":16724,"comment_status":"open","ping_status":"closed","template":"","meta":[],"product_brand":[],"product_cat":[1002],"product_tag":[],"class_list":{"0":"post-16723","1":"product","2":"type-product","3":"status-publish","4":"has-post-thumbnail","6":"product_cat-eclairage","8":"first","9":"instock","10":"shipping-taxable","11":"purchasable","12":"product-type-simple","13":"add-to-wishlist-after_add_to_cart"},"_links":{"self":[{"href":"https:\/\/twentyninestore.com\/en\/wp-json\/wp\/v2\/product\/16723","targetHints":{"allow":["GET"]}}],"collection":[{"href":"https:\/\/twentyninestore.com\/en\/wp-json\/wp\/v2\/product"}],"about":[{"href":"https:\/\/twentyninestore.com\/en\/wp-json\/wp\/v2\/types\/product"}],"replies":[{"embeddable":true,"href":"https:\/\/twentyninestore.com\/en\/wp-json\/wp\/v2\/comments?post=16723"}],"version-history":[{"count":1,"href":"https:\/\/twentyninestore.com\/en\/wp-json\/wp\/v2\/product\/16723\/revisions"}],"predecessor-version":[{"id":16725,"href":"https:\/\/twentyninestore.com\/en\/wp-json\/wp\/v2\/product\/16723\/revisions\/16725"}],"wp:featuredmedia":[{"embeddable":true,"href":"https:\/\/twentyninestore.com\/en\/wp-json\/wp\/v2\/media\/16724"}],"wp:attachment":[{"href":"https:\/\/twentyninestore.com\/en\/wp-json\/wp\/v2\/media?parent=16723"}],"wp:term":[{"taxonomy":"product_brand","embeddable":true,"href":"https:\/\/twentyninestore.com\/en\/wp-json\/wp\/v2\/product_brand?post=16723"},{"taxonomy":"product_cat","embeddable":true,"href":"https:\/\/twentyninestore.com\/en\/wp-json\/wp\/v2\/product_cat?post=16723"},{"taxonomy":"product_tag","embeddable":true,"href":"https:\/\/twentyninestore.com\/en\/wp-json\/wp\/v2\/product_tag?post=16723"}],"curies":[{"name":"wp","href":"https:\/\/api.w.org\/{rel}","templated":true}]}}