{"id":16744,"date":"2025-04-08T09:28:07","date_gmt":"2025-04-08T09:28:07","guid":{"rendered":"https:\/\/twentyninestore.com\/?post_type=product&#038;p=16744"},"modified":"2025-04-08T09:28:45","modified_gmt":"2025-04-08T09:28:45","slug":"lampe-led-pour-toilette","status":"publish","type":"product","link":"https:\/\/twentyninestore.com\/en\/product\/lampe-led-pour-toilette\/","title":{"rendered":"Lampe LED pour Toilette"},"content":{"rendered":"<ul>\n<li>\ud83d\udd26\u3010Lampe de toilette \u00e0 d\u00e9tecteur de mouvement\u3011 La lampe de toilette \u00e0 LED est dot\u00e9e d&rsquo;un capteur de mouvement hautement sensible int\u00e9gr\u00e9, qui s&rsquo;active automatiquement lorsque vous \u00eates \u00e0 moins de 4 m\u00e8tres, l&rsquo;\u00e9claire de mani\u00e8re agr\u00e9able, maintient l&rsquo;\u00e9clairage pendant 90 secondes et s&rsquo;\u00e9teint automatiquement lorsque vous partez, vous permettant de vous sentir apais\u00e9 sans perturber du tout votre sommeil.<\/li>\n<li>\ud83d\udd26\u3010Mat\u00e9riau souple, batterie int\u00e9gr\u00e9e\u3011 La lampe de toilette est fabriqu\u00e9e en polystyr\u00e8ne doux et extensible, avec un col doux et flexible qui peut \u00eatre facilement pli\u00e9 pour s&rsquo;adapter \u00e0 tout type et forme de toilettes. La lampe de toilette est aliment\u00e9e par batterie int\u00e9gr\u00e9e et peut \u00eatre recharg\u00e9e via USB, ce qui la rend encore plus rentable.<\/li>\n<\/ul>","protected":false},"excerpt":{"rendered":"<p>\ud83d\udd26\u3010Lampe de toilette \u00e0 d\u00e9tecteur de mouvement\u3011 La lampe de toilette \u00e0 LED est dot\u00e9e d&rsquo;un capteur de mouvement hautement sensible int\u00e9gr\u00e9, qui s&rsquo;active automatiquement lorsque vous \u00eates \u00e0 moins de 4 m\u00e8tres, l&rsquo;\u00e9claire de mani\u00e8re agr\u00e9able, maintient l&rsquo;\u00e9clairage pendant 90 secondes et s&rsquo;\u00e9teint automatiquement lorsque vous partez, vous permettant de vous sentir apais\u00e9 sans [&hellip;]<\/p>","protected":false},"featured_media":16747,"comment_status":"open","ping_status":"closed","template":"","meta":[],"product_brand":[],"product_cat":[1042],"product_tag":[],"class_list":{"0":"post-16744","1":"product","2":"type-product","3":"status-publish","4":"has-post-thumbnail","6":"product_cat-energie-et-recharge","8":"first","9":"instock","10":"shipping-taxable","11":"purchasable","12":"product-type-simple","13":"add-to-wishlist-after_add_to_cart"},"_links":{"self":[{"href":"https:\/\/twentyninestore.com\/en\/wp-json\/wp\/v2\/product\/16744","targetHints":{"allow":["GET"]}}],"collection":[{"href":"https:\/\/twentyninestore.com\/en\/wp-json\/wp\/v2\/product"}],"about":[{"href":"https:\/\/twentyninestore.com\/en\/wp-json\/wp\/v2\/types\/product"}],"replies":[{"embeddable":true,"href":"https:\/\/twentyninestore.com\/en\/wp-json\/wp\/v2\/comments?post=16744"}],"version-history":[{"count":1,"href":"https:\/\/twentyninestore.com\/en\/wp-json\/wp\/v2\/product\/16744\/revisions"}],"predecessor-version":[{"id":16748,"href":"https:\/\/twentyninestore.com\/en\/wp-json\/wp\/v2\/product\/16744\/revisions\/16748"}],"wp:featuredmedia":[{"embeddable":true,"href":"https:\/\/twentyninestore.com\/en\/wp-json\/wp\/v2\/media\/16747"}],"wp:attachment":[{"href":"https:\/\/twentyninestore.com\/en\/wp-json\/wp\/v2\/media?parent=16744"}],"wp:term":[{"taxonomy":"product_brand","embeddable":true,"href":"https:\/\/twentyninestore.com\/en\/wp-json\/wp\/v2\/product_brand?post=16744"},{"taxonomy":"product_cat","embeddable":true,"href":"https:\/\/twentyninestore.com\/en\/wp-json\/wp\/v2\/product_cat?post=16744"},{"taxonomy":"product_tag","embeddable":true,"href":"https:\/\/twentyninestore.com\/en\/wp-json\/wp\/v2\/product_tag?post=16744"}],"curies":[{"name":"wp","href":"https:\/\/api.w.org\/{rel}","templated":true}]}}