{"id":16761,"date":"2025-04-08T09:43:26","date_gmt":"2025-04-08T09:43:26","guid":{"rendered":"https:\/\/twentyninestore.com\/?post_type=product&#038;p=16761"},"modified":"2025-04-13T18:43:33","modified_gmt":"2025-04-13T18:43:33","slug":"jemora-led-lumiere-de-camping","status":"publish","type":"product","link":"https:\/\/twentyninestore.com\/en\/product\/jemora-led-lumiere-de-camping\/","title":{"rendered":"Jemora LED lumi\u00e8re de Camping"},"content":{"rendered":"<p>Nous ne savons pas quand cet article sera de nouveau approvisionn\u00e9 ni s&rsquo;il le sera.<\/p>\n<ul>\n<li>Chargement USB : cette lampe de camping LED dispose d&rsquo;un syst\u00e8me de chargement USB, permettant une recharge facile et pratique pendant vos as en plein air.<\/li>\n<li>Deux modes d&rsquo;\u00e9clairage : la lampe de tente offre des options d&rsquo;\u00e9clairage chaud et multicolore, cr\u00e9ant une atmosph\u00e8re chaleureuse ou vibrante en fonction de votre humeur ou de votre activit\u00e9.<\/li>\n<li>Compacte et portable : con\u00e7ue avec un style de ruban \u00e0 mesurer, cette lampe de camping est facile \u00e0 ranger et \u00e0 transporter, ce qui en fait un compagnon id\u00e9al pour le camping, la randonn\u00e9e et d&rsquo;autres activit\u00e9s de plein air.<\/li>\n<li>Bande lumineuse \u00e9tendue : la bande lumineuse de 8 m fournit un \u00e9clairage \u00e9tendu, garantissant que votre camping est bien \u00e9clair\u00e9 et s\u00e9curis\u00e9 tout au long de la nuit.<\/li>\n<li>Batterie haute capacit\u00e9 : \u00e9quip\u00e9e d&rsquo;une batterie de 1 500 mAh, cette lampe de camping offre des performances durables, fournissant un \u00e9clairage fiable pour vos besoins ext\u00e9rieurs.<\/li>\n<\/ul>","protected":false},"excerpt":{"rendered":"<p>Nous ne savons pas quand cet article sera de nouveau approvisionn\u00e9 ni s&rsquo;il le sera. Chargement USB : cette lampe de camping LED dispose d&rsquo;un syst\u00e8me de chargement USB, permettant une recharge facile et pratique pendant vos as en plein air. Deux modes d&rsquo;\u00e9clairage : la lampe de tente offre des options d&rsquo;\u00e9clairage chaud et [&hellip;]<\/p>","protected":false},"featured_media":16767,"comment_status":"open","ping_status":"closed","template":"","meta":[],"product_brand":[],"product_cat":[1042],"product_tag":[],"class_list":{"0":"post-16761","1":"product","2":"type-product","3":"status-publish","4":"has-post-thumbnail","6":"product_cat-energie-et-recharge","8":"first","9":"instock","10":"shipping-taxable","11":"purchasable","12":"product-type-simple","13":"add-to-wishlist-after_add_to_cart"},"_links":{"self":[{"href":"https:\/\/twentyninestore.com\/en\/wp-json\/wp\/v2\/product\/16761","targetHints":{"allow":["GET"]}}],"collection":[{"href":"https:\/\/twentyninestore.com\/en\/wp-json\/wp\/v2\/product"}],"about":[{"href":"https:\/\/twentyninestore.com\/en\/wp-json\/wp\/v2\/types\/product"}],"replies":[{"embeddable":true,"href":"https:\/\/twentyninestore.com\/en\/wp-json\/wp\/v2\/comments?post=16761"}],"version-history":[{"count":1,"href":"https:\/\/twentyninestore.com\/en\/wp-json\/wp\/v2\/product\/16761\/revisions"}],"predecessor-version":[{"id":16768,"href":"https:\/\/twentyninestore.com\/en\/wp-json\/wp\/v2\/product\/16761\/revisions\/16768"}],"wp:featuredmedia":[{"embeddable":true,"href":"https:\/\/twentyninestore.com\/en\/wp-json\/wp\/v2\/media\/16767"}],"wp:attachment":[{"href":"https:\/\/twentyninestore.com\/en\/wp-json\/wp\/v2\/media?parent=16761"}],"wp:term":[{"taxonomy":"product_brand","embeddable":true,"href":"https:\/\/twentyninestore.com\/en\/wp-json\/wp\/v2\/product_brand?post=16761"},{"taxonomy":"product_cat","embeddable":true,"href":"https:\/\/twentyninestore.com\/en\/wp-json\/wp\/v2\/product_cat?post=16761"},{"taxonomy":"product_tag","embeddable":true,"href":"https:\/\/twentyninestore.com\/en\/wp-json\/wp\/v2\/product_tag?post=16761"}],"curies":[{"name":"wp","href":"https:\/\/api.w.org\/{rel}","templated":true}]}}