{"id":16769,"date":"2025-04-08T09:48:01","date_gmt":"2025-04-08T09:48:01","guid":{"rendered":"https:\/\/twentyninestore.com\/?post_type=product&#038;p=16769"},"modified":"2025-04-13T18:44:38","modified_gmt":"2025-04-13T18:44:38","slug":"lumineuse-de-camping","status":"publish","type":"product","link":"https:\/\/twentyninestore.com\/en\/product\/lumineuse-de-camping\/","title":{"rendered":"Lumineuse de Camping"},"content":{"rendered":"<ul>\n<li>2-en-1 Guirlande Lumineuse et Lanterne de Camping\u3011La lanterne de camping ELLASAY combine astucieusement une lanterne et une guirlande lumineuse. La guirlande de 10 m\u00e8tres en blanc chaud cr\u00e9e une ambiance chaleureuse sous les \u00e9toiles ou autour du feu de camp, parfaite pour les couples et les campeurs.<\/li>\n<li>\u3010Plusieurs Modes d&rsquo;\u00c9clairage\u3011La guirlande lumineuse de camping propose 3 modes : lumi\u00e8re constante, clignotement lent et clignotement rapide, avec une temp\u00e9rature de couleur de 2700K. Id\u00e9ale pour les tentes de camping, les r\u00e9unions de famille et plus encore ; la lumi\u00e8re de tente et la lumi\u00e8re de camping peuvent \u00eatre utilis\u00e9es simultan\u00e9ment (100 lumens) ou s\u00e9par\u00e9ment (lumi\u00e8re de camping : 4000K, 200 lumens).<\/li>\n<li>\u3010Facile \u00e0 Ranger, L\u00e9ger \u00e0 Transporter\u3011Les guirlandes lumineuses ELLASAY sont \u00e9quip\u00e9es d&rsquo;un dispositif manuel permettant un rangement rapide en 30 secondes. La lumi\u00e8re de camping l\u00e9g\u00e8re (260g) est portable et peut \u00eatre facilement gliss\u00e9e dans un sac \u00e0 dos ou tenue \u00e0 la main. Un crochet permet de l&rsquo;accrocher \u00e0 un sac \u00e0 dos, une tente ou un arbre, lib\u00e9rant ainsi les mains.<\/li>\n<li>\u3010Robuste, Difficile \u00e0 Casser\u3011Les guirlandes lumineuses USB sont recouvertes d&rsquo;une couche ext\u00e9rieure en caoutchouc doux, lisse et structur\u00e9e. La bande lumineuse est robuste et peut \u00eatre pli\u00e9e, enroul\u00e9e et torsad\u00e9e. La guirlande lumineuse de 10 m\u00e8tres est le meilleur choix pour d\u00e9corer votre tente.<\/li>\n<li>\u3010\u00c9tanche, R\u00e9sistante aux Chocs, Rechargeable par USB\u3011Les lumi\u00e8res de camping sont \u00e9tanches IPX4 et durables. La batterie permet 7 heures d&rsquo;utilisation de la guirlande lumineuse et 3 heures d&rsquo;utilisation combin\u00e9e de la guirlande et de la lumi\u00e8re de camping, m\u00eame pendant la charge. (N\u00e9cessite un c\u00e2ble Type-C standard ; aucun c\u00e2ble USB inclus.)<\/li>\n<li>\u3010Large Application\u3011Id\u00e9ale non seulement pour les tentes de camping, mais aussi pour la maison, la cour, le camping-car et les occasions romantiques. Peut servir de lumi\u00e8re d&rsquo;urgence en cas de panne de courant ou de catastrophe naturelle.<\/li>\n<\/ul>","protected":false},"excerpt":{"rendered":"<p>2-en-1 Guirlande Lumineuse et Lanterne de Camping\u3011La lanterne de camping ELLASAY combine astucieusement une lanterne et une guirlande lumineuse. La guirlande de 10 m\u00e8tres en blanc chaud cr\u00e9e une ambiance chaleureuse sous les \u00e9toiles ou autour du feu de camp, parfaite pour les couples et les campeurs. \u3010Plusieurs Modes d&rsquo;\u00c9clairage\u3011La guirlande lumineuse de camping propose [&hellip;]<\/p>","protected":false},"featured_media":16775,"comment_status":"open","ping_status":"closed","template":"","meta":[],"product_brand":[],"product_cat":[1042],"product_tag":[],"class_list":{"0":"post-16769","1":"product","2":"type-product","3":"status-publish","4":"has-post-thumbnail","6":"product_cat-energie-et-recharge","8":"first","9":"instock","10":"shipping-taxable","11":"purchasable","12":"product-type-simple","13":"add-to-wishlist-after_add_to_cart"},"_links":{"self":[{"href":"https:\/\/twentyninestore.com\/en\/wp-json\/wp\/v2\/product\/16769","targetHints":{"allow":["GET"]}}],"collection":[{"href":"https:\/\/twentyninestore.com\/en\/wp-json\/wp\/v2\/product"}],"about":[{"href":"https:\/\/twentyninestore.com\/en\/wp-json\/wp\/v2\/types\/product"}],"replies":[{"embeddable":true,"href":"https:\/\/twentyninestore.com\/en\/wp-json\/wp\/v2\/comments?post=16769"}],"version-history":[{"count":1,"href":"https:\/\/twentyninestore.com\/en\/wp-json\/wp\/v2\/product\/16769\/revisions"}],"predecessor-version":[{"id":16776,"href":"https:\/\/twentyninestore.com\/en\/wp-json\/wp\/v2\/product\/16769\/revisions\/16776"}],"wp:featuredmedia":[{"embeddable":true,"href":"https:\/\/twentyninestore.com\/en\/wp-json\/wp\/v2\/media\/16775"}],"wp:attachment":[{"href":"https:\/\/twentyninestore.com\/en\/wp-json\/wp\/v2\/media?parent=16769"}],"wp:term":[{"taxonomy":"product_brand","embeddable":true,"href":"https:\/\/twentyninestore.com\/en\/wp-json\/wp\/v2\/product_brand?post=16769"},{"taxonomy":"product_cat","embeddable":true,"href":"https:\/\/twentyninestore.com\/en\/wp-json\/wp\/v2\/product_cat?post=16769"},{"taxonomy":"product_tag","embeddable":true,"href":"https:\/\/twentyninestore.com\/en\/wp-json\/wp\/v2\/product_tag?post=16769"}],"curies":[{"name":"wp","href":"https:\/\/api.w.org\/{rel}","templated":true}]}}