{"id":16784,"date":"2025-04-08T10:02:08","date_gmt":"2025-04-08T10:02:08","guid":{"rendered":"https:\/\/twentyninestore.com\/?post_type=product&#038;p=16784"},"modified":"2025-04-08T10:02:16","modified_gmt":"2025-04-08T10:02:16","slug":"meuble-de-rangement-modulable","status":"publish","type":"product","link":"https:\/\/twentyninestore.com\/en\/product\/meuble-de-rangement-modulable\/","title":{"rendered":"meuble de rangement modulable"},"content":{"rendered":"<ol>\n<li><strong>Structure<\/strong>\u00a0: Le meuble est en bois ou en MDF, peint en blanc avec une finition lisse.\u00a0<strong>Barres m\u00e9talliques<\/strong>\u00a0: Il dispose de plusieurs barres horizontales en m\u00e9tal (ou acier chrom\u00e9) : une en haut et trois \u00e0 droite, probablement pour suspendre des accessoires, rouleaux ou serviettes.\u00a0<strong>Compartiments ouverts<\/strong>\u00a0: Plusieurs espaces divis\u00e9s en sections ouvertes, offrant des zones de rangement vari\u00e9es.\u00a0<strong>Utilisation polyvalente<\/strong>\u00a0: Peut servir pour organiser des rouleaux de papier, torchons, ustensiles ou v\u00eatements.\u00a0<strong>Fixation murale<\/strong>\u00a0: Le meuble semble pr\u00e9vu pour \u00eatre fix\u00e9 au mur gr\u00e2ce \u00e0 des supports situ\u00e9s sur les angles sup\u00e9rieurs.\u00a0dimension: 60*50*12<\/li>\n<\/ol>\n<p>Cela pourrait \u00eatre un meuble utilitaire pratique pour optimiser un espace de rangement dans une petite zone.<\/p>","protected":false},"excerpt":{"rendered":"<p>Structure\u00a0: Le meuble est en bois ou en MDF, peint en blanc avec une finition lisse.\u00a0Barres m\u00e9talliques\u00a0: Il dispose de plusieurs barres horizontales en m\u00e9tal (ou acier chrom\u00e9) : une en haut et trois \u00e0 droite, probablement pour suspendre des accessoires, rouleaux ou serviettes.\u00a0Compartiments ouverts\u00a0: Plusieurs espaces divis\u00e9s en sections ouvertes, offrant des zones de [&hellip;]<\/p>","protected":false},"featured_media":16792,"comment_status":"open","ping_status":"closed","template":"","meta":[],"product_brand":[],"product_cat":[1003],"product_tag":[],"class_list":{"0":"post-16784","1":"product","2":"type-product","3":"status-publish","4":"has-post-thumbnail","6":"product_cat-rangement-organisation","8":"first","9":"instock","10":"shipping-taxable","11":"purchasable","12":"product-type-variable","13":"add-to-wishlist-after_add_to_cart"},"_links":{"self":[{"href":"https:\/\/twentyninestore.com\/en\/wp-json\/wp\/v2\/product\/16784","targetHints":{"allow":["GET"]}}],"collection":[{"href":"https:\/\/twentyninestore.com\/en\/wp-json\/wp\/v2\/product"}],"about":[{"href":"https:\/\/twentyninestore.com\/en\/wp-json\/wp\/v2\/types\/product"}],"replies":[{"embeddable":true,"href":"https:\/\/twentyninestore.com\/en\/wp-json\/wp\/v2\/comments?post=16784"}],"version-history":[{"count":1,"href":"https:\/\/twentyninestore.com\/en\/wp-json\/wp\/v2\/product\/16784\/revisions"}],"predecessor-version":[{"id":16793,"href":"https:\/\/twentyninestore.com\/en\/wp-json\/wp\/v2\/product\/16784\/revisions\/16793"}],"wp:featuredmedia":[{"embeddable":true,"href":"https:\/\/twentyninestore.com\/en\/wp-json\/wp\/v2\/media\/16792"}],"wp:attachment":[{"href":"https:\/\/twentyninestore.com\/en\/wp-json\/wp\/v2\/media?parent=16784"}],"wp:term":[{"taxonomy":"product_brand","embeddable":true,"href":"https:\/\/twentyninestore.com\/en\/wp-json\/wp\/v2\/product_brand?post=16784"},{"taxonomy":"product_cat","embeddable":true,"href":"https:\/\/twentyninestore.com\/en\/wp-json\/wp\/v2\/product_cat?post=16784"},{"taxonomy":"product_tag","embeddable":true,"href":"https:\/\/twentyninestore.com\/en\/wp-json\/wp\/v2\/product_tag?post=16784"}],"curies":[{"name":"wp","href":"https:\/\/api.w.org\/{rel}","templated":true}]}}