{"id":16877,"date":"2025-04-08T11:28:23","date_gmt":"2025-04-08T11:28:23","guid":{"rendered":"https:\/\/twentyninestore.com\/?post_type=product&#038;p=16877"},"modified":"2025-04-08T11:28:37","modified_gmt":"2025-04-08T11:28:37","slug":"chauffage-electrique-home-electronics-1200w-blanc","status":"publish","type":"product","link":"https:\/\/twentyninestore.com\/en\/product\/chauffage-electrique-home-electronics-1200w-blanc\/","title":{"rendered":"Chauffage Electrique Home Electronics 1200W Blanc"},"content":{"rendered":"<p><strong>Chauffage Electrique Home Electronics TCQH12FS<\/strong>\u00a0\u2013\u00a0<strong>Puissance<\/strong>: 1200 w \u2013\u00a0<strong>Niveau de chaleur<\/strong>\u00a0: 3 Niveaux \u2013 Facile \u00e0 r\u00e9gler \u2013 Bouton de r\u00e9glage \u2013 Facile \u00e0 d\u00e9placer avec poign\u00e9e \u2013 Une lumi\u00e8re douce et confortable \u2013 Chauffe la maison en quelques minute \u2013\u00a0<strong>Couleur<\/strong>\u00a0: Blanc<\/p>","protected":false},"excerpt":{"rendered":"<p>Chauffage Electrique Home Electronics TCQH12FS\u00a0\u2013\u00a0Puissance: 1200 w \u2013\u00a0Niveau de chaleur\u00a0: 3 Niveaux \u2013 Facile \u00e0 r\u00e9gler \u2013 Bouton de r\u00e9glage \u2013 Facile \u00e0 d\u00e9placer avec poign\u00e9e \u2013 Une lumi\u00e8re douce et confortable \u2013 Chauffe la maison en quelques minute \u2013\u00a0Couleur\u00a0: Blanc<\/p>","protected":false},"featured_media":16891,"comment_status":"open","ping_status":"closed","template":"","meta":[],"product_brand":[],"product_cat":[1005],"product_tag":[],"class_list":{"0":"post-16877","1":"product","2":"type-product","3":"status-publish","4":"has-post-thumbnail","6":"product_cat-electromenager-domestique","8":"first","9":"instock","10":"shipping-taxable","11":"purchasable","12":"product-type-simple","13":"add-to-wishlist-after_add_to_cart"},"_links":{"self":[{"href":"https:\/\/twentyninestore.com\/en\/wp-json\/wp\/v2\/product\/16877","targetHints":{"allow":["GET"]}}],"collection":[{"href":"https:\/\/twentyninestore.com\/en\/wp-json\/wp\/v2\/product"}],"about":[{"href":"https:\/\/twentyninestore.com\/en\/wp-json\/wp\/v2\/types\/product"}],"replies":[{"embeddable":true,"href":"https:\/\/twentyninestore.com\/en\/wp-json\/wp\/v2\/comments?post=16877"}],"version-history":[{"count":1,"href":"https:\/\/twentyninestore.com\/en\/wp-json\/wp\/v2\/product\/16877\/revisions"}],"predecessor-version":[{"id":16892,"href":"https:\/\/twentyninestore.com\/en\/wp-json\/wp\/v2\/product\/16877\/revisions\/16892"}],"wp:featuredmedia":[{"embeddable":true,"href":"https:\/\/twentyninestore.com\/en\/wp-json\/wp\/v2\/media\/16891"}],"wp:attachment":[{"href":"https:\/\/twentyninestore.com\/en\/wp-json\/wp\/v2\/media?parent=16877"}],"wp:term":[{"taxonomy":"product_brand","embeddable":true,"href":"https:\/\/twentyninestore.com\/en\/wp-json\/wp\/v2\/product_brand?post=16877"},{"taxonomy":"product_cat","embeddable":true,"href":"https:\/\/twentyninestore.com\/en\/wp-json\/wp\/v2\/product_cat?post=16877"},{"taxonomy":"product_tag","embeddable":true,"href":"https:\/\/twentyninestore.com\/en\/wp-json\/wp\/v2\/product_tag?post=16877"}],"curies":[{"name":"wp","href":"https:\/\/api.w.org\/{rel}","templated":true}]}}