{"id":16898,"date":"2025-04-08T11:31:02","date_gmt":"2025-04-08T11:31:02","guid":{"rendered":"https:\/\/twentyninestore.com\/?post_type=product&#038;p=16898"},"modified":"2025-04-08T11:31:08","modified_gmt":"2025-04-08T11:31:08","slug":"chauffage-electrique-home-electronics-800-w-blanc","status":"publish","type":"product","link":"https:\/\/twentyninestore.com\/en\/product\/chauffage-electrique-home-electronics-800-w-blanc\/","title":{"rendered":"Chauffage \u00c9lectrique HOME Electronics 800 W Blanc"},"content":{"rendered":"<p><strong>Chauffage \u00c9lectrique HOME ELECTRONICS\u00a0<\/strong>\u2013\u00a0<strong>Puissance<\/strong>\u00a0: 800 Watts\u00a0\u2013\u00a0<strong>Niveau de chaleur<\/strong>\u00a0: 2 Tubes 400w \/ 800W \u2013 Facile \u00e0 d\u00e9placer avec poign\u00e9e \u2013 Une lumi\u00e8re douce et confortable \u2013 id\u00e9al pour les bureaux et les chambres \u2013\u00a0<strong>Couleur<\/strong>: Blanc<\/p>","protected":false},"excerpt":{"rendered":"<p>Chauffage \u00c9lectrique HOME ELECTRONICS\u00a0\u2013\u00a0Puissance\u00a0: 800 Watts\u00a0\u2013\u00a0Niveau de chaleur\u00a0: 2 Tubes 400w \/ 800W \u2013 Facile \u00e0 d\u00e9placer avec poign\u00e9e \u2013 Une lumi\u00e8re douce et confortable \u2013 id\u00e9al pour les bureaux et les chambres \u2013\u00a0Couleur: Blanc<\/p>","protected":false},"featured_media":16903,"comment_status":"open","ping_status":"closed","template":"","meta":[],"product_brand":[],"product_cat":[1005],"product_tag":[],"class_list":{"0":"post-16898","1":"product","2":"type-product","3":"status-publish","4":"has-post-thumbnail","6":"product_cat-electromenager-domestique","8":"first","9":"instock","10":"shipping-taxable","11":"purchasable","12":"product-type-simple","13":"add-to-wishlist-after_add_to_cart"},"_links":{"self":[{"href":"https:\/\/twentyninestore.com\/en\/wp-json\/wp\/v2\/product\/16898","targetHints":{"allow":["GET"]}}],"collection":[{"href":"https:\/\/twentyninestore.com\/en\/wp-json\/wp\/v2\/product"}],"about":[{"href":"https:\/\/twentyninestore.com\/en\/wp-json\/wp\/v2\/types\/product"}],"replies":[{"embeddable":true,"href":"https:\/\/twentyninestore.com\/en\/wp-json\/wp\/v2\/comments?post=16898"}],"version-history":[{"count":1,"href":"https:\/\/twentyninestore.com\/en\/wp-json\/wp\/v2\/product\/16898\/revisions"}],"predecessor-version":[{"id":16907,"href":"https:\/\/twentyninestore.com\/en\/wp-json\/wp\/v2\/product\/16898\/revisions\/16907"}],"wp:featuredmedia":[{"embeddable":true,"href":"https:\/\/twentyninestore.com\/en\/wp-json\/wp\/v2\/media\/16903"}],"wp:attachment":[{"href":"https:\/\/twentyninestore.com\/en\/wp-json\/wp\/v2\/media?parent=16898"}],"wp:term":[{"taxonomy":"product_brand","embeddable":true,"href":"https:\/\/twentyninestore.com\/en\/wp-json\/wp\/v2\/product_brand?post=16898"},{"taxonomy":"product_cat","embeddable":true,"href":"https:\/\/twentyninestore.com\/en\/wp-json\/wp\/v2\/product_cat?post=16898"},{"taxonomy":"product_tag","embeddable":true,"href":"https:\/\/twentyninestore.com\/en\/wp-json\/wp\/v2\/product_tag?post=16898"}],"curies":[{"name":"wp","href":"https:\/\/api.w.org\/{rel}","templated":true}]}}