{"id":17079,"date":"2025-04-10T11:54:07","date_gmt":"2025-04-10T11:54:07","guid":{"rendered":"https:\/\/twentyninestore.com\/?post_type=product&#038;p=17079"},"modified":"2025-04-10T11:54:17","modified_gmt":"2025-04-10T11:54:17","slug":"huile-corps-parfumee-avec-dargan-dermafig","status":"publish","type":"product","link":"https:\/\/twentyninestore.com\/en\/product\/huile-corps-parfumee-avec-dargan-dermafig\/","title":{"rendered":"Huile corps parfum\u00e9e avec d\u2019argan DERMAFIG"},"content":{"rendered":"<p>Un soin luxueux avec notre huile corps parfum\u00e9e, une alliance parfaite Huile d\u2019argan, huile de noyaux d\u2019abricot et huile d\u2019amande douce . Cette formule riche et enveloppante est con\u00e7ue pour nourrir, hydrater et revitaliser votre peau tout en la parfumant d\u00e9licatement<\/p>\n<p><strong>MODE D\u2019UTILISATION :<\/strong>\u00a0Appliquez une quantit\u00e9 g\u00e9n\u00e9reuse d\u2019huile<\/p>\n<p>sur l\u2019ensemble du corps, en massant doucement jusqu\u2019\u00e0<\/p>\n<p>absorption compl\u00e8te. Utilisez apr\u00e8s la douche ou chaque fois que<\/p>\n<p>votre peau a besoin d\u2019une hydratation suppl\u00e9mentaire.<\/p>","protected":false},"excerpt":{"rendered":"<p>Un soin luxueux avec notre huile corps parfum\u00e9e, une alliance parfaite Huile d\u2019argan, huile de noyaux d\u2019abricot et huile d\u2019amande douce . Cette formule riche et enveloppante est con\u00e7ue pour nourrir, hydrater et revitaliser votre peau tout en la parfumant d\u00e9licatement MODE D\u2019UTILISATION :\u00a0Appliquez une quantit\u00e9 g\u00e9n\u00e9reuse d\u2019huile sur l\u2019ensemble du corps, en massant doucement [&hellip;]<\/p>","protected":false},"featured_media":17082,"comment_status":"open","ping_status":"closed","template":"","meta":[],"product_brand":[],"product_cat":[1019],"product_tag":[],"class_list":{"0":"post-17079","1":"product","2":"type-product","3":"status-publish","4":"has-post-thumbnail","6":"product_cat-soins-du-corps","8":"first","9":"instock","10":"shipping-taxable","11":"purchasable","12":"product-type-simple","13":"add-to-wishlist-after_add_to_cart"},"_links":{"self":[{"href":"https:\/\/twentyninestore.com\/en\/wp-json\/wp\/v2\/product\/17079","targetHints":{"allow":["GET"]}}],"collection":[{"href":"https:\/\/twentyninestore.com\/en\/wp-json\/wp\/v2\/product"}],"about":[{"href":"https:\/\/twentyninestore.com\/en\/wp-json\/wp\/v2\/types\/product"}],"replies":[{"embeddable":true,"href":"https:\/\/twentyninestore.com\/en\/wp-json\/wp\/v2\/comments?post=17079"}],"version-history":[{"count":1,"href":"https:\/\/twentyninestore.com\/en\/wp-json\/wp\/v2\/product\/17079\/revisions"}],"predecessor-version":[{"id":17083,"href":"https:\/\/twentyninestore.com\/en\/wp-json\/wp\/v2\/product\/17079\/revisions\/17083"}],"wp:featuredmedia":[{"embeddable":true,"href":"https:\/\/twentyninestore.com\/en\/wp-json\/wp\/v2\/media\/17082"}],"wp:attachment":[{"href":"https:\/\/twentyninestore.com\/en\/wp-json\/wp\/v2\/media?parent=17079"}],"wp:term":[{"taxonomy":"product_brand","embeddable":true,"href":"https:\/\/twentyninestore.com\/en\/wp-json\/wp\/v2\/product_brand?post=17079"},{"taxonomy":"product_cat","embeddable":true,"href":"https:\/\/twentyninestore.com\/en\/wp-json\/wp\/v2\/product_cat?post=17079"},{"taxonomy":"product_tag","embeddable":true,"href":"https:\/\/twentyninestore.com\/en\/wp-json\/wp\/v2\/product_tag?post=17079"}],"curies":[{"name":"wp","href":"https:\/\/api.w.org\/{rel}","templated":true}]}}