{"id":17147,"date":"2025-04-13T18:14:37","date_gmt":"2025-04-13T18:14:37","guid":{"rendered":"https:\/\/twentyninestore.com\/?post_type=product&#038;p=17147"},"modified":"2025-04-16T10:40:29","modified_gmt":"2025-04-16T10:40:29","slug":"cool-mist-humidifier","status":"publish","type":"product","link":"https:\/\/twentyninestore.com\/en\/product\/cool-mist-humidifier\/","title":{"rendered":"Cool Mist Humidifier"},"content":{"rendered":"<pre class=\"ql-syntax\" spellcheck=\"false\">Couleur et taille : blanc\/vert. Diam\u00e8tre : 18 cm, hauteur : 19,5 cm.\r\nOmnidirectionnel \u00e0 360 degr\u00e9s : brume haute pression humidifiant l'air sans mouiller le bureau. La brume d'eau est fine et douce, pour une humidification \u00e0 grande \u00e9chelle.\r\nVeilleuse chaleureuse : appuyez sur le bouton d'\u00e9clairage pour ajouter une lueur apaisante \u00e0 votre chambre la nuit et cr\u00e9er une atmosph\u00e8re romantique et relaxante.\r\nLarge application : l'humidificateur nettoie parfaitement l'int\u00e9rieur, garantissant ainsi une respiration saine et propre. Convient pour la chambre, le bureau, la voiture, les voyages, etc.\r\nHydratation silencieuse : gr\u00e2ce \u00e0 un ventilateur silencieux et \u00e0 une structure \u00e0 double r\u00e9duction du bruit, le niveau sonore est de 38 dB, soit l'\u00e9quivalent du l\u00e9ger bruit du vent dans les bois.<\/pre>","protected":false},"excerpt":{"rendered":"<p>Couleur et taille : blanc\/vert. Diam\u00e8tre : 18 cm, hauteur : 19,5 cm. Omnidirectionnel \u00e0 360 degr\u00e9s : brume haute pression humidifiant l&rsquo;air sans mouiller le bureau. La brume d&rsquo;eau est fine et douce, pour une humidification \u00e0 grande \u00e9chelle. Veilleuse chaleureuse : appuyez sur le bouton d&rsquo;\u00e9clairage pour ajouter une lueur apaisante \u00e0 votre [&hellip;]<\/p>","protected":false},"featured_media":17603,"comment_status":"open","ping_status":"closed","template":"","meta":[],"product_brand":[],"product_cat":[998],"product_tag":[],"class_list":{"0":"post-17147","1":"product","2":"type-product","3":"status-publish","4":"has-post-thumbnail","6":"product_cat-decoration","8":"first","9":"instock","10":"shipping-taxable","11":"purchasable","12":"product-type-simple","13":"add-to-wishlist-after_add_to_cart"},"_links":{"self":[{"href":"https:\/\/twentyninestore.com\/en\/wp-json\/wp\/v2\/product\/17147","targetHints":{"allow":["GET"]}}],"collection":[{"href":"https:\/\/twentyninestore.com\/en\/wp-json\/wp\/v2\/product"}],"about":[{"href":"https:\/\/twentyninestore.com\/en\/wp-json\/wp\/v2\/types\/product"}],"replies":[{"embeddable":true,"href":"https:\/\/twentyninestore.com\/en\/wp-json\/wp\/v2\/comments?post=17147"}],"version-history":[{"count":1,"href":"https:\/\/twentyninestore.com\/en\/wp-json\/wp\/v2\/product\/17147\/revisions"}],"predecessor-version":[{"id":17156,"href":"https:\/\/twentyninestore.com\/en\/wp-json\/wp\/v2\/product\/17147\/revisions\/17156"}],"wp:featuredmedia":[{"embeddable":true,"href":"https:\/\/twentyninestore.com\/en\/wp-json\/wp\/v2\/media\/17603"}],"wp:attachment":[{"href":"https:\/\/twentyninestore.com\/en\/wp-json\/wp\/v2\/media?parent=17147"}],"wp:term":[{"taxonomy":"product_brand","embeddable":true,"href":"https:\/\/twentyninestore.com\/en\/wp-json\/wp\/v2\/product_brand?post=17147"},{"taxonomy":"product_cat","embeddable":true,"href":"https:\/\/twentyninestore.com\/en\/wp-json\/wp\/v2\/product_cat?post=17147"},{"taxonomy":"product_tag","embeddable":true,"href":"https:\/\/twentyninestore.com\/en\/wp-json\/wp\/v2\/product_tag?post=17147"}],"curies":[{"name":"wp","href":"https:\/\/api.w.org\/{rel}","templated":true}]}}