{"id":17149,"date":"2025-04-13T18:15:03","date_gmt":"2025-04-13T18:15:03","guid":{"rendered":"https:\/\/twentyninestore.com\/?post_type=product&#038;p=17149"},"modified":"2025-04-16T10:48:28","modified_gmt":"2025-04-16T10:48:28","slug":"diffuseur-a-flamme","status":"publish","type":"product","link":"https:\/\/twentyninestore.com\/en\/product\/diffuseur-a-flamme\/","title":{"rendered":"diffuseur \u00e0 flamme"},"content":{"rendered":"<p>\u00eatre un humidificateur \u00e0 brume fra\u00eeche pour ajouter de l&rsquo;humidit\u00e9 \u00e0 votre air afin d&rsquo;\u00e9liminer la s\u00e9cheresse et aider avec votre peau s\u00e8che et gerc\u00e9e, vos l\u00e8vres et vos sinus, vous offrant un environnement frais et confortable. et gerc\u00e9e, vos l\u00e8vres et vos sinus, vous offrant un environnement frais et confortable.<\/p>","protected":false},"excerpt":{"rendered":"<p>\u00eatre un humidificateur \u00e0 brume fra\u00eeche pour ajouter de l&rsquo;humidit\u00e9 \u00e0 votre air afin d&rsquo;\u00e9liminer la s\u00e9cheresse et aider avec votre peau s\u00e8che et gerc\u00e9e, vos l\u00e8vres et vos sinus, vous offrant un environnement frais et confortable. et gerc\u00e9e, vos l\u00e8vres et vos sinus, vous offrant un environnement frais et confortable.<\/p>","protected":false},"featured_media":17605,"comment_status":"open","ping_status":"closed","template":"","meta":[],"product_brand":[],"product_cat":[998],"product_tag":[],"class_list":{"0":"post-17149","1":"product","2":"type-product","3":"status-publish","4":"has-post-thumbnail","6":"product_cat-decoration","8":"first","9":"instock","10":"shipping-taxable","11":"purchasable","12":"product-type-simple","13":"add-to-wishlist-after_add_to_cart"},"_links":{"self":[{"href":"https:\/\/twentyninestore.com\/en\/wp-json\/wp\/v2\/product\/17149","targetHints":{"allow":["GET"]}}],"collection":[{"href":"https:\/\/twentyninestore.com\/en\/wp-json\/wp\/v2\/product"}],"about":[{"href":"https:\/\/twentyninestore.com\/en\/wp-json\/wp\/v2\/types\/product"}],"replies":[{"embeddable":true,"href":"https:\/\/twentyninestore.com\/en\/wp-json\/wp\/v2\/comments?post=17149"}],"version-history":[{"count":1,"href":"https:\/\/twentyninestore.com\/en\/wp-json\/wp\/v2\/product\/17149\/revisions"}],"predecessor-version":[{"id":17157,"href":"https:\/\/twentyninestore.com\/en\/wp-json\/wp\/v2\/product\/17149\/revisions\/17157"}],"wp:featuredmedia":[{"embeddable":true,"href":"https:\/\/twentyninestore.com\/en\/wp-json\/wp\/v2\/media\/17605"}],"wp:attachment":[{"href":"https:\/\/twentyninestore.com\/en\/wp-json\/wp\/v2\/media?parent=17149"}],"wp:term":[{"taxonomy":"product_brand","embeddable":true,"href":"https:\/\/twentyninestore.com\/en\/wp-json\/wp\/v2\/product_brand?post=17149"},{"taxonomy":"product_cat","embeddable":true,"href":"https:\/\/twentyninestore.com\/en\/wp-json\/wp\/v2\/product_cat?post=17149"},{"taxonomy":"product_tag","embeddable":true,"href":"https:\/\/twentyninestore.com\/en\/wp-json\/wp\/v2\/product_tag?post=17149"}],"curies":[{"name":"wp","href":"https:\/\/api.w.org\/{rel}","templated":true}]}}