{"id":17165,"date":"2025-04-13T18:27:15","date_gmt":"2025-04-13T18:27:15","guid":{"rendered":"https:\/\/twentyninestore.com\/?post_type=product&#038;p=17165"},"modified":"2025-04-13T18:29:32","modified_gmt":"2025-04-13T18:29:32","slug":"distributeur-de-boissons-pour-refrigerateur","status":"publish","type":"product","link":"https:\/\/twentyninestore.com\/en\/product\/distributeur-de-boissons-pour-refrigerateur\/","title":{"rendered":"Distributeur de boissons pour r\u00e9frig\u00e9rateur"},"content":{"rendered":"<ul>\n<li>Pratique et pratique : ce distributeur d&rsquo;eau pour r\u00e9frig\u00e9rateur rehausse toute r\u00e9union avec sa beaut\u00e9 visuelle tout en offrant une manipulation pratique et pratique des boissons. La conception transparente offre une vue rapide de la couleur et de la capacit\u00e9 de la boisson, ce qui facilite la gestion des recharges.<\/li>\n<li>Design facile \u00e0 utiliser : avec une bouche de bouteille de taille g\u00e9n\u00e9reuse, ce distributeur d&rsquo;eau pour r\u00e9frig\u00e9rateur assure une hydratation propre et saine. Ajoutez facilement des fruits ou des gla\u00e7ons en bon \u00e9tat et nettoyez en profondeur avec facilit\u00e9, ce qui vous permet d&rsquo;\u00e9conomiser du temps et de l&rsquo;hygi\u00e8ne pour chaque utilisation.<\/li>\n<li>Stockage scell\u00e9 : stockez et transportez votre eau en toute s\u00e9curit\u00e9 avec son couvercle et son corps au design exclusif avec un joint herm\u00e9tique. Sa capacit\u00e9 de fermeture du joint garantit que, m\u00eame s&rsquo;il est plac\u00e9 dans le r\u00e9frig\u00e9rateur ou sorti, il peut \u00eatre stock\u00e9 en toute s\u00e9curit\u00e9 sans d\u00e9versement ni fuite, gardant l&rsquo;eau fra\u00eeche et propre pendant de plus longues p\u00e9riodes.<\/li>\n<li>Largement applicable : \u00e9galement \u00e0 la maison, dans les restaurants, les cuisines et les \u00e9v\u00e9nements, ce distributeur d&rsquo;eau pour r\u00e9frig\u00e9rateur sert du th\u00e9 au citron froid, du jus et plus encore, et sert de stockage innovant pour le d\u00e9tergent \u00e0 lessive et d&rsquo;autres articles.<\/li>\n<li>Mat\u00e9riaux de qualit\u00e9 alimentaire : fabriqu\u00e9 en PP de haute qualit\u00e9 de qualit\u00e9 alimentaire, ce distributeur d&rsquo;eau pour r\u00e9frig\u00e9rateur assure la s\u00e9curit\u00e9 de votre famille en r\u00e9sistant aux temp\u00e9ratures \u00e9lev\u00e9es et en offrant une exp\u00e9rience de boisson saine et hygi\u00e9nique. Savourez le go\u00fbt rafra\u00eechissant et profitez de la fra\u00eecheur durable qu&rsquo;il offre.<\/li>\n<\/ul>","protected":false},"excerpt":{"rendered":"<p>Pratique et pratique : ce distributeur d&rsquo;eau pour r\u00e9frig\u00e9rateur rehausse toute r\u00e9union avec sa beaut\u00e9 visuelle tout en offrant une manipulation pratique et pratique des boissons. La conception transparente offre une vue rapide de la couleur et de la capacit\u00e9 de la boisson, ce qui facilite la gestion des recharges. Design facile \u00e0 utiliser : [&hellip;]<\/p>","protected":false},"featured_media":17169,"comment_status":"open","ping_status":"closed","template":"","meta":[],"product_brand":[],"product_cat":[1056],"product_tag":[],"class_list":{"0":"post-17165","1":"product","2":"type-product","3":"status-publish","4":"has-post-thumbnail","6":"product_cat-petits-equipements-et-ustensiles","8":"first","9":"instock","10":"shipping-taxable","11":"purchasable","12":"product-type-simple","13":"add-to-wishlist-after_add_to_cart"},"_links":{"self":[{"href":"https:\/\/twentyninestore.com\/en\/wp-json\/wp\/v2\/product\/17165","targetHints":{"allow":["GET"]}}],"collection":[{"href":"https:\/\/twentyninestore.com\/en\/wp-json\/wp\/v2\/product"}],"about":[{"href":"https:\/\/twentyninestore.com\/en\/wp-json\/wp\/v2\/types\/product"}],"replies":[{"embeddable":true,"href":"https:\/\/twentyninestore.com\/en\/wp-json\/wp\/v2\/comments?post=17165"}],"version-history":[{"count":2,"href":"https:\/\/twentyninestore.com\/en\/wp-json\/wp\/v2\/product\/17165\/revisions"}],"predecessor-version":[{"id":17170,"href":"https:\/\/twentyninestore.com\/en\/wp-json\/wp\/v2\/product\/17165\/revisions\/17170"}],"wp:featuredmedia":[{"embeddable":true,"href":"https:\/\/twentyninestore.com\/en\/wp-json\/wp\/v2\/media\/17169"}],"wp:attachment":[{"href":"https:\/\/twentyninestore.com\/en\/wp-json\/wp\/v2\/media?parent=17165"}],"wp:term":[{"taxonomy":"product_brand","embeddable":true,"href":"https:\/\/twentyninestore.com\/en\/wp-json\/wp\/v2\/product_brand?post=17165"},{"taxonomy":"product_cat","embeddable":true,"href":"https:\/\/twentyninestore.com\/en\/wp-json\/wp\/v2\/product_cat?post=17165"},{"taxonomy":"product_tag","embeddable":true,"href":"https:\/\/twentyninestore.com\/en\/wp-json\/wp\/v2\/product_tag?post=17165"}],"curies":[{"name":"wp","href":"https:\/\/api.w.org\/{rel}","templated":true}]}}