{"id":17178,"date":"2025-04-13T18:56:41","date_gmt":"2025-04-13T18:56:41","guid":{"rendered":"https:\/\/twentyninestore.com\/?post_type=product&#038;p=17178"},"modified":"2025-04-13T18:57:03","modified_gmt":"2025-04-13T18:57:03","slug":"mini-pistolet-a-ongles-manuel-en-acier","status":"publish","type":"product","link":"https:\/\/twentyninestore.com\/en\/product\/mini-pistolet-a-ongles-manuel-en-acier\/","title":{"rendered":"Mini pistolet \u00e0 ongles manuel en acier"},"content":{"rendered":"<ul>\n<li>Design sonore : la machine \u00e0 clous adopte 3 designs am\u00e9lior\u00e9s d&rsquo;annulation du bruit pour r\u00e9duire le bruit lors de l&rsquo;utilisation, convient au plafond, au mur d&rsquo;outils et d&rsquo;autres sc\u00e9narios de d\u00e9coration, r\u00e9sout le probl\u00e8me.<\/li>\n<\/ul>","protected":false},"excerpt":{"rendered":"<p>Design sonore : la machine \u00e0 clous adopte 3 designs am\u00e9lior\u00e9s d&rsquo;annulation du bruit pour r\u00e9duire le bruit lors de l&rsquo;utilisation, convient au plafond, au mur d&rsquo;outils et d&rsquo;autres sc\u00e9narios de d\u00e9coration, r\u00e9sout le probl\u00e8me.<\/p>","protected":false},"featured_media":17183,"comment_status":"open","ping_status":"closed","template":"","meta":[],"product_brand":[],"product_cat":[1006],"product_tag":[],"class_list":{"0":"post-17178","1":"product","2":"type-product","3":"status-publish","4":"has-post-thumbnail","6":"product_cat-bricolage-securite","8":"first","9":"instock","10":"shipping-taxable","11":"purchasable","12":"product-type-simple","13":"add-to-wishlist-after_add_to_cart"},"_links":{"self":[{"href":"https:\/\/twentyninestore.com\/en\/wp-json\/wp\/v2\/product\/17178","targetHints":{"allow":["GET"]}}],"collection":[{"href":"https:\/\/twentyninestore.com\/en\/wp-json\/wp\/v2\/product"}],"about":[{"href":"https:\/\/twentyninestore.com\/en\/wp-json\/wp\/v2\/types\/product"}],"replies":[{"embeddable":true,"href":"https:\/\/twentyninestore.com\/en\/wp-json\/wp\/v2\/comments?post=17178"}],"version-history":[{"count":1,"href":"https:\/\/twentyninestore.com\/en\/wp-json\/wp\/v2\/product\/17178\/revisions"}],"predecessor-version":[{"id":17184,"href":"https:\/\/twentyninestore.com\/en\/wp-json\/wp\/v2\/product\/17178\/revisions\/17184"}],"wp:featuredmedia":[{"embeddable":true,"href":"https:\/\/twentyninestore.com\/en\/wp-json\/wp\/v2\/media\/17183"}],"wp:attachment":[{"href":"https:\/\/twentyninestore.com\/en\/wp-json\/wp\/v2\/media?parent=17178"}],"wp:term":[{"taxonomy":"product_brand","embeddable":true,"href":"https:\/\/twentyninestore.com\/en\/wp-json\/wp\/v2\/product_brand?post=17178"},{"taxonomy":"product_cat","embeddable":true,"href":"https:\/\/twentyninestore.com\/en\/wp-json\/wp\/v2\/product_cat?post=17178"},{"taxonomy":"product_tag","embeddable":true,"href":"https:\/\/twentyninestore.com\/en\/wp-json\/wp\/v2\/product_tag?post=17178"}],"curies":[{"name":"wp","href":"https:\/\/api.w.org\/{rel}","templated":true}]}}