{"id":17185,"date":"2025-04-13T18:59:44","date_gmt":"2025-04-13T18:59:44","guid":{"rendered":"https:\/\/twentyninestore.com\/?post_type=product&#038;p=17185"},"modified":"2025-04-13T19:00:01","modified_gmt":"2025-04-13T19:00:01","slug":"pince-bouton-pression","status":"publish","type":"product","link":"https:\/\/twentyninestore.com\/en\/product\/pince-bouton-pression\/","title":{"rendered":"Pince Bouton Pression"},"content":{"rendered":"<ul>\n<li>\u00a0D\u00e9tails d&#8217;emballage: pince \u00e0 pression rouge en une seule pi\u00e8ce, longueur environ 14,6 cm, largeur environ 6,6 cm, largeur environ 2 cm, erreur environ 1 cm, convient pour la fermeture du bouton m\u00e2le \/ femelle \u2264 9,5 mm<\/li>\n<li>\u2665 Mat\u00e9riel: fait de m\u00e9tal et de cuir avec une bonne r\u00e9sistance \u00e0 la rouille. La poign\u00e9e en cuir offre une prise confortable et le caoutchouc est l\u00e2che pour emp\u00eacher la boucle de se coincer pendant l&rsquo;utilisation<\/li>\n<li>\u2665 M\u00e9thode d&rsquo;utilisation: ce produit a un r\u00e9glage de commutateur. Pendant l&rsquo;utilisation, il est n\u00e9cessaire de d\u00e9placer la petite plaque de fer vers l&rsquo;ext\u00e9rieur selon les indications de l&rsquo;image et vers l&rsquo;int\u00e9rieur lorsqu&rsquo;elle n&rsquo;est pas utilis\u00e9e. Si vous l&rsquo;utilisez pour la premi\u00e8re fois, nous vous recommandons de pratiquer sur de vieux v\u00eatements.<\/li>\n<li>\u2665 Polyvalent: ce produit est polyvalent et convient \u00e0 la couture et \u00e0 la r\u00e9paration de chemises, de tricots, de pantalons de b\u00e9b\u00e9, de couches, de bavoirs et d&rsquo;autres v\u00eatements fins, de jeans, de vestes, de sacs et d&rsquo;autres articles, ainsi qu&rsquo;\u00e0 l&rsquo;artisanat.<\/li>\n<li>\u2665 Garantie: des produits et services de haute qualit\u00e9 sont notre priorit\u00e9. Si vous avez des questions sur les produits, veuillez nous contacter.<\/li>\n<\/ul>","protected":false},"excerpt":{"rendered":"<p>\u00a0D\u00e9tails d&#8217;emballage: pince \u00e0 pression rouge en une seule pi\u00e8ce, longueur environ 14,6 cm, largeur environ 6,6 cm, largeur environ 2 cm, erreur environ 1 cm, convient pour la fermeture du bouton m\u00e2le \/ femelle \u2264 9,5 mm \u2665 Mat\u00e9riel: fait de m\u00e9tal et de cuir avec une bonne r\u00e9sistance \u00e0 la rouille. La poign\u00e9e [&hellip;]<\/p>","protected":false},"featured_media":17189,"comment_status":"open","ping_status":"closed","template":"","meta":[],"product_brand":[],"product_cat":[1006],"product_tag":[],"class_list":{"0":"post-17185","1":"product","2":"type-product","3":"status-publish","4":"has-post-thumbnail","6":"product_cat-bricolage-securite","8":"first","9":"instock","10":"shipping-taxable","11":"purchasable","12":"product-type-simple","13":"add-to-wishlist-after_add_to_cart"},"_links":{"self":[{"href":"https:\/\/twentyninestore.com\/en\/wp-json\/wp\/v2\/product\/17185","targetHints":{"allow":["GET"]}}],"collection":[{"href":"https:\/\/twentyninestore.com\/en\/wp-json\/wp\/v2\/product"}],"about":[{"href":"https:\/\/twentyninestore.com\/en\/wp-json\/wp\/v2\/types\/product"}],"replies":[{"embeddable":true,"href":"https:\/\/twentyninestore.com\/en\/wp-json\/wp\/v2\/comments?post=17185"}],"version-history":[{"count":1,"href":"https:\/\/twentyninestore.com\/en\/wp-json\/wp\/v2\/product\/17185\/revisions"}],"predecessor-version":[{"id":17190,"href":"https:\/\/twentyninestore.com\/en\/wp-json\/wp\/v2\/product\/17185\/revisions\/17190"}],"wp:featuredmedia":[{"embeddable":true,"href":"https:\/\/twentyninestore.com\/en\/wp-json\/wp\/v2\/media\/17189"}],"wp:attachment":[{"href":"https:\/\/twentyninestore.com\/en\/wp-json\/wp\/v2\/media?parent=17185"}],"wp:term":[{"taxonomy":"product_brand","embeddable":true,"href":"https:\/\/twentyninestore.com\/en\/wp-json\/wp\/v2\/product_brand?post=17185"},{"taxonomy":"product_cat","embeddable":true,"href":"https:\/\/twentyninestore.com\/en\/wp-json\/wp\/v2\/product_cat?post=17185"},{"taxonomy":"product_tag","embeddable":true,"href":"https:\/\/twentyninestore.com\/en\/wp-json\/wp\/v2\/product_tag?post=17185"}],"curies":[{"name":"wp","href":"https:\/\/api.w.org\/{rel}","templated":true}]}}