{"id":17201,"date":"2025-04-13T19:22:54","date_gmt":"2025-04-13T19:22:54","guid":{"rendered":"https:\/\/twentyninestore.com\/?post_type=product&#038;p=17201"},"modified":"2025-04-14T07:51:19","modified_gmt":"2025-04-14T07:51:19","slug":"gommage-visage-figue-de-barbarie-dermafig","status":"publish","type":"product","link":"https:\/\/twentyninestore.com\/en\/product\/gommage-visage-figue-de-barbarie-dermafig\/","title":{"rendered":"Gommage visage Figue de Barbarie DERMAFIG"},"content":{"rendered":"<p>Gommage Visage Purifiant et Matifiant \u2013 R\u00e9v\u00e9lateur d\u2019\u00c9clat Instantan\u00e9 , Gommage visage exceptionnel, con\u00e7u pour purifier, matifier et r\u00e9v\u00e9ler<\/p>\n<p>un \u00e9clat instantan\u00e9. Ce gommage allie une formule enrichie d\u2019actifs naturels et performants pour un visage lumineux et une peau parfaitement<\/p>\n<p>affin\u00e9e. Formul\u00e9 pour offrir une exfoliation efficace tout en r\u00e9gulant l\u2019exc\u00e8s de s\u00e9bum et en nourrissant la peau.<\/p>\n<p><strong>MODE D\u2019UTILISATION :<\/strong><\/p>\n<p>1 \u00e0 2 fois par semaine : Appliquez sur peau propre quelques noisettes en \u00e9vitant le contour des yeux. Massez par l\u00e9gers mouvements<\/p>\n<p>circulaires. Insistez sur les parties o\u00f9 la peau est plus \u00e9paisse : les ailes du nez, le menton. reposez 15 min et frottez l\u00e9g\u00e8rement. Rincez<\/p>\n<p>abondamment \u00e0 l\u2019eau ti\u00e8de<\/p>","protected":false},"excerpt":{"rendered":"<p>Gommage Visage Purifiant et Matifiant \u2013 R\u00e9v\u00e9lateur d\u2019\u00c9clat Instantan\u00e9 , Gommage visage exceptionnel, con\u00e7u pour purifier, matifier et r\u00e9v\u00e9ler un \u00e9clat instantan\u00e9. Ce gommage allie une formule enrichie d\u2019actifs naturels et performants pour un visage lumineux et une peau parfaitement affin\u00e9e. Formul\u00e9 pour offrir une exfoliation efficace tout en r\u00e9gulant l\u2019exc\u00e8s de s\u00e9bum et en [&hellip;]<\/p>","protected":false},"featured_media":17203,"comment_status":"open","ping_status":"closed","template":"","meta":[],"product_brand":[],"product_cat":[1018],"product_tag":[],"class_list":{"0":"post-17201","1":"product","2":"type-product","3":"status-publish","4":"has-post-thumbnail","6":"product_cat-soins-du-visage","8":"first","9":"instock","10":"shipping-taxable","11":"purchasable","12":"product-type-simple","13":"add-to-wishlist-after_add_to_cart"},"_links":{"self":[{"href":"https:\/\/twentyninestore.com\/en\/wp-json\/wp\/v2\/product\/17201","targetHints":{"allow":["GET"]}}],"collection":[{"href":"https:\/\/twentyninestore.com\/en\/wp-json\/wp\/v2\/product"}],"about":[{"href":"https:\/\/twentyninestore.com\/en\/wp-json\/wp\/v2\/types\/product"}],"replies":[{"embeddable":true,"href":"https:\/\/twentyninestore.com\/en\/wp-json\/wp\/v2\/comments?post=17201"}],"version-history":[{"count":1,"href":"https:\/\/twentyninestore.com\/en\/wp-json\/wp\/v2\/product\/17201\/revisions"}],"predecessor-version":[{"id":17202,"href":"https:\/\/twentyninestore.com\/en\/wp-json\/wp\/v2\/product\/17201\/revisions\/17202"}],"wp:featuredmedia":[{"embeddable":true,"href":"https:\/\/twentyninestore.com\/en\/wp-json\/wp\/v2\/media\/17203"}],"wp:attachment":[{"href":"https:\/\/twentyninestore.com\/en\/wp-json\/wp\/v2\/media?parent=17201"}],"wp:term":[{"taxonomy":"product_brand","embeddable":true,"href":"https:\/\/twentyninestore.com\/en\/wp-json\/wp\/v2\/product_brand?post=17201"},{"taxonomy":"product_cat","embeddable":true,"href":"https:\/\/twentyninestore.com\/en\/wp-json\/wp\/v2\/product_cat?post=17201"},{"taxonomy":"product_tag","embeddable":true,"href":"https:\/\/twentyninestore.com\/en\/wp-json\/wp\/v2\/product_tag?post=17201"}],"curies":[{"name":"wp","href":"https:\/\/api.w.org\/{rel}","templated":true}]}}