{"id":17207,"date":"2025-04-13T19:27:44","date_gmt":"2025-04-13T19:27:44","guid":{"rendered":"https:\/\/twentyninestore.com\/?post_type=product&#038;p=17207"},"modified":"2025-04-13T19:27:57","modified_gmt":"2025-04-13T19:27:57","slug":"huile-dargan-pour-le-visage-dermafig","status":"publish","type":"product","link":"https:\/\/twentyninestore.com\/en\/product\/huile-dargan-pour-le-visage-dermafig\/","title":{"rendered":"Huile d\u2019Argan pour le Visage DERMAFIG"},"content":{"rendered":"<p><strong>Huile d\u2019argan pure pour le visage, un v\u00e9ritable concentr\u00e9 de bienfaits pour une peau radieuse et revitalis\u00e9e. Cette huile<\/strong><\/p>\n<p><strong>pr\u00e9cieuse, souvent appel\u00e9e \u201cor liquide\u201d, est un incontournable pour toute routine de soin du visage. L\u2019huile d\u2019argan est le<\/strong><\/p>\n<p><strong>secret ultime pour une peau nourrie, prot\u00e9g\u00e9e et \u00e9clatante, offrant un soin luxueux et efficace pour chaque type de peau.<\/strong><\/p>\n<p><strong>\u00a0<\/strong><strong>MODE D\u2019UTILISATION :<\/strong><\/p>\n<p><strong>Soin du visage :Appliquez quelques gouttes sur votre visage et votre cou, en massant D\u00e9licatement jusqu\u2019\u00e0 compl\u00e8te<\/strong><\/p>\n<p><strong>absorption.<\/strong><\/p>\n<p><strong>Soin des cheveux : Vous pouvez appliquer l\u2019huile d\u2019argan comme un s\u00e9rum capillaire, en appliquant quelques gouttes sur les<\/strong><\/p>\n<p><strong>pointes de vos cheveux pour les hydrater et les prot\u00e9ger des agressions ext\u00e9rieures<\/strong>.<\/p>","protected":false},"excerpt":{"rendered":"<p>Huile d\u2019argan pure pour le visage, un v\u00e9ritable concentr\u00e9 de bienfaits pour une peau radieuse et revitalis\u00e9e. Cette huile pr\u00e9cieuse, souvent appel\u00e9e \u201cor liquide\u201d, est un incontournable pour toute routine de soin du visage. L\u2019huile d\u2019argan est le secret ultime pour une peau nourrie, prot\u00e9g\u00e9e et \u00e9clatante, offrant un soin luxueux et efficace pour chaque [&hellip;]<\/p>","protected":false},"featured_media":17208,"comment_status":"open","ping_status":"closed","template":"","meta":[],"product_brand":[],"product_cat":[1018],"product_tag":[],"class_list":{"0":"post-17207","1":"product","2":"type-product","3":"status-publish","4":"has-post-thumbnail","6":"product_cat-soins-du-visage","8":"first","9":"instock","10":"shipping-taxable","11":"purchasable","12":"product-type-simple","13":"add-to-wishlist-after_add_to_cart"},"_links":{"self":[{"href":"https:\/\/twentyninestore.com\/en\/wp-json\/wp\/v2\/product\/17207","targetHints":{"allow":["GET"]}}],"collection":[{"href":"https:\/\/twentyninestore.com\/en\/wp-json\/wp\/v2\/product"}],"about":[{"href":"https:\/\/twentyninestore.com\/en\/wp-json\/wp\/v2\/types\/product"}],"replies":[{"embeddable":true,"href":"https:\/\/twentyninestore.com\/en\/wp-json\/wp\/v2\/comments?post=17207"}],"version-history":[{"count":1,"href":"https:\/\/twentyninestore.com\/en\/wp-json\/wp\/v2\/product\/17207\/revisions"}],"predecessor-version":[{"id":17209,"href":"https:\/\/twentyninestore.com\/en\/wp-json\/wp\/v2\/product\/17207\/revisions\/17209"}],"wp:featuredmedia":[{"embeddable":true,"href":"https:\/\/twentyninestore.com\/en\/wp-json\/wp\/v2\/media\/17208"}],"wp:attachment":[{"href":"https:\/\/twentyninestore.com\/en\/wp-json\/wp\/v2\/media?parent=17207"}],"wp:term":[{"taxonomy":"product_brand","embeddable":true,"href":"https:\/\/twentyninestore.com\/en\/wp-json\/wp\/v2\/product_brand?post=17207"},{"taxonomy":"product_cat","embeddable":true,"href":"https:\/\/twentyninestore.com\/en\/wp-json\/wp\/v2\/product_cat?post=17207"},{"taxonomy":"product_tag","embeddable":true,"href":"https:\/\/twentyninestore.com\/en\/wp-json\/wp\/v2\/product_tag?post=17207"}],"curies":[{"name":"wp","href":"https:\/\/api.w.org\/{rel}","templated":true}]}}