{"id":17210,"date":"2025-04-13T19:30:02","date_gmt":"2025-04-13T19:30:02","guid":{"rendered":"https:\/\/twentyninestore.com\/?post_type=product&#038;p=17210"},"modified":"2025-04-13T19:30:15","modified_gmt":"2025-04-13T19:30:15","slug":"huile-de-pepin-de-figue-de-barbarie-pour-le-visage-dermafig","status":"publish","type":"product","link":"https:\/\/twentyninestore.com\/en\/product\/huile-de-pepin-de-figue-de-barbarie-pour-le-visage-dermafig\/","title":{"rendered":"Huile de P\u00e9pin de Figue de Barbarie pour le visage DERMAFIG"},"content":{"rendered":"<p><strong>L\u2019huile de p\u00e9pin de figue de barbarie est un v\u00e9ritable tr\u00e9sor pour le soin du visage, offrant une multitude de bienfaits gr\u00e2ce \u00e0 sa<\/strong><\/p>\n<p><strong>composition riche en acides gras essentiels, vitamine E et antioxydants. Elle se distingue par sa capacit\u00e9 \u00e0 hydrater intens\u00e9ment la<\/strong><\/p>\n<p><strong>peau sans laisser de film gras, ce qui la rend id\u00e9ale pour les peaux s\u00e8ches et d\u00e9shydrat\u00e9es. En favorisant la r\u00e9g\u00e9n\u00e9ration cellulaire,<\/strong><\/p>\n<p><strong>elle aide \u00e0 r\u00e9parer les dommages cutan\u00e9s, am\u00e9liorer la texture de la peau et att\u00e9nuer les cicatrices et imperfections.<\/strong><\/p>\n<p><strong>elle convient \u00e9galement aux peaux sujettes \u00e0 l\u2019acn\u00e9, en \u00e9quilibrant la production de s\u00e9bum et en apportant une hydratation sans<\/strong><\/p>\n<p><strong>obstruer les pores. En r\u00e9sum\u00e9, l\u2019huile de p\u00e9pin de figue de barbarie est un soin pr\u00e9cieux qui revitalise la peau, am\u00e9liore son \u00e9clat et<\/strong><\/p>\n<p><strong>contribue \u00e0 un teint plus jeune et plus lumineux.<\/strong><\/p>\n<p><strong>MODE D\u2019UTILISATION :<\/strong><\/p>\n<p><strong>Appliquez quelques gouttes sur le visage et le cou, en massant doucement jusqu\u2019\u00e0 absorption compl\u00e8te.<\/strong><\/p>","protected":false},"excerpt":{"rendered":"<p>L\u2019huile de p\u00e9pin de figue de barbarie est un v\u00e9ritable tr\u00e9sor pour le soin du visage, offrant une multitude de bienfaits gr\u00e2ce \u00e0 sa composition riche en acides gras essentiels, vitamine E et antioxydants. Elle se distingue par sa capacit\u00e9 \u00e0 hydrater intens\u00e9ment la peau sans laisser de film gras, ce qui la rend id\u00e9ale [&hellip;]<\/p>","protected":false},"featured_media":17211,"comment_status":"open","ping_status":"closed","template":"","meta":[],"product_brand":[],"product_cat":[1018],"product_tag":[],"class_list":{"0":"post-17210","1":"product","2":"type-product","3":"status-publish","4":"has-post-thumbnail","6":"product_cat-soins-du-visage","8":"first","9":"instock","10":"shipping-taxable","11":"purchasable","12":"product-type-simple","13":"add-to-wishlist-after_add_to_cart"},"_links":{"self":[{"href":"https:\/\/twentyninestore.com\/en\/wp-json\/wp\/v2\/product\/17210","targetHints":{"allow":["GET"]}}],"collection":[{"href":"https:\/\/twentyninestore.com\/en\/wp-json\/wp\/v2\/product"}],"about":[{"href":"https:\/\/twentyninestore.com\/en\/wp-json\/wp\/v2\/types\/product"}],"replies":[{"embeddable":true,"href":"https:\/\/twentyninestore.com\/en\/wp-json\/wp\/v2\/comments?post=17210"}],"version-history":[{"count":1,"href":"https:\/\/twentyninestore.com\/en\/wp-json\/wp\/v2\/product\/17210\/revisions"}],"predecessor-version":[{"id":17212,"href":"https:\/\/twentyninestore.com\/en\/wp-json\/wp\/v2\/product\/17210\/revisions\/17212"}],"wp:featuredmedia":[{"embeddable":true,"href":"https:\/\/twentyninestore.com\/en\/wp-json\/wp\/v2\/media\/17211"}],"wp:attachment":[{"href":"https:\/\/twentyninestore.com\/en\/wp-json\/wp\/v2\/media?parent=17210"}],"wp:term":[{"taxonomy":"product_brand","embeddable":true,"href":"https:\/\/twentyninestore.com\/en\/wp-json\/wp\/v2\/product_brand?post=17210"},{"taxonomy":"product_cat","embeddable":true,"href":"https:\/\/twentyninestore.com\/en\/wp-json\/wp\/v2\/product_cat?post=17210"},{"taxonomy":"product_tag","embeddable":true,"href":"https:\/\/twentyninestore.com\/en\/wp-json\/wp\/v2\/product_tag?post=17210"}],"curies":[{"name":"wp","href":"https:\/\/api.w.org\/{rel}","templated":true}]}}