{"id":17213,"date":"2025-04-13T19:32:29","date_gmt":"2025-04-13T19:32:29","guid":{"rendered":"https:\/\/twentyninestore.com\/?post_type=product&#038;p=17213"},"modified":"2025-04-13T19:33:45","modified_gmt":"2025-04-13T19:33:45","slug":"serum-visage-multi-actions-a-lacide-hyaluronique-30ml-debada","status":"publish","type":"product","link":"https:\/\/twentyninestore.com\/en\/product\/serum-visage-multi-actions-a-lacide-hyaluronique-30ml-debada\/","title":{"rendered":"S\u00e9rum visage multi-actions \u00e0 l\u2019acide hyaluronique \u2013 30ml DEBADA"},"content":{"rendered":"<p><strong>\u2013 Tous types de peaux<\/strong><\/p>\n<p><strong>\u2013 Acide hyaluronique,<\/strong><\/p>\n<p><strong>collag\u00e8ne<\/strong><\/p>\n<p><strong>\u2013 Anti \u00e2ge<\/strong><\/p>\n<p><strong>\u2013 Anti rides<\/strong><\/p>\n<p><strong>\u2013 R\u00e9g\u00e9n\u00e9rant<\/strong><\/p>","protected":false},"excerpt":{"rendered":"<p>\u2013 Tous types de peaux \u2013 Acide hyaluronique, collag\u00e8ne \u2013 Anti \u00e2ge \u2013 Anti rides \u2013 R\u00e9g\u00e9n\u00e9rant<\/p>","protected":false},"featured_media":17214,"comment_status":"open","ping_status":"closed","template":"","meta":[],"product_brand":[],"product_cat":[1018],"product_tag":[],"class_list":{"0":"post-17213","1":"product","2":"type-product","3":"status-publish","4":"has-post-thumbnail","6":"product_cat-soins-du-visage","8":"first","9":"instock","10":"shipping-taxable","11":"purchasable","12":"product-type-simple","13":"add-to-wishlist-after_add_to_cart"},"_links":{"self":[{"href":"https:\/\/twentyninestore.com\/en\/wp-json\/wp\/v2\/product\/17213","targetHints":{"allow":["GET"]}}],"collection":[{"href":"https:\/\/twentyninestore.com\/en\/wp-json\/wp\/v2\/product"}],"about":[{"href":"https:\/\/twentyninestore.com\/en\/wp-json\/wp\/v2\/types\/product"}],"replies":[{"embeddable":true,"href":"https:\/\/twentyninestore.com\/en\/wp-json\/wp\/v2\/comments?post=17213"}],"version-history":[{"count":1,"href":"https:\/\/twentyninestore.com\/en\/wp-json\/wp\/v2\/product\/17213\/revisions"}],"predecessor-version":[{"id":17215,"href":"https:\/\/twentyninestore.com\/en\/wp-json\/wp\/v2\/product\/17213\/revisions\/17215"}],"wp:featuredmedia":[{"embeddable":true,"href":"https:\/\/twentyninestore.com\/en\/wp-json\/wp\/v2\/media\/17214"}],"wp:attachment":[{"href":"https:\/\/twentyninestore.com\/en\/wp-json\/wp\/v2\/media?parent=17213"}],"wp:term":[{"taxonomy":"product_brand","embeddable":true,"href":"https:\/\/twentyninestore.com\/en\/wp-json\/wp\/v2\/product_brand?post=17213"},{"taxonomy":"product_cat","embeddable":true,"href":"https:\/\/twentyninestore.com\/en\/wp-json\/wp\/v2\/product_cat?post=17213"},{"taxonomy":"product_tag","embeddable":true,"href":"https:\/\/twentyninestore.com\/en\/wp-json\/wp\/v2\/product_tag?post=17213"}],"curies":[{"name":"wp","href":"https:\/\/api.w.org\/{rel}","templated":true}]}}