{"id":17222,"date":"2025-04-14T08:26:46","date_gmt":"2025-04-14T08:26:46","guid":{"rendered":"https:\/\/twentyninestore.com\/?post_type=product&#038;p=17222"},"modified":"2025-04-14T08:27:38","modified_gmt":"2025-04-14T08:27:38","slug":"elixir-datlas-serum-cheveux-dermafig","status":"publish","type":"product","link":"https:\/\/twentyninestore.com\/en\/product\/elixir-datlas-serum-cheveux-dermafig\/","title":{"rendered":"Elixir d\u2019atlas s\u00e9rum cheveux DERMAFIG"},"content":{"rendered":"<p>S\u00e9rum Cheveux Nutri-Revitalisant : Hydratant | Nourrissant | Fortifiant Sp\u00e9cialement con\u00e7u pour offrir une hydratation profonde, une nutrition intense et un renforcement optimal. Formul\u00e9 avec des ingr\u00e9dients de choix, ce s\u00e9rum revitalise vos cheveux de la racine aux pointes. Ce nutri-Revitalisant transforme vos cheveux, leur offrant une hydratation,<\/p>\n<p>une nutrition et une protection exceptionnelles pour une chevelure \u00e9clatante et revitalis\u00e9e<\/p>\n<p><strong>MODE D\u2019UTILISATION :<\/strong><\/p>\n<p>Appliquez une petite quantit\u00e9 de s\u00e9rum sur cheveux propres et<\/p>\n<p>humides, en ciblant longueurs et pointes. R\u00e9partissez bien et coiffez<\/p>\n<p>sans rincer.<\/p>","protected":false},"excerpt":{"rendered":"<p>S\u00e9rum Cheveux Nutri-Revitalisant : Hydratant | Nourrissant | Fortifiant Sp\u00e9cialement con\u00e7u pour offrir une hydratation profonde, une nutrition intense et un renforcement optimal. Formul\u00e9 avec des ingr\u00e9dients de choix, ce s\u00e9rum revitalise vos cheveux de la racine aux pointes. Ce nutri-Revitalisant transforme vos cheveux, leur offrant une hydratation, une nutrition et une protection exceptionnelles pour [&hellip;]<\/p>","protected":false},"featured_media":17223,"comment_status":"open","ping_status":"closed","template":"","meta":[],"product_brand":[],"product_cat":[1020],"product_tag":[],"class_list":{"0":"post-17222","1":"product","2":"type-product","3":"status-publish","4":"has-post-thumbnail","6":"product_cat-soins-capillaires","8":"first","9":"instock","10":"shipping-taxable","11":"purchasable","12":"product-type-simple","13":"add-to-wishlist-after_add_to_cart"},"_links":{"self":[{"href":"https:\/\/twentyninestore.com\/en\/wp-json\/wp\/v2\/product\/17222","targetHints":{"allow":["GET"]}}],"collection":[{"href":"https:\/\/twentyninestore.com\/en\/wp-json\/wp\/v2\/product"}],"about":[{"href":"https:\/\/twentyninestore.com\/en\/wp-json\/wp\/v2\/types\/product"}],"replies":[{"embeddable":true,"href":"https:\/\/twentyninestore.com\/en\/wp-json\/wp\/v2\/comments?post=17222"}],"version-history":[{"count":1,"href":"https:\/\/twentyninestore.com\/en\/wp-json\/wp\/v2\/product\/17222\/revisions"}],"predecessor-version":[{"id":17224,"href":"https:\/\/twentyninestore.com\/en\/wp-json\/wp\/v2\/product\/17222\/revisions\/17224"}],"wp:featuredmedia":[{"embeddable":true,"href":"https:\/\/twentyninestore.com\/en\/wp-json\/wp\/v2\/media\/17223"}],"wp:attachment":[{"href":"https:\/\/twentyninestore.com\/en\/wp-json\/wp\/v2\/media?parent=17222"}],"wp:term":[{"taxonomy":"product_brand","embeddable":true,"href":"https:\/\/twentyninestore.com\/en\/wp-json\/wp\/v2\/product_brand?post=17222"},{"taxonomy":"product_cat","embeddable":true,"href":"https:\/\/twentyninestore.com\/en\/wp-json\/wp\/v2\/product_cat?post=17222"},{"taxonomy":"product_tag","embeddable":true,"href":"https:\/\/twentyninestore.com\/en\/wp-json\/wp\/v2\/product_tag?post=17222"}],"curies":[{"name":"wp","href":"https:\/\/api.w.org\/{rel}","templated":true}]}}