{"id":17425,"date":"2025-04-15T11:08:17","date_gmt":"2025-04-15T11:08:17","guid":{"rendered":"https:\/\/twentyninestore.com\/?post_type=product&#038;p=17425"},"modified":"2025-04-15T11:08:24","modified_gmt":"2025-04-15T11:08:24","slug":"porte-serviette","status":"publish","type":"product","link":"https:\/\/twentyninestore.com\/en\/product\/porte-serviette\/","title":{"rendered":"Porte serviette"},"content":{"rendered":"<p>Apportez une touche de modernit\u00e9 et de praticit\u00e9 \u00e0 votre salle de bain avec notre porte-serviettes en aluminium de 40 cm ! Con\u00e7u pour allier durabilit\u00e9 et \u00e9l\u00e9gance, ce porte-serviettes se distingue par son concept innovant d\u2019assemblage : il est fabriqu\u00e9 \u00e0 partir de tubes en aluminium de haute qualit\u00e9 . Son rev\u00eatement en peinture \u00e9poxy appliqu\u00e9 au four garantit une r\u00e9sistance accrue \u00e0 l\u2019humidit\u00e9 et aux rayures, tout en assurant une finition lisse et esth\u00e9tique.\u00a0DISPONIBLE AUSSI EN NOIR\u00a0PACK INCLU : PORTE SERVIETTE AVEC 2 ROSACES au choix (forme carr\u00e9e ou circulaire) pour une finition \u00e9l\u00e9gante et personnalisable), Vis<\/p>\n<p><strong>Caract\u00e9ristiques :<\/strong><\/p>\n<ul>\n<li><strong>Mat\u00e9riau :<\/strong>\u00a0Aluminium haute qualit\u00e9, avec connecteurs en plastique pour un montage simplifi\u00e9<\/li>\n<li><strong>Finition :<\/strong>\u00a0Rev\u00eatement \u00e9poxy r\u00e9sistant aux rayures et \u00e0 l\u2019humidit\u00e9<\/li>\n<li><strong>Dimensions :<\/strong>\u00a0Longueur de 40 cm, id\u00e9al pour tout espace de salle de bain<\/li>\n<li><strong>Montage :<\/strong>\u00a0Facile et rapide sans besoin d\u2019outils complexes<\/li>\n<\/ul>","protected":false},"excerpt":{"rendered":"<p>Apportez une touche de modernit\u00e9 et de praticit\u00e9 \u00e0 votre salle de bain avec notre porte-serviettes en aluminium de 40 cm ! Con\u00e7u pour allier durabilit\u00e9 et \u00e9l\u00e9gance, ce porte-serviettes se distingue par son concept innovant d\u2019assemblage : il est fabriqu\u00e9 \u00e0 partir de tubes en aluminium de haute qualit\u00e9 . Son rev\u00eatement en peinture [&hellip;]<\/p>","protected":false},"featured_media":17426,"comment_status":"open","ping_status":"closed","template":"","meta":[],"product_brand":[],"product_cat":[1003],"product_tag":[],"class_list":{"0":"post-17425","1":"product","2":"type-product","3":"status-publish","4":"has-post-thumbnail","6":"product_cat-rangement-organisation","8":"first","9":"instock","10":"shipping-taxable","11":"purchasable","12":"product-type-simple","13":"add-to-wishlist-after_add_to_cart"},"_links":{"self":[{"href":"https:\/\/twentyninestore.com\/en\/wp-json\/wp\/v2\/product\/17425","targetHints":{"allow":["GET"]}}],"collection":[{"href":"https:\/\/twentyninestore.com\/en\/wp-json\/wp\/v2\/product"}],"about":[{"href":"https:\/\/twentyninestore.com\/en\/wp-json\/wp\/v2\/types\/product"}],"replies":[{"embeddable":true,"href":"https:\/\/twentyninestore.com\/en\/wp-json\/wp\/v2\/comments?post=17425"}],"version-history":[{"count":1,"href":"https:\/\/twentyninestore.com\/en\/wp-json\/wp\/v2\/product\/17425\/revisions"}],"predecessor-version":[{"id":17430,"href":"https:\/\/twentyninestore.com\/en\/wp-json\/wp\/v2\/product\/17425\/revisions\/17430"}],"wp:featuredmedia":[{"embeddable":true,"href":"https:\/\/twentyninestore.com\/en\/wp-json\/wp\/v2\/media\/17426"}],"wp:attachment":[{"href":"https:\/\/twentyninestore.com\/en\/wp-json\/wp\/v2\/media?parent=17425"}],"wp:term":[{"taxonomy":"product_brand","embeddable":true,"href":"https:\/\/twentyninestore.com\/en\/wp-json\/wp\/v2\/product_brand?post=17425"},{"taxonomy":"product_cat","embeddable":true,"href":"https:\/\/twentyninestore.com\/en\/wp-json\/wp\/v2\/product_cat?post=17425"},{"taxonomy":"product_tag","embeddable":true,"href":"https:\/\/twentyninestore.com\/en\/wp-json\/wp\/v2\/product_tag?post=17425"}],"curies":[{"name":"wp","href":"https:\/\/api.w.org\/{rel}","templated":true}]}}