{"id":17469,"date":"2025-04-15T11:38:58","date_gmt":"2025-04-15T11:38:58","guid":{"rendered":"https:\/\/twentyninestore.com\/?post_type=product&#038;p=17469"},"modified":"2025-04-15T11:39:11","modified_gmt":"2025-04-15T11:39:11","slug":"armoire-de-toilette","status":"publish","type":"product","link":"https:\/\/twentyninestore.com\/en\/product\/armoire-de-toilette\/","title":{"rendered":"Armoire de toilette"},"content":{"rendered":"<p><strong><em>Une armoire de toilette est un meuble de salle de bain fonctionnel et esth\u00e9tique, g\u00e9n\u00e9ralement install\u00e9 au-dessus du lavabo. Elle int\u00e8gre un miroir sur la fa\u00e7ade, id\u00e9al pour se pr\u00e9parer et se maquiller. \u00c0 l\u2019int\u00e9rieur, on trouve des \u00e9tag\u00e8res fixes, permettant de ranger des produits de toilette, des m\u00e9dicaments ou d\u2019autres accessoires de soin.<\/em><\/strong><\/p>","protected":false},"excerpt":{"rendered":"<p>Une armoire de toilette est un meuble de salle de bain fonctionnel et esth\u00e9tique, g\u00e9n\u00e9ralement install\u00e9 au-dessus du lavabo. Elle int\u00e8gre un miroir sur la fa\u00e7ade, id\u00e9al pour se pr\u00e9parer et se maquiller. \u00c0 l\u2019int\u00e9rieur, on trouve des \u00e9tag\u00e8res fixes, permettant de ranger des produits de toilette, des m\u00e9dicaments ou d\u2019autres accessoires de soin.<\/p>","protected":false},"featured_media":17476,"comment_status":"open","ping_status":"closed","template":"","meta":[],"product_brand":[],"product_cat":[1003],"product_tag":[],"class_list":{"0":"post-17469","1":"product","2":"type-product","3":"status-publish","4":"has-post-thumbnail","6":"product_cat-rangement-organisation","8":"first","9":"instock","10":"shipping-taxable","11":"purchasable","12":"product-type-variable","13":"add-to-wishlist-after_add_to_cart"},"_links":{"self":[{"href":"https:\/\/twentyninestore.com\/en\/wp-json\/wp\/v2\/product\/17469","targetHints":{"allow":["GET"]}}],"collection":[{"href":"https:\/\/twentyninestore.com\/en\/wp-json\/wp\/v2\/product"}],"about":[{"href":"https:\/\/twentyninestore.com\/en\/wp-json\/wp\/v2\/types\/product"}],"replies":[{"embeddable":true,"href":"https:\/\/twentyninestore.com\/en\/wp-json\/wp\/v2\/comments?post=17469"}],"version-history":[{"count":1,"href":"https:\/\/twentyninestore.com\/en\/wp-json\/wp\/v2\/product\/17469\/revisions"}],"predecessor-version":[{"id":17477,"href":"https:\/\/twentyninestore.com\/en\/wp-json\/wp\/v2\/product\/17469\/revisions\/17477"}],"wp:featuredmedia":[{"embeddable":true,"href":"https:\/\/twentyninestore.com\/en\/wp-json\/wp\/v2\/media\/17476"}],"wp:attachment":[{"href":"https:\/\/twentyninestore.com\/en\/wp-json\/wp\/v2\/media?parent=17469"}],"wp:term":[{"taxonomy":"product_brand","embeddable":true,"href":"https:\/\/twentyninestore.com\/en\/wp-json\/wp\/v2\/product_brand?post=17469"},{"taxonomy":"product_cat","embeddable":true,"href":"https:\/\/twentyninestore.com\/en\/wp-json\/wp\/v2\/product_cat?post=17469"},{"taxonomy":"product_tag","embeddable":true,"href":"https:\/\/twentyninestore.com\/en\/wp-json\/wp\/v2\/product_tag?post=17469"}],"curies":[{"name":"wp","href":"https:\/\/api.w.org\/{rel}","templated":true}]}}