{"id":17490,"date":"2025-04-15T11:51:38","date_gmt":"2025-04-15T11:51:38","guid":{"rendered":"https:\/\/twentyninestore.com\/?post_type=product&#038;p=17490"},"modified":"2025-04-16T11:17:49","modified_gmt":"2025-04-16T11:17:49","slug":"miroir-sur-pied-avec-etagere-en-bois","status":"publish","type":"product","link":"https:\/\/twentyninestore.com\/en\/product\/miroir-sur-pied-avec-etagere-en-bois\/","title":{"rendered":"Miroir sur pied avec \u00e9tag\u00e8re en bois"},"content":{"rendered":"<ul>\n<li>Dimensions : environ 174,5 cm x 49 cm x 41,5 cm (hauteur x largeur x profondeur)<\/li>\n<li>Mat\u00e9riau : bois\/verre | Couleur : naturel<\/li>\n<li>Le miroir sur pied est orientable gr\u00e2ce \u00e0 2 vis de fixation<\/li>\n<li>Miroir complet avec \u00e9tag\u00e8re (environ 36 x 32 x 46 cm)<\/li>\n<\/ul>","protected":false},"excerpt":{"rendered":"<p>Dimensions : environ 174,5 cm x 49 cm x 41,5 cm (hauteur x largeur x profondeur) Mat\u00e9riau : bois\/verre | Couleur : naturel Le miroir sur pied est orientable gr\u00e2ce \u00e0 2 vis de fixation Miroir complet avec \u00e9tag\u00e8re (environ 36 x 32 x 46 cm)<\/p>","protected":false},"featured_media":17611,"comment_status":"open","ping_status":"closed","template":"","meta":[],"product_brand":[],"product_cat":[998,128],"product_tag":[],"class_list":{"0":"post-17490","1":"product","2":"type-product","3":"status-publish","4":"has-post-thumbnail","6":"product_cat-decoration","7":"product_cat-maisons-bureaux","9":"first","10":"instock","11":"shipping-taxable","12":"purchasable","13":"product-type-simple","14":"add-to-wishlist-after_add_to_cart"},"_links":{"self":[{"href":"https:\/\/twentyninestore.com\/en\/wp-json\/wp\/v2\/product\/17490","targetHints":{"allow":["GET"]}}],"collection":[{"href":"https:\/\/twentyninestore.com\/en\/wp-json\/wp\/v2\/product"}],"about":[{"href":"https:\/\/twentyninestore.com\/en\/wp-json\/wp\/v2\/types\/product"}],"replies":[{"embeddable":true,"href":"https:\/\/twentyninestore.com\/en\/wp-json\/wp\/v2\/comments?post=17490"}],"version-history":[{"count":1,"href":"https:\/\/twentyninestore.com\/en\/wp-json\/wp\/v2\/product\/17490\/revisions"}],"predecessor-version":[{"id":17491,"href":"https:\/\/twentyninestore.com\/en\/wp-json\/wp\/v2\/product\/17490\/revisions\/17491"}],"wp:featuredmedia":[{"embeddable":true,"href":"https:\/\/twentyninestore.com\/en\/wp-json\/wp\/v2\/media\/17611"}],"wp:attachment":[{"href":"https:\/\/twentyninestore.com\/en\/wp-json\/wp\/v2\/media?parent=17490"}],"wp:term":[{"taxonomy":"product_brand","embeddable":true,"href":"https:\/\/twentyninestore.com\/en\/wp-json\/wp\/v2\/product_brand?post=17490"},{"taxonomy":"product_cat","embeddable":true,"href":"https:\/\/twentyninestore.com\/en\/wp-json\/wp\/v2\/product_cat?post=17490"},{"taxonomy":"product_tag","embeddable":true,"href":"https:\/\/twentyninestore.com\/en\/wp-json\/wp\/v2\/product_tag?post=17490"}],"curies":[{"name":"wp","href":"https:\/\/api.w.org\/{rel}","templated":true}]}}