{"id":17493,"date":"2025-04-15T11:54:59","date_gmt":"2025-04-15T11:54:59","guid":{"rendered":"https:\/\/twentyninestore.com\/?post_type=product&#038;p=17493"},"modified":"2025-04-15T11:55:15","modified_gmt":"2025-04-15T11:55:15","slug":"chariot-de-service","status":"publish","type":"product","link":"https:\/\/twentyninestore.com\/en\/product\/chariot-de-service\/","title":{"rendered":"chariot de service"},"content":{"rendered":"<p>Ce chariot de service en bois est con\u00e7u pour allier \u00e9l\u00e9gance et fonctionnalit\u00e9. Fabriqu\u00e9 en bois massif, il arbore une finition naturelle qui met en valeur son style rustique et chaleureux. Il est \u00e9quip\u00e9 de deux niveaux de rangement, dont un plateau amovible sur la partie sup\u00e9rieure, offrant une grande praticit\u00e9 pour servir boissons et repas.<\/p>\n<p>Ses grandes roues en bois avec un axe m\u00e9tallique assurent une mobilit\u00e9 fluide, facilitant le d\u00e9placement du chariot aussi bien \u00e0 l&rsquo;int\u00e9rieur qu&rsquo;\u00e0 l&rsquo;ext\u00e9rieur. De plus, la partie inf\u00e9rieure int\u00e8gre des espaces d\u00e9di\u00e9s pour stabiliser les bouteilles, \u00e9vitant ainsi les renversements.<\/p>\n<p>Id\u00e9al pour les repas en terrasse, les r\u00e9ceptions ou simplement pour ajouter une touche sophistiqu\u00e9e \u00e0 votre espace de vie, ce chariot de service est \u00e0 la fois esth\u00e9tique et fonctionnel.<\/p>","protected":false},"excerpt":{"rendered":"<p>Ce chariot de service en bois est con\u00e7u pour allier \u00e9l\u00e9gance et fonctionnalit\u00e9. Fabriqu\u00e9 en bois massif, il arbore une finition naturelle qui met en valeur son style rustique et chaleureux. Il est \u00e9quip\u00e9 de deux niveaux de rangement, dont un plateau amovible sur la partie sup\u00e9rieure, offrant une grande praticit\u00e9 pour servir boissons et [&hellip;]<\/p>","protected":false},"featured_media":17494,"comment_status":"open","ping_status":"closed","template":"","meta":[],"product_brand":[],"product_cat":[998],"product_tag":[],"class_list":{"0":"post-17493","1":"product","2":"type-product","3":"status-publish","4":"has-post-thumbnail","6":"product_cat-decoration","8":"first","9":"instock","10":"shipping-taxable","11":"purchasable","12":"product-type-simple","13":"add-to-wishlist-after_add_to_cart"},"_links":{"self":[{"href":"https:\/\/twentyninestore.com\/en\/wp-json\/wp\/v2\/product\/17493","targetHints":{"allow":["GET"]}}],"collection":[{"href":"https:\/\/twentyninestore.com\/en\/wp-json\/wp\/v2\/product"}],"about":[{"href":"https:\/\/twentyninestore.com\/en\/wp-json\/wp\/v2\/types\/product"}],"replies":[{"embeddable":true,"href":"https:\/\/twentyninestore.com\/en\/wp-json\/wp\/v2\/comments?post=17493"}],"version-history":[{"count":1,"href":"https:\/\/twentyninestore.com\/en\/wp-json\/wp\/v2\/product\/17493\/revisions"}],"predecessor-version":[{"id":17495,"href":"https:\/\/twentyninestore.com\/en\/wp-json\/wp\/v2\/product\/17493\/revisions\/17495"}],"wp:featuredmedia":[{"embeddable":true,"href":"https:\/\/twentyninestore.com\/en\/wp-json\/wp\/v2\/media\/17494"}],"wp:attachment":[{"href":"https:\/\/twentyninestore.com\/en\/wp-json\/wp\/v2\/media?parent=17493"}],"wp:term":[{"taxonomy":"product_brand","embeddable":true,"href":"https:\/\/twentyninestore.com\/en\/wp-json\/wp\/v2\/product_brand?post=17493"},{"taxonomy":"product_cat","embeddable":true,"href":"https:\/\/twentyninestore.com\/en\/wp-json\/wp\/v2\/product_cat?post=17493"},{"taxonomy":"product_tag","embeddable":true,"href":"https:\/\/twentyninestore.com\/en\/wp-json\/wp\/v2\/product_tag?post=17493"}],"curies":[{"name":"wp","href":"https:\/\/api.w.org\/{rel}","templated":true}]}}