{"id":17516,"date":"2025-04-15T12:13:23","date_gmt":"2025-04-15T12:13:23","guid":{"rendered":"https:\/\/twentyninestore.com\/?post_type=product&#038;p=17516"},"modified":"2025-04-15T12:14:49","modified_gmt":"2025-04-15T12:14:49","slug":"porte-serviettes-mural-en-aluminium","status":"publish","type":"product","link":"https:\/\/twentyninestore.com\/en\/product\/porte-serviettes-mural-en-aluminium\/","title":{"rendered":"Porte-serviettes mural en aluminium"},"content":{"rendered":"<p>La solution parfaite pour une salle de bain organis\u00e9e ! \ud83d\udec1<\/p>\n<p>Offrez \u00e0 votre salle de bain un espace de rangement optimis\u00e9 pour vos serviettes avec ce porte-serviettes \u00e9l\u00e9gant et pratique. Fabriqu\u00e9 en aluminium de haute qualit\u00e9, il est con\u00e7u pour durer tout en gardant vos serviettes propres et accessibles.<\/p>\n<p>\u2728 Caract\u00e9ristiques principales :<\/p>\n<p>Rangement efficace : Gardez vos serviettes bien organis\u00e9es, s\u00e8ches et \u00e0 port\u00e9e de main gr\u00e2ce \u00e0 ce porte-serviettes multiple, id\u00e9al pour les salles de bain modernes.<\/p>\n<p>Construction en aluminium durable : R\u00e9sistant \u00e0 la rouille, \u00e0 la corrosion et \u00e0 l&rsquo;usure quotidienne, parfait pour une utilisation dans un environnement humide.<\/p>\n<p>Design compact et mural : Installation facile sur n&rsquo;importe quel mur, \u00e9conomisant l&rsquo;espace au sol et gardant votre salle de bain d\u00e9gag\u00e9e.<\/p>\n<p>\ud83c\udf1f Avantages :<\/p>\n<p>Utilisation optimale de l&rsquo;espace vertical : Id\u00e9al pour maximiser l&rsquo;espace disponible et organiser vos essentiels de salle de bain.<\/p>\n<p>Acc\u00e8s rapide et facile : La conception ouverte permet de saisir vos serviettes en un clin d&rsquo;\u0153il.<\/p>\n<p>Design \u00e0 plusieurs niveaux : Permet de ranger plusieurs serviettes dans un espace compact.<\/p>\n<p>Sp\u00e9cifications :<\/p>\n<p>En aluminium avec des connecteurs en plastique qui ( en kit )<\/p>\n<p>Dimensions : 55 x 20 x 17,5 cm<\/p>\n<p>Organisez votre salle de bain avec style et fonctionnalit\u00e9 ! \ud83e\uddfa<\/p>","protected":false},"excerpt":{"rendered":"<p>La solution parfaite pour une salle de bain organis\u00e9e ! \ud83d\udec1 Offrez \u00e0 votre salle de bain un espace de rangement optimis\u00e9 pour vos serviettes avec ce porte-serviettes \u00e9l\u00e9gant et pratique. Fabriqu\u00e9 en aluminium de haute qualit\u00e9, il est con\u00e7u pour durer tout en gardant vos serviettes propres et accessibles. \u2728 Caract\u00e9ristiques principales : Rangement [&hellip;]<\/p>","protected":false},"featured_media":17521,"comment_status":"open","ping_status":"closed","template":"","meta":[],"product_brand":[],"product_cat":[1003],"product_tag":[],"class_list":{"0":"post-17516","1":"product","2":"type-product","3":"status-publish","4":"has-post-thumbnail","6":"product_cat-rangement-organisation","8":"first","9":"instock","10":"shipping-taxable","11":"purchasable","12":"product-type-simple","13":"add-to-wishlist-after_add_to_cart"},"_links":{"self":[{"href":"https:\/\/twentyninestore.com\/en\/wp-json\/wp\/v2\/product\/17516","targetHints":{"allow":["GET"]}}],"collection":[{"href":"https:\/\/twentyninestore.com\/en\/wp-json\/wp\/v2\/product"}],"about":[{"href":"https:\/\/twentyninestore.com\/en\/wp-json\/wp\/v2\/types\/product"}],"replies":[{"embeddable":true,"href":"https:\/\/twentyninestore.com\/en\/wp-json\/wp\/v2\/comments?post=17516"}],"version-history":[{"count":1,"href":"https:\/\/twentyninestore.com\/en\/wp-json\/wp\/v2\/product\/17516\/revisions"}],"predecessor-version":[{"id":17517,"href":"https:\/\/twentyninestore.com\/en\/wp-json\/wp\/v2\/product\/17516\/revisions\/17517"}],"wp:featuredmedia":[{"embeddable":true,"href":"https:\/\/twentyninestore.com\/en\/wp-json\/wp\/v2\/media\/17521"}],"wp:attachment":[{"href":"https:\/\/twentyninestore.com\/en\/wp-json\/wp\/v2\/media?parent=17516"}],"wp:term":[{"taxonomy":"product_brand","embeddable":true,"href":"https:\/\/twentyninestore.com\/en\/wp-json\/wp\/v2\/product_brand?post=17516"},{"taxonomy":"product_cat","embeddable":true,"href":"https:\/\/twentyninestore.com\/en\/wp-json\/wp\/v2\/product_cat?post=17516"},{"taxonomy":"product_tag","embeddable":true,"href":"https:\/\/twentyninestore.com\/en\/wp-json\/wp\/v2\/product_tag?post=17516"}],"curies":[{"name":"wp","href":"https:\/\/api.w.org\/{rel}","templated":true}]}}