{"id":17590,"date":"2025-04-16T10:24:57","date_gmt":"2025-04-16T10:24:57","guid":{"rendered":"https:\/\/twentyninestore.com\/?post_type=product&#038;p=17590"},"modified":"2025-04-16T10:25:20","modified_gmt":"2025-04-16T10:25:20","slug":"element-decoratif","status":"publish","type":"product","link":"https:\/\/twentyninestore.com\/en\/product\/element-decoratif\/","title":{"rendered":"El\u00e9ment d\u00e9coratif"},"content":{"rendered":"<ul>\n<li>D\u00e9couvrez nos \u00e9tag\u00e8res \u00e9l\u00e9gantes, alliant fonctionnalit\u00e9 et style pour sublimer votre int\u00e9rieur. Parfaites pour exposer vos objets pr\u00e9f\u00e9r\u00e9s tout en optimisant l\u2019espace, nos \u00e9tag\u00e8res ajoutent une touche de sophistication \u00e0 chaque pi\u00e8ce. Offrez-vous le mariage parfait entre praticit\u00e9 et esth\u00e9tique avec nos meubles \u00e9tag\u00e8res haut de gamme<\/li>\n<li>dimensions: H= 85 L=40 P=12<\/li>\n<\/ul>","protected":false},"excerpt":{"rendered":"<p>D\u00e9couvrez nos \u00e9tag\u00e8res \u00e9l\u00e9gantes, alliant fonctionnalit\u00e9 et style pour sublimer votre int\u00e9rieur. Parfaites pour exposer vos objets pr\u00e9f\u00e9r\u00e9s tout en optimisant l\u2019espace, nos \u00e9tag\u00e8res ajoutent une touche de sophistication \u00e0 chaque pi\u00e8ce. Offrez-vous le mariage parfait entre praticit\u00e9 et esth\u00e9tique avec nos meubles \u00e9tag\u00e8res haut de gamme dimensions: H= 85 L=40 P=12<\/p>","protected":false},"featured_media":17592,"comment_status":"open","ping_status":"closed","template":"","meta":[],"product_brand":[],"product_cat":[998],"product_tag":[],"class_list":{"0":"post-17590","1":"product","2":"type-product","3":"status-publish","4":"has-post-thumbnail","6":"product_cat-decoration","8":"first","9":"outofstock","10":"shipping-taxable","11":"product-type-simple","12":"add-to-wishlist-after_add_to_cart"},"_links":{"self":[{"href":"https:\/\/twentyninestore.com\/en\/wp-json\/wp\/v2\/product\/17590","targetHints":{"allow":["GET"]}}],"collection":[{"href":"https:\/\/twentyninestore.com\/en\/wp-json\/wp\/v2\/product"}],"about":[{"href":"https:\/\/twentyninestore.com\/en\/wp-json\/wp\/v2\/types\/product"}],"replies":[{"embeddable":true,"href":"https:\/\/twentyninestore.com\/en\/wp-json\/wp\/v2\/comments?post=17590"}],"version-history":[{"count":1,"href":"https:\/\/twentyninestore.com\/en\/wp-json\/wp\/v2\/product\/17590\/revisions"}],"predecessor-version":[{"id":17594,"href":"https:\/\/twentyninestore.com\/en\/wp-json\/wp\/v2\/product\/17590\/revisions\/17594"}],"wp:featuredmedia":[{"embeddable":true,"href":"https:\/\/twentyninestore.com\/en\/wp-json\/wp\/v2\/media\/17592"}],"wp:attachment":[{"href":"https:\/\/twentyninestore.com\/en\/wp-json\/wp\/v2\/media?parent=17590"}],"wp:term":[{"taxonomy":"product_brand","embeddable":true,"href":"https:\/\/twentyninestore.com\/en\/wp-json\/wp\/v2\/product_brand?post=17590"},{"taxonomy":"product_cat","embeddable":true,"href":"https:\/\/twentyninestore.com\/en\/wp-json\/wp\/v2\/product_cat?post=17590"},{"taxonomy":"product_tag","embeddable":true,"href":"https:\/\/twentyninestore.com\/en\/wp-json\/wp\/v2\/product_tag?post=17590"}],"curies":[{"name":"wp","href":"https:\/\/api.w.org\/{rel}","templated":true}]}}