{"id":14773,"date":"2025-02-20T12:39:07","date_gmt":"2025-02-20T12:39:07","guid":{"rendered":"https:\/\/twentyninestore.com\/?post_type=product&#038;p=14773"},"modified":"2025-04-10T11:46:41","modified_gmt":"2025-04-10T11:46:41","slug":"huile-pour-corps-relaxant-dermafig","status":"publish","type":"product","link":"https:\/\/twentyninestore.com\/fr_fr\/product\/huile-pour-corps-relaxant-dermafig\/","title":{"rendered":"Huile Pour corps relaxant DERMAFIG"},"content":{"rendered":"<p>Huile de massage corporelle anti-stress relaxante,<\/p>\n<p>une formule soigneusement con\u00e7ue pour vous offrir une exp\u00e9rience profond\u00e9ment relaxante et des soins de la peau luxueux.<\/p>\n<p>Enrichie en huile d&rsquo;argan connue pour ses propri\u00e9t\u00e9s nourrissantes et hydratantes, cette huile p\u00e9n\u00e8tre en profondeur pour adoucir et revitaliser votre peau tout en maintenant son \u00e9quilibre naturel. L&rsquo;ajout d&rsquo;huile de graines de fugue de Barbarie et d&rsquo;huile de macadamia fournit une richesse de nutriments essentiels, favorisant une peau tonique et revitalis\u00e9e. Les huiles essentielles de lavande et de camomille<\/p>\n<p>sont au c\u0153ur de cette formule, chacune contribuant \u00e0 un effet calmant et \u00e9quilibrant. L&rsquo;huile essentielle de lavande est r\u00e9put\u00e9e pour son action relaxante qui aide \u00e0 soulager le stress et les tensions, tandis que l&rsquo;huile essentielle de camomille ajoute une touche de fra\u00eecheur et de l\u00e9g\u00e8ret\u00e9, favorisant un \u00e9tat de calme et am\u00e9liorant l&rsquo;humeur. Enfin, la Vitamine E offre de puissantes propri\u00e9t\u00e9s antioxydantes, prot\u00e9geant la peau des agressions ext\u00e9rieures et contribuant \u00e0 son \u00e9clat et sa jeunesse.<\/p>\n<p>Appliquez cette huile par des massages doux pour une sensation de bien-\u00eatre total, une peau profond\u00e9ment hydrat\u00e9e et une relaxation compl\u00e8te<\/p>\n","protected":false},"excerpt":{"rendered":"<p>Huile de massage corporelle anti-stress relaxante, une formule soigneusement con\u00e7ue pour vous offrir une exp\u00e9rience profond\u00e9ment relaxante et des soins de la peau luxueux. Enrichie en huile d&rsquo;argan connue pour ses propri\u00e9t\u00e9s nourrissantes et hydratantes, cette huile p\u00e9n\u00e8tre en profondeur pour adoucir et revitaliser votre peau tout en maintenant son \u00e9quilibre naturel. L&rsquo;ajout d&rsquo;huile de [&hellip;]<\/p>\n","protected":false},"featured_media":17078,"comment_status":"open","ping_status":"closed","template":"","meta":[],"product_brand":[],"product_cat":[1019],"product_tag":[],"class_list":{"0":"post-14773","1":"product","2":"type-product","3":"status-publish","4":"has-post-thumbnail","6":"product_cat-soins-du-corps","8":"first","9":"instock","10":"shipping-taxable","11":"purchasable","12":"product-type-simple","13":"add-to-wishlist-after_add_to_cart"},"_links":{"self":[{"href":"https:\/\/twentyninestore.com\/fr_fr\/wp-json\/wp\/v2\/product\/14773","targetHints":{"allow":["GET"]}}],"collection":[{"href":"https:\/\/twentyninestore.com\/fr_fr\/wp-json\/wp\/v2\/product"}],"about":[{"href":"https:\/\/twentyninestore.com\/fr_fr\/wp-json\/wp\/v2\/types\/product"}],"replies":[{"embeddable":true,"href":"https:\/\/twentyninestore.com\/fr_fr\/wp-json\/wp\/v2\/comments?post=14773"}],"version-history":[{"count":2,"href":"https:\/\/twentyninestore.com\/fr_fr\/wp-json\/wp\/v2\/product\/14773\/revisions"}],"predecessor-version":[{"id":14777,"href":"https:\/\/twentyninestore.com\/fr_fr\/wp-json\/wp\/v2\/product\/14773\/revisions\/14777"}],"wp:featuredmedia":[{"embeddable":true,"href":"https:\/\/twentyninestore.com\/fr_fr\/wp-json\/wp\/v2\/media\/17078"}],"wp:attachment":[{"href":"https:\/\/twentyninestore.com\/fr_fr\/wp-json\/wp\/v2\/media?parent=14773"}],"wp:term":[{"taxonomy":"product_brand","embeddable":true,"href":"https:\/\/twentyninestore.com\/fr_fr\/wp-json\/wp\/v2\/product_brand?post=14773"},{"taxonomy":"product_cat","embeddable":true,"href":"https:\/\/twentyninestore.com\/fr_fr\/wp-json\/wp\/v2\/product_cat?post=14773"},{"taxonomy":"product_tag","embeddable":true,"href":"https:\/\/twentyninestore.com\/fr_fr\/wp-json\/wp\/v2\/product_tag?post=14773"}],"curies":[{"name":"wp","href":"https:\/\/api.w.org\/{rel}","templated":true}]}}