{"id":15975,"date":"2025-03-28T01:22:55","date_gmt":"2025-03-28T01:22:55","guid":{"rendered":"https:\/\/twentyninestore.com\/?post_type=product&#038;p=15975"},"modified":"2025-04-13T18:19:04","modified_gmt":"2025-04-13T18:19:04","slug":"distributeur-de-savon-2-en-1-pour-evier-de-cuisine","status":"publish","type":"product","link":"https:\/\/twentyninestore.com\/fr_fr\/product\/distributeur-de-savon-2-en-1-pour-evier-de-cuisine\/","title":{"rendered":"Distributeur de savon 2 en 1 pour \u00e9vier de cuisine"},"content":{"rendered":"<ul>\n<li>Design innovant : le design traditionnel n\u00e9cessite deux mains pour extraire le savon \u00e0 vaisselle, et le nouveau design int\u00e8gre une \u00e9ponge, un plateau et un distributeur de savon qui permettent \u00e0 lutilisateur dextraire le savon dune seule main. Con\u00e7u pour distribuer du savon \u00e0 une main pour laver la vaisselle plus pratique.<\/li>\n<\/ul>\n","protected":false},"excerpt":{"rendered":"<p>FE-DMCAT001<\/p>\n","protected":false},"featured_media":16588,"comment_status":"open","ping_status":"closed","template":"","meta":[],"product_brand":[],"product_cat":[1056],"product_tag":[],"class_list":{"0":"post-15975","1":"product","2":"type-product","3":"status-publish","4":"has-post-thumbnail","6":"product_cat-petits-equipements-et-ustensiles","8":"first","9":"instock","10":"shipping-taxable","11":"purchasable","12":"product-type-simple","13":"add-to-wishlist-after_add_to_cart"},"_links":{"self":[{"href":"https:\/\/twentyninestore.com\/fr_fr\/wp-json\/wp\/v2\/product\/15975","targetHints":{"allow":["GET"]}}],"collection":[{"href":"https:\/\/twentyninestore.com\/fr_fr\/wp-json\/wp\/v2\/product"}],"about":[{"href":"https:\/\/twentyninestore.com\/fr_fr\/wp-json\/wp\/v2\/types\/product"}],"replies":[{"embeddable":true,"href":"https:\/\/twentyninestore.com\/fr_fr\/wp-json\/wp\/v2\/comments?post=15975"}],"version-history":[{"count":1,"href":"https:\/\/twentyninestore.com\/fr_fr\/wp-json\/wp\/v2\/product\/15975\/revisions"}],"predecessor-version":[{"id":15981,"href":"https:\/\/twentyninestore.com\/fr_fr\/wp-json\/wp\/v2\/product\/15975\/revisions\/15981"}],"wp:featuredmedia":[{"embeddable":true,"href":"https:\/\/twentyninestore.com\/fr_fr\/wp-json\/wp\/v2\/media\/16588"}],"wp:attachment":[{"href":"https:\/\/twentyninestore.com\/fr_fr\/wp-json\/wp\/v2\/media?parent=15975"}],"wp:term":[{"taxonomy":"product_brand","embeddable":true,"href":"https:\/\/twentyninestore.com\/fr_fr\/wp-json\/wp\/v2\/product_brand?post=15975"},{"taxonomy":"product_cat","embeddable":true,"href":"https:\/\/twentyninestore.com\/fr_fr\/wp-json\/wp\/v2\/product_cat?post=15975"},{"taxonomy":"product_tag","embeddable":true,"href":"https:\/\/twentyninestore.com\/fr_fr\/wp-json\/wp\/v2\/product_tag?post=15975"}],"curies":[{"name":"wp","href":"https:\/\/api.w.org\/{rel}","templated":true}]}}