{"id":15982,"date":"2025-03-28T01:25:36","date_gmt":"2025-03-28T01:25:36","guid":{"rendered":"https:\/\/twentyninestore.com\/?post_type=product&#038;p=15982"},"modified":"2025-04-13T18:19:55","modified_gmt":"2025-04-13T18:19:55","slug":"coupe-frites-en-acier-inoxydable","status":"publish","type":"product","link":"https:\/\/twentyninestore.com\/fr_fr\/product\/coupe-frites-en-acier-inoxydable\/","title":{"rendered":"Coupe Frites en Acier Inoxydable"},"content":{"rendered":"<ul>\n<li>\u3010Machine de D\u00e9coupe de Frites Professionnelle\u3011 Ce coupe frites est sp\u00e9cialement con\u00e7u pour les frites, \u00e9quip\u00e9 de deux moules \u00e0 lames diff\u00e9rents avec 36 et 64 lames de coupe interchangeables pour r\u00e9pondre \u00e0 vos diff\u00e9rents besoins en mati\u00e8re d\u00e9paisseur et de forme de frites. Que ce soit \u00e0 la maison ou dans une cuisine commerciale, cette trancheuse est id\u00e9ale pour la pr\u00e9paration professionnelle de frites, apportant plus de cr\u00e9ativit\u00e9 et de plaisir \u00e0 votre cuisine.<\/li>\n<\/ul>\n","protected":false},"excerpt":{"rendered":"<p>FE-DMCAT002<\/p>\n","protected":false},"featured_media":15983,"comment_status":"open","ping_status":"closed","template":"","meta":[],"product_brand":[],"product_cat":[1056],"product_tag":[],"class_list":{"0":"post-15982","1":"product","2":"type-product","3":"status-publish","4":"has-post-thumbnail","6":"product_cat-petits-equipements-et-ustensiles","8":"first","9":"instock","10":"shipping-taxable","11":"purchasable","12":"product-type-simple","13":"add-to-wishlist-after_add_to_cart"},"_links":{"self":[{"href":"https:\/\/twentyninestore.com\/fr_fr\/wp-json\/wp\/v2\/product\/15982","targetHints":{"allow":["GET"]}}],"collection":[{"href":"https:\/\/twentyninestore.com\/fr_fr\/wp-json\/wp\/v2\/product"}],"about":[{"href":"https:\/\/twentyninestore.com\/fr_fr\/wp-json\/wp\/v2\/types\/product"}],"replies":[{"embeddable":true,"href":"https:\/\/twentyninestore.com\/fr_fr\/wp-json\/wp\/v2\/comments?post=15982"}],"version-history":[{"count":1,"href":"https:\/\/twentyninestore.com\/fr_fr\/wp-json\/wp\/v2\/product\/15982\/revisions"}],"predecessor-version":[{"id":15988,"href":"https:\/\/twentyninestore.com\/fr_fr\/wp-json\/wp\/v2\/product\/15982\/revisions\/15988"}],"wp:featuredmedia":[{"embeddable":true,"href":"https:\/\/twentyninestore.com\/fr_fr\/wp-json\/wp\/v2\/media\/15983"}],"wp:attachment":[{"href":"https:\/\/twentyninestore.com\/fr_fr\/wp-json\/wp\/v2\/media?parent=15982"}],"wp:term":[{"taxonomy":"product_brand","embeddable":true,"href":"https:\/\/twentyninestore.com\/fr_fr\/wp-json\/wp\/v2\/product_brand?post=15982"},{"taxonomy":"product_cat","embeddable":true,"href":"https:\/\/twentyninestore.com\/fr_fr\/wp-json\/wp\/v2\/product_cat?post=15982"},{"taxonomy":"product_tag","embeddable":true,"href":"https:\/\/twentyninestore.com\/fr_fr\/wp-json\/wp\/v2\/product_tag?post=15982"}],"curies":[{"name":"wp","href":"https:\/\/api.w.org\/{rel}","templated":true}]}}