{"id":15993,"date":"2025-03-28T01:30:47","date_gmt":"2025-03-28T01:30:47","guid":{"rendered":"https:\/\/twentyninestore.com\/?post_type=product&#038;p=15993"},"modified":"2025-04-13T18:22:33","modified_gmt":"2025-04-13T18:22:33","slug":"purificateur-deau-du-robinet","status":"publish","type":"product","link":"https:\/\/twentyninestore.com\/fr_fr\/product\/purificateur-deau-du-robinet\/","title":{"rendered":"Purificateur d&rsquo;Eau du Robinet"},"content":{"rendered":"<ul>\n<li>Facile \u00e0 installer et \u00e0 utiliser: Facile \u00e0 installer et \u00e0 utiliser.<\/li>\n<li>R\u00e9sistant \u00e0 la corrosion: Mat\u00e9riau abs de haute qualit\u00e9, r\u00e9sistant \u00e0 la corrosion, durable. S\u00fbr, non toxique et r\u00e9sistant \u00e0 la corrosion. Surface trait\u00e9e avec placage, antirouille, r\u00e9sistant \u00e0 la corrosion, r\u00e9sistant \u00e0 l&rsquo;usure, robuste et durable.<\/li>\n<li>Facilit\u00e9 d&rsquo;utilisation: Robinet \u00e0 bascule avec interrupteur de sortie d&rsquo;eau, d\u00e9bit d&rsquo;eau doux et contr\u00f4lable pour assurer un d\u00e9bit d&rsquo;eau optimal. Pour un r\u00e9glage fin et facilit\u00e9 de nettoyage.<\/li>\n<li>Pratique \u00e0 installer: La sortie d&rsquo;eau est facile \u00e0 installer et l&rsquo;op\u00e9ration est simple, ce qui vous permet de gagner du temps. Le robinet de la machine \u00e0 laver est facile \u00e0 installer et peut \u00eatre compl\u00e9t\u00e9 en quelques \u00e9tapes simples. Conception pratique \u00e0 installer, simple et pratique.<\/li>\n<li>Performances stables: La production de pr\u00e9cision, des performances stables, une large plage d&rsquo;utilisation du commutateur, etc.<\/li>\n<\/ul>\n","protected":false},"excerpt":{"rendered":"<p>FE-DMCAT004<\/p>\n","protected":false},"featured_media":15994,"comment_status":"open","ping_status":"closed","template":"","meta":[],"product_brand":[],"product_cat":[1056],"product_tag":[],"class_list":{"0":"post-15993","1":"product","2":"type-product","3":"status-publish","4":"has-post-thumbnail","6":"product_cat-petits-equipements-et-ustensiles","8":"first","9":"instock","10":"shipping-taxable","11":"purchasable","12":"product-type-simple","13":"add-to-wishlist-after_add_to_cart"},"_links":{"self":[{"href":"https:\/\/twentyninestore.com\/fr_fr\/wp-json\/wp\/v2\/product\/15993","targetHints":{"allow":["GET"]}}],"collection":[{"href":"https:\/\/twentyninestore.com\/fr_fr\/wp-json\/wp\/v2\/product"}],"about":[{"href":"https:\/\/twentyninestore.com\/fr_fr\/wp-json\/wp\/v2\/types\/product"}],"replies":[{"embeddable":true,"href":"https:\/\/twentyninestore.com\/fr_fr\/wp-json\/wp\/v2\/comments?post=15993"}],"version-history":[{"count":1,"href":"https:\/\/twentyninestore.com\/fr_fr\/wp-json\/wp\/v2\/product\/15993\/revisions"}],"predecessor-version":[{"id":15999,"href":"https:\/\/twentyninestore.com\/fr_fr\/wp-json\/wp\/v2\/product\/15993\/revisions\/15999"}],"wp:featuredmedia":[{"embeddable":true,"href":"https:\/\/twentyninestore.com\/fr_fr\/wp-json\/wp\/v2\/media\/15994"}],"wp:attachment":[{"href":"https:\/\/twentyninestore.com\/fr_fr\/wp-json\/wp\/v2\/media?parent=15993"}],"wp:term":[{"taxonomy":"product_brand","embeddable":true,"href":"https:\/\/twentyninestore.com\/fr_fr\/wp-json\/wp\/v2\/product_brand?post=15993"},{"taxonomy":"product_cat","embeddable":true,"href":"https:\/\/twentyninestore.com\/fr_fr\/wp-json\/wp\/v2\/product_cat?post=15993"},{"taxonomy":"product_tag","embeddable":true,"href":"https:\/\/twentyninestore.com\/fr_fr\/wp-json\/wp\/v2\/product_tag?post=15993"}],"curies":[{"name":"wp","href":"https:\/\/api.w.org\/{rel}","templated":true}]}}